{"id":98,"date":"2020-09-29T22:52:47","date_gmt":"2020-09-30T03:52:47","guid":{"rendered":"https:\/\/zoeandzoe.com\/col\/?post_type=product&#038;p=98"},"modified":"2023-06-11T00:26:20","modified_gmt":"2023-06-11T05:26:20","slug":"revlon-hair-dryer-and-volumizer","status":"publish","type":"product","link":"https:\/\/zoeandzoe.com\/col\/producto\/revlon-hair-dryer-and-volumizer\/","title":{"rendered":"Revlon Hair Dryer and Volumizer"},"content":{"rendered":"<p><span data-sheets-value=\"{&quot;1&quot;:2,&quot;2&quot;:&quot;Con este cepillo 2 en 1, Secador y Voluminizador podr\u00e1s secar tu cabello hasta en la mitad del tiempo de lo que tardas utilizando una combinaci\u00f3n tradicional de secador y cepillo, reduciendo la exposici\u00f3n al calor para reducir el da\u00f1o al cabello y minimizar el nivel de frizz.Con su doble combinaci\u00f3n de cerdas naturales y de nylon, vas creando el estilo que t\u00fa quieres; las cerdas m\u00e1s largas van desenredando y separando el cabello mientras que las m\u00e1s cortas toman el cabello desde la ra\u00edz generando tensi\u00f3n, maximizando el volumen arriba de la cabeza, en las puntas del cabello o donde t\u00fa lo quieras. Posee un generador de iones encargados de bajar el frizz y de romper las mol\u00e9culas de agua que te permitir\u00e1n secar tu cabello de forma m\u00e1s r\u00e1pida.&quot;}\" data-sheets-userformat=\"{&quot;2&quot;:769,&quot;3&quot;:{&quot;1&quot;:0},&quot;11&quot;:4,&quot;12&quot;:0}\">Con este cepillo 2 en 1, Secador y Voluminizador podr\u00e1s secar tu cabello hasta en la mitad del tiempo de lo que tardas utilizando una combinaci\u00f3n tradicional de secador y cepillo, reduciendo la exposici\u00f3n al calor para reducir el da\u00f1o al cabello y minimizar el nivel de frizz. Con su doble combinaci\u00f3n de cerdas naturales y de nylon, vas creando el estilo que t\u00fa quieres; las cerdas m\u00e1s largas van desenredando y separando el cabello mientras que las m\u00e1s cortas toman el cabello desde la ra\u00edz generando tensi\u00f3n, maximizando el volumen arriba de la cabeza, en las puntas del cabello o donde t\u00fa lo quieras. Posee un generador de iones encargados de bajar el frizz y de romper las mol\u00e9culas de agua que te permitir\u00e1n secar tu cabello de forma m\u00e1s r\u00e1pida.<\/span><\/p>\n","protected":false},"excerpt":{"rendered":"<p>Con este cepillo 2 en 1, Secador y Voluminizador podr\u00e1s secar tu cabello hasta en la mitad del tiempo de lo que tardas utilizando una combinaci\u00f3n tradicional de secador y cepillo, reduciendo la exposici\u00f3n al calor para reducir el da\u00f1o al cabello y minimizar el nivel de frizz. Con su doble combinaci\u00f3n de cerdas naturales [&hellip;]<\/p>\n","protected":false},"featured_media":607,"template":"","meta":{"_et_pb_use_builder":"on","_et_pb_old_content":"<span data-sheets-value=\"{&quot;1&quot;:2,&quot;2&quot;:&quot;Con este cepillo 2 en 1, Secador y Voluminizador podr\u00e1s secar tu cabello hasta en la mitad del tiempo de lo que tardas utilizando una combinaci\u00f3n tradicional de secador y cepillo, reduciendo la exposici\u00f3n al calor para reducir el da\u00f1o al cabello y minimizar el nivel de frizz.Con su doble combinaci\u00f3n de cerdas naturales y de nylon, vas creando el estilo que t\u00fa quieres; las cerdas m\u00e1s largas van desenredando y separando el cabello mientras que las m\u00e1s cortas toman el cabello desde la ra\u00edz generando tensi\u00f3n, maximizando el volumen arriba de la cabeza, en las puntas del cabello o donde t\u00fa lo quieras. Posee un generador de iones encargados de bajar el frizz y de romper las mol\u00e9culas de agua que te permitir\u00e1n secar tu cabello de forma m\u00e1s r\u00e1pida.&quot;}\" data-sheets-userformat=\"{&quot;2&quot;:769,&quot;3&quot;:{&quot;1&quot;:0},&quot;11&quot;:4,&quot;12&quot;:0}\">Con este cepillo 2 en 1, Secador y Voluminizador podr\u00e1s secar tu cabello hasta en la mitad del tiempo de lo que tardas utilizando una combinaci\u00f3n tradicional de secador y cepillo, reduciendo la exposici\u00f3n al calor para reducir el da\u00f1o al cabello y minimizar el nivel de frizz. Con su doble combinaci\u00f3n de cerdas naturales y de nylon, vas creando el estilo que t\u00fa quieres; las cerdas m\u00e1s largas van desenredando y separando el cabello mientras que las m\u00e1s cortas toman el cabello desde la ra\u00edz generando tensi\u00f3n, maximizando el volumen arriba de la cabeza, en las puntas del cabello o donde t\u00fa lo quieras. Posee un generador de iones encargados de bajar el frizz y de romper las mol\u00e9culas de agua que te permitir\u00e1n secar tu cabello de forma m\u00e1s r\u00e1pida.<\/span>","_et_gb_content_width":""},"product_brand":[],"product_cat":[17,24],"product_tag":[],"class_list":{"0":"post-98","1":"product","2":"type-product","3":"status-publish","4":"has-post-thumbnail","6":"product_cat-cuidado-capilar","7":"product_cat-secadores","9":"first","10":"outofstock","11":"taxable","12":"shipping-taxable","13":"purchasable","14":"product-type-simple"},"_links":{"self":[{"href":"https:\/\/zoeandzoe.com\/col\/wp-json\/wp\/v2\/product\/98","targetHints":{"allow":["GET"]}}],"collection":[{"href":"https:\/\/zoeandzoe.com\/col\/wp-json\/wp\/v2\/product"}],"about":[{"href":"https:\/\/zoeandzoe.com\/col\/wp-json\/wp\/v2\/types\/product"}],"wp:featuredmedia":[{"embeddable":true,"href":"https:\/\/zoeandzoe.com\/col\/wp-json\/wp\/v2\/media\/607"}],"wp:attachment":[{"href":"https:\/\/zoeandzoe.com\/col\/wp-json\/wp\/v2\/media?parent=98"}],"wp:term":[{"taxonomy":"product_brand","embeddable":true,"href":"https:\/\/zoeandzoe.com\/col\/wp-json\/wp\/v2\/product_brand?post=98"},{"taxonomy":"product_cat","embeddable":true,"href":"https:\/\/zoeandzoe.com\/col\/wp-json\/wp\/v2\/product_cat?post=98"},{"taxonomy":"product_tag","embeddable":true,"href":"https:\/\/zoeandzoe.com\/col\/wp-json\/wp\/v2\/product_tag?post=98"}],"curies":[{"name":"wp","href":"https:\/\/api.w.org\/{rel}","templated":true}]}}