{"id":97,"date":"2020-09-29T22:06:25","date_gmt":"2020-09-30T03:06:25","guid":{"rendered":"https:\/\/zoeandzoe.com\/col\/?post_type=product&#038;p=97"},"modified":"2022-11-28T19:20:50","modified_gmt":"2022-11-29T00:20:50","slug":"vitamina-c-suspension-23-ha-spheres-2-the-ordinary-1-0-oz","status":"publish","type":"product","link":"https:\/\/zoeandzoe.com\/col\/producto\/vitamina-c-suspension-23-ha-spheres-2-the-ordinary-1-0-oz\/","title":{"rendered":"Vitamina C Suspension 23% + HA Spheres 2% The Ordinary 1.0 oz"},"content":{"rendered":"<p><span data-sheets-value=\"{&quot;1&quot;:2,&quot;2&quot;:&quot;La vitamina C es un antioxidante eficaz que aclara el tono de la piel y reduce la aparici\u00f3n de signos de envejecimiento. El tratamiento Vitamina C 23% + Esferas de \u00e1cido hialur\u00f3nico 2% est\u00e1 libre de agua y silicona proporcionando un 23% puro de \u00e1cido L-asc\u00f3rbico que permanece completamente estable debido a la ausencia de agua.&quot;}\" data-sheets-userformat=\"{&quot;2&quot;:769,&quot;3&quot;:{&quot;1&quot;:0},&quot;11&quot;:4,&quot;12&quot;:0}\">La vitamina C es un antioxidante eficaz que aclara el tono de la piel y reduce la aparici\u00f3n de signos de envejecimiento. El tratamiento Vitamina C 23% + Esferas de \u00e1cido hialur\u00f3nico 2% est\u00e1 libre de agua y silicona proporcionando un 23% puro de \u00e1cido L-asc\u00f3rbico que permanece completamente estable debido a la ausencia de agua.<\/span><\/p>\n","protected":false},"excerpt":{"rendered":"<p>La vitamina C es un antioxidante eficaz que aclara el tono de la piel y reduce la aparici\u00f3n de signos de envejecimiento. El tratamiento Vitamina C 23% + Esferas de \u00e1cido hialur\u00f3nico 2% est\u00e1 libre de agua y silicona proporcionando un 23% puro de \u00e1cido L-asc\u00f3rbico que permanece completamente estable debido a la ausencia de [&hellip;]<\/p>\n","protected":false},"featured_media":344,"template":"","meta":{"_et_pb_use_builder":"","_et_pb_old_content":"","_et_gb_content_width":""},"product_brand":[],"product_cat":[16,23],"product_tag":[],"class_list":{"0":"post-97","1":"product","2":"type-product","3":"status-publish","4":"has-post-thumbnail","6":"product_cat-cuidado-de-la-piel","7":"product_cat-hidratantes-y-tratamientos-faciales","9":"first","10":"instock","11":"sale","12":"taxable","13":"shipping-taxable","14":"purchasable","15":"product-type-simple"},"_links":{"self":[{"href":"https:\/\/zoeandzoe.com\/col\/wp-json\/wp\/v2\/product\/97","targetHints":{"allow":["GET"]}}],"collection":[{"href":"https:\/\/zoeandzoe.com\/col\/wp-json\/wp\/v2\/product"}],"about":[{"href":"https:\/\/zoeandzoe.com\/col\/wp-json\/wp\/v2\/types\/product"}],"wp:featuredmedia":[{"embeddable":true,"href":"https:\/\/zoeandzoe.com\/col\/wp-json\/wp\/v2\/media\/344"}],"wp:attachment":[{"href":"https:\/\/zoeandzoe.com\/col\/wp-json\/wp\/v2\/media?parent=97"}],"wp:term":[{"taxonomy":"product_brand","embeddable":true,"href":"https:\/\/zoeandzoe.com\/col\/wp-json\/wp\/v2\/product_brand?post=97"},{"taxonomy":"product_cat","embeddable":true,"href":"https:\/\/zoeandzoe.com\/col\/wp-json\/wp\/v2\/product_cat?post=97"},{"taxonomy":"product_tag","embeddable":true,"href":"https:\/\/zoeandzoe.com\/col\/wp-json\/wp\/v2\/product_tag?post=97"}],"curies":[{"name":"wp","href":"https:\/\/api.w.org\/{rel}","templated":true}]}}