{"id":95,"date":"2020-09-29T22:02:04","date_gmt":"2020-09-30T03:02:04","guid":{"rendered":"https:\/\/zoeandzoe.com\/col\/?post_type=product&#038;p=95"},"modified":"2022-08-05T22:13:32","modified_gmt":"2022-08-06T03:13:32","slug":"glicolic-acid-7-toning-solution-the-ordinary-8-oz","status":"publish","type":"product","link":"https:\/\/zoeandzoe.com\/col\/producto\/glicolic-acid-7-toning-solution-the-ordinary-8-oz\/","title":{"rendered":"Glycolic Acid 7% Toning Solution The Ordinary 8 oz"},"content":{"rendered":"<p><span data-sheets-value=\"{&quot;1&quot;:2,&quot;2&quot;:&quot;La solucion tonificante de acido glicolico al 7% de The Ordinary es una solucion tonificante que ofrece una exfoliacion suave para mejorar el brillo natural de la piel e igualar el tono pero de manera muy amigable con tu piel, limpia y descongestiona la piel, signos de envejecimiento. Esta formula tambien mejora la apariencia de la textura de la piel con el uso continuo. &quot;}\" data-sheets-userformat=\"{&quot;2&quot;:769,&quot;3&quot;:{&quot;1&quot;:0},&quot;11&quot;:4,&quot;12&quot;:0}\">La soluci\u00f3n tonificante de \u00e1cido glic\u00f3lico al 7% de The Ordinary es una soluci\u00f3n tonificante que ofrece una exfoliaci\u00f3n suave para mejorar el brillo natural de la piel e igualar el tono pero de manera muy amigable con tu piel. Limpia y descongestiona la piel y los signos de envejecimiento. Esta f\u00f3rmula tambi\u00e9n mejora la apariencia de la textura de la piel con el uso continuo. <\/span><\/p>\n","protected":false},"excerpt":{"rendered":"<p>La soluci\u00f3n tonificante de \u00e1cido glic\u00f3lico al 7% de The Ordinary es una soluci\u00f3n tonificante que ofrece una exfoliaci\u00f3n suave para mejorar el brillo natural de la piel e igualar el tono pero de manera muy amigable con tu piel. Limpia y descongestiona la piel y los signos de envejecimiento. Esta f\u00f3rmula tambi\u00e9n mejora la [&hellip;]<\/p>\n","protected":false},"featured_media":602,"template":"","meta":{"_et_pb_use_builder":"","_et_pb_old_content":"","_et_gb_content_width":""},"product_brand":[],"product_cat":[16,21,23],"product_tag":[],"class_list":{"0":"post-95","1":"product","2":"type-product","3":"status-publish","4":"has-post-thumbnail","6":"product_cat-cuidado-de-la-piel","7":"product_cat-tonicos","8":"product_cat-hidratantes-y-tratamientos-faciales","10":"first","11":"outofstock","12":"taxable","13":"shipping-taxable","14":"purchasable","15":"product-type-simple"},"_links":{"self":[{"href":"https:\/\/zoeandzoe.com\/col\/wp-json\/wp\/v2\/product\/95","targetHints":{"allow":["GET"]}}],"collection":[{"href":"https:\/\/zoeandzoe.com\/col\/wp-json\/wp\/v2\/product"}],"about":[{"href":"https:\/\/zoeandzoe.com\/col\/wp-json\/wp\/v2\/types\/product"}],"wp:featuredmedia":[{"embeddable":true,"href":"https:\/\/zoeandzoe.com\/col\/wp-json\/wp\/v2\/media\/602"}],"wp:attachment":[{"href":"https:\/\/zoeandzoe.com\/col\/wp-json\/wp\/v2\/media?parent=95"}],"wp:term":[{"taxonomy":"product_brand","embeddable":true,"href":"https:\/\/zoeandzoe.com\/col\/wp-json\/wp\/v2\/product_brand?post=95"},{"taxonomy":"product_cat","embeddable":true,"href":"https:\/\/zoeandzoe.com\/col\/wp-json\/wp\/v2\/product_cat?post=95"},{"taxonomy":"product_tag","embeddable":true,"href":"https:\/\/zoeandzoe.com\/col\/wp-json\/wp\/v2\/product_tag?post=95"}],"curies":[{"name":"wp","href":"https:\/\/api.w.org\/{rel}","templated":true}]}}