{"id":89,"date":"2020-09-29T21:42:12","date_gmt":"2020-09-30T02:42:12","guid":{"rendered":"https:\/\/zoeandzoe.com\/col\/?post_type=product&#038;p=89"},"modified":"2022-08-05T22:14:31","modified_gmt":"2022-08-06T03:14:31","slug":"azelaic-acid-suspension-the-ordinary-10-1-0-oz","status":"publish","type":"product","link":"https:\/\/zoeandzoe.com\/col\/producto\/azelaic-acid-suspension-the-ordinary-10-1-0-oz\/","title":{"rendered":"Azelaic Acid Suspension The Ordinary 10% 1.0 oz"},"content":{"rendered":"<p><span data-sheets-value=\"{&quot;1&quot;:2,&quot;2&quot;:&quot;La suspension de acido azelaico al 10% es rica en acido azelaico tiene funciones antibacteriana ya que inhibe el crecimiento de la bacteria culpable del acne. Anticomedogenico es capaz de reducir el tamano y el numero de comedones. Antiseborreico, reduce la cantidad de grasa que produce la piel. Es queratolitico, regula el proceso de queratinizacion para evitar la acumulacion de celulas muertas de la piel y la obstruccion de poros. Antiinflamatorio, reduce el enrojecimiento . despigmentante, aclara manchas oscuras al reducir la produccion de melanina (inhibiendo la produccion de tirosinasa y el crecimiento de melanocitos anormales)Se puede usar tanto de dia como de noche, aunque es recomendable en la rutina de noche como ultimo paso. Es menos no usarlo junto con otros acidos ya que puede llegar a causar irritacion. No usarlo junto al antioxidante EUK 134 0,1%.&quot;}\" data-sheets-userformat=\"{&quot;2&quot;:769,&quot;3&quot;:{&quot;1&quot;:0},&quot;11&quot;:4,&quot;12&quot;:0}\">La suspensi\u00f3n de \u00e1cido azel\u00e1ico al 10% es rica en acido azel\u00e1ico. Tiene funciones antibacterianas ya que inhibe el crecimiento de la bacteria culpable del acn\u00e9. Anticomedogenico es capaz de reducir el tama\u00f1o y el n\u00famero de comedones. Antiseborreico, reduce la cantidad de grasa que produce la piel. Es queratolitico, regula el proceso de queratinizaci\u00f3n para evitar la acumulaci\u00f3n de c\u00e9lulas muertas de la piel y la obstrucci\u00f3n de poros. Antiinflamatorio, reduce el enrojecimiento. Despigmentante, aclara manchas oscuras al reducir la producci\u00f3n de melanina (inhibiendo la producci\u00f3n de tirosinasa y el crecimiento de melanocitos anormales. Se puede usar tanto de d\u00eda como de noche, aunque es recomendable en la rutina de noche como ultimo paso. Es mejor no usarlo junto con otros \u00e1cidos ya que puede llegar a causar irritaci\u00f3n. No usarlo junto al antioxidante EUK 134 0,1%.<\/span><\/p>\n","protected":false},"excerpt":{"rendered":"<p>La suspensi\u00f3n de \u00e1cido azel\u00e1ico al 10% es rica en acido azel\u00e1ico. Tiene funciones antibacterianas ya que inhibe el crecimiento de la bacteria culpable del acn\u00e9. Anticomedogenico es capaz de reducir el tama\u00f1o y el n\u00famero de comedones. Antiseborreico, reduce la cantidad de grasa que produce la piel. Es queratolitico, regula el proceso de queratinizaci\u00f3n [&hellip;]<\/p>\n","protected":false},"featured_media":594,"template":"","meta":{"_et_pb_use_builder":"","_et_pb_old_content":"","_et_gb_content_width":""},"product_brand":[],"product_cat":[16,22,23],"product_tag":[],"class_list":{"0":"post-89","1":"product","2":"type-product","3":"status-publish","4":"has-post-thumbnail","6":"product_cat-cuidado-de-la-piel","7":"product_cat-exfoliantes-y-mascarillas","8":"product_cat-hidratantes-y-tratamientos-faciales","10":"first","11":"instock","12":"taxable","13":"shipping-taxable","14":"purchasable","15":"product-type-simple"},"_links":{"self":[{"href":"https:\/\/zoeandzoe.com\/col\/wp-json\/wp\/v2\/product\/89","targetHints":{"allow":["GET"]}}],"collection":[{"href":"https:\/\/zoeandzoe.com\/col\/wp-json\/wp\/v2\/product"}],"about":[{"href":"https:\/\/zoeandzoe.com\/col\/wp-json\/wp\/v2\/types\/product"}],"wp:featuredmedia":[{"embeddable":true,"href":"https:\/\/zoeandzoe.com\/col\/wp-json\/wp\/v2\/media\/594"}],"wp:attachment":[{"href":"https:\/\/zoeandzoe.com\/col\/wp-json\/wp\/v2\/media?parent=89"}],"wp:term":[{"taxonomy":"product_brand","embeddable":true,"href":"https:\/\/zoeandzoe.com\/col\/wp-json\/wp\/v2\/product_brand?post=89"},{"taxonomy":"product_cat","embeddable":true,"href":"https:\/\/zoeandzoe.com\/col\/wp-json\/wp\/v2\/product_cat?post=89"},{"taxonomy":"product_tag","embeddable":true,"href":"https:\/\/zoeandzoe.com\/col\/wp-json\/wp\/v2\/product_tag?post=89"}],"curies":[{"name":"wp","href":"https:\/\/api.w.org\/{rel}","templated":true}]}}