{"id":88,"date":"2020-09-29T21:38:27","date_gmt":"2020-09-30T02:38:27","guid":{"rendered":"https:\/\/zoeandzoe.com\/col\/?post_type=product&#038;p=88"},"modified":"2022-08-05T22:15:05","modified_gmt":"2022-08-06T03:15:05","slug":"drying-lotion-mario-badescu-29-ml","status":"publish","type":"product","link":"https:\/\/zoeandzoe.com\/col\/producto\/drying-lotion-mario-badescu-29-ml\/","title":{"rendered":"Drying Lotion Mario Badescu 29 ml"},"content":{"rendered":"<p><span data-sheets-value=\"{&quot;1&quot;:2,&quot;2&quot;:&quot;Solucion de acido salicilico, azufre, alcanfor y calamina de accion rapida que ayuda a combatir las imperfecciones de la superficie mientras duermes.Recomendado para cualquier tipo de piel para secar granos y espinillas.&quot;}\" data-sheets-userformat=\"{&quot;2&quot;:769,&quot;3&quot;:{&quot;1&quot;:0},&quot;11&quot;:4,&quot;12&quot;:0}\">Soluci\u00f3n de \u00e1cido salic\u00edlico, azufre, alcanfor y calamina de acci\u00f3n r\u00e1pida que ayuda a combatir las imperfecciones de la superficie mientras duermes. Recomendado para cualquier tipo de piel para secar granos y espinillas.<\/span><\/p>\n","protected":false},"excerpt":{"rendered":"<p>Soluci\u00f3n de \u00e1cido salic\u00edlico, azufre, alcanfor y calamina de acci\u00f3n r\u00e1pida que ayuda a combatir las imperfecciones de la superficie mientras duermes. Recomendado para cualquier tipo de piel para secar granos y espinillas.<\/p>\n","protected":false},"featured_media":606,"template":"","meta":{"_et_pb_use_builder":"","_et_pb_old_content":"","_et_gb_content_width":""},"product_brand":[],"product_cat":[16,23],"product_tag":[],"class_list":{"0":"post-88","1":"product","2":"type-product","3":"status-publish","4":"has-post-thumbnail","6":"product_cat-cuidado-de-la-piel","7":"product_cat-hidratantes-y-tratamientos-faciales","9":"first","10":"outofstock","11":"taxable","12":"shipping-taxable","13":"purchasable","14":"product-type-simple"},"_links":{"self":[{"href":"https:\/\/zoeandzoe.com\/col\/wp-json\/wp\/v2\/product\/88","targetHints":{"allow":["GET"]}}],"collection":[{"href":"https:\/\/zoeandzoe.com\/col\/wp-json\/wp\/v2\/product"}],"about":[{"href":"https:\/\/zoeandzoe.com\/col\/wp-json\/wp\/v2\/types\/product"}],"wp:featuredmedia":[{"embeddable":true,"href":"https:\/\/zoeandzoe.com\/col\/wp-json\/wp\/v2\/media\/606"}],"wp:attachment":[{"href":"https:\/\/zoeandzoe.com\/col\/wp-json\/wp\/v2\/media?parent=88"}],"wp:term":[{"taxonomy":"product_brand","embeddable":true,"href":"https:\/\/zoeandzoe.com\/col\/wp-json\/wp\/v2\/product_brand?post=88"},{"taxonomy":"product_cat","embeddable":true,"href":"https:\/\/zoeandzoe.com\/col\/wp-json\/wp\/v2\/product_cat?post=88"},{"taxonomy":"product_tag","embeddable":true,"href":"https:\/\/zoeandzoe.com\/col\/wp-json\/wp\/v2\/product_tag?post=88"}],"curies":[{"name":"wp","href":"https:\/\/api.w.org\/{rel}","templated":true}]}}