{"id":86,"date":"2020-09-29T21:32:11","date_gmt":"2020-09-30T02:32:11","guid":{"rendered":"https:\/\/zoeandzoe.com\/col\/?post_type=product&#038;p=86"},"modified":"2023-06-11T00:27:29","modified_gmt":"2023-06-11T05:27:29","slug":"pycnogenol-5-the-ordinary-0-5-oz","status":"publish","type":"product","link":"https:\/\/zoeandzoe.com\/col\/producto\/pycnogenol-5-the-ordinary-0-5-oz\/","title":{"rendered":"Pycnogenol 5% The Ordinary 0.5 oz"},"content":{"rendered":"<p><span data-sheets-value=\"{&quot;1&quot;:2,&quot;2&quot;:&quot;Serum potente y rico en Antioxidantes dise\u00f1ado para la piel opaca,seca o con signos de envejecimiento. Ideal para aplicar en la rutina de ma\u00f1ana.Mejora la hidrataci\u00f3n y elasticidad de la piel, el Pycnogenol 5% es ideales para un cutis suave y rejuvenecido, manteniendo los niveles de colageno y acido hialuronico.\\nPycnogenol\u00ae es un extracto natural libre de aceites.\\nAyuda a nutrir la piel desde adentro hacia afuera. Al ser un antioxidante \u00fanico y poderoso, el Pycnogenol\u00ae elimina los radicales libres antes de que causen da\u00f1os por la oxidaci\u00f3n. Tambi\u00e9n puede reciclar la vitamina C oxidada para restaurar su actividad. color rojo intenso de la f\u00f3rmula se debe al alto contenido de procianidina. Lavar las manos despues de aplicarlo y evitar el contacto con la ropa, puede mancharla.&quot;}\" data-sheets-userformat=\"{&quot;2&quot;:769,&quot;3&quot;:{&quot;1&quot;:0},&quot;11&quot;:4,&quot;12&quot;:0}\">Serum potente y rico en antioxidantes dise\u00f1ado para la piel opaca, seca o con signos de envejecimiento. Ideal para aplicar en la rutina de las ma\u00f1anas. Mejora la hidrataci\u00f3n y elasticidad de la piel, el Pycnogenol 5% es ideal para un cutis suave y rejuvenecido, manteniendo los niveles de col\u00e1geno y \u00e1cido hialur\u00f3nico.<br \/>\nPycnogenol\u00ae es un extracto natural libre de aceites.<br \/>\nAyuda a nutrir la piel desde adentro hacia afuera. Al ser un antioxidante \u00fanico y poderoso, el Pycnogenol\u00ae elimina los radicales libres antes de que causen da\u00f1os por la oxidaci\u00f3n. Tambi\u00e9n puede reciclar la vitamina C oxidada para restaurar su actividad. El color rojo intenso de la f\u00f3rmula se debe al alto contenido de procianidina. Lavar las manos despues de aplicarlo y evitar el contacto con la ropa ya que puede mancharla.<\/span><\/p>\n","protected":false},"excerpt":{"rendered":"<p>Serum potente y rico en antioxidantes dise\u00f1ado para la piel opaca, seca o con signos de envejecimiento. Ideal para aplicar en la rutina de las ma\u00f1anas. Mejora la hidrataci\u00f3n y elasticidad de la piel, el Pycnogenol 5% es ideal para un cutis suave y rejuvenecido, manteniendo los niveles de col\u00e1geno y \u00e1cido hialur\u00f3nico. Pycnogenol\u00ae es [&hellip;]<\/p>\n","protected":false},"featured_media":604,"template":"","meta":{"_et_pb_use_builder":"","_et_pb_old_content":"","_et_gb_content_width":""},"product_brand":[],"product_cat":[16,23],"product_tag":[],"class_list":{"0":"post-86","1":"product","2":"type-product","3":"status-publish","4":"has-post-thumbnail","6":"product_cat-cuidado-de-la-piel","7":"product_cat-hidratantes-y-tratamientos-faciales","9":"first","10":"instock","11":"sale","12":"taxable","13":"shipping-taxable","14":"purchasable","15":"product-type-simple"},"_links":{"self":[{"href":"https:\/\/zoeandzoe.com\/col\/wp-json\/wp\/v2\/product\/86","targetHints":{"allow":["GET"]}}],"collection":[{"href":"https:\/\/zoeandzoe.com\/col\/wp-json\/wp\/v2\/product"}],"about":[{"href":"https:\/\/zoeandzoe.com\/col\/wp-json\/wp\/v2\/types\/product"}],"wp:featuredmedia":[{"embeddable":true,"href":"https:\/\/zoeandzoe.com\/col\/wp-json\/wp\/v2\/media\/604"}],"wp:attachment":[{"href":"https:\/\/zoeandzoe.com\/col\/wp-json\/wp\/v2\/media?parent=86"}],"wp:term":[{"taxonomy":"product_brand","embeddable":true,"href":"https:\/\/zoeandzoe.com\/col\/wp-json\/wp\/v2\/product_brand?post=86"},{"taxonomy":"product_cat","embeddable":true,"href":"https:\/\/zoeandzoe.com\/col\/wp-json\/wp\/v2\/product_cat?post=86"},{"taxonomy":"product_tag","embeddable":true,"href":"https:\/\/zoeandzoe.com\/col\/wp-json\/wp\/v2\/product_tag?post=86"}],"curies":[{"name":"wp","href":"https:\/\/api.w.org\/{rel}","templated":true}]}}