{"id":85,"date":"2020-09-29T21:29:07","date_gmt":"2020-09-30T02:29:07","guid":{"rendered":"https:\/\/zoeandzoe.com\/col\/?post_type=product&#038;p=85"},"modified":"2023-06-11T00:27:49","modified_gmt":"2023-06-11T05:27:49","slug":"caffeine-solution-5-egcc-the-ordinary-1-0-oz","status":"publish","type":"product","link":"https:\/\/zoeandzoe.com\/col\/producto\/caffeine-solution-5-egcc-the-ordinary-1-0-oz\/","title":{"rendered":"Caffeine Solution 5% + EGCC The Ordinary 1.0 oz"},"content":{"rendered":"<p><span data-sheets-value=\"{&quot;1&quot;:2,&quot;2&quot;:&quot;Reduce la pigmentaci\u00f3n y la hinchaz\u00f3n en la zona del contorno de ojos. Es una f\u00f3rmula muy ligera que contiene un 5% de cafe\u00edna, complementada con gluc\u00f3sido de galato de epigalocatequina (EGG) extra\u00eddo de hojas de t\u00e9 verde. Ideal para mejorar bolsas y ojeras.&quot;}\" data-sheets-userformat=\"{&quot;2&quot;:769,&quot;3&quot;:{&quot;1&quot;:0},&quot;11&quot;:4,&quot;12&quot;:0}\">Reduce la pigmentaci\u00f3n y la hinchaz\u00f3n en la zona del contorno de ojos. Es una f\u00f3rmula muy ligera que contiene un 5% de cafe\u00edna, complementada con gluc\u00f3sido de galato de epigalocatequina (EGG) extra\u00eddo de hojas de t\u00e9 verde. Ideal para mejorar bolsas y ojeras.<\/span><\/p>\n","protected":false},"excerpt":{"rendered":"<p>Reduce la pigmentaci\u00f3n y la hinchaz\u00f3n en la zona del contorno de ojos. Es una f\u00f3rmula muy ligera que contiene un 5% de cafe\u00edna, complementada con gluc\u00f3sido de galato de epigalocatequina (EGG) extra\u00eddo de hojas de t\u00e9 verde. Ideal para mejorar bolsas y ojeras.<\/p>\n","protected":false},"featured_media":1127,"template":"","meta":{"_et_pb_use_builder":"","_et_pb_old_content":"","_et_gb_content_width":""},"product_brand":[],"product_cat":[76,60,16,23],"product_tag":[],"class_list":{"0":"post-85","1":"product","2":"type-product","3":"status-publish","4":"has-post-thumbnail","6":"product_cat-contorno-de-ojos","7":"product_cat-cuidados","8":"product_cat-cuidado-de-la-piel","9":"product_cat-hidratantes-y-tratamientos-faciales","11":"first","12":"instock","13":"sale","14":"taxable","15":"shipping-taxable","16":"purchasable","17":"product-type-simple"},"_links":{"self":[{"href":"https:\/\/zoeandzoe.com\/col\/wp-json\/wp\/v2\/product\/85","targetHints":{"allow":["GET"]}}],"collection":[{"href":"https:\/\/zoeandzoe.com\/col\/wp-json\/wp\/v2\/product"}],"about":[{"href":"https:\/\/zoeandzoe.com\/col\/wp-json\/wp\/v2\/types\/product"}],"wp:featuredmedia":[{"embeddable":true,"href":"https:\/\/zoeandzoe.com\/col\/wp-json\/wp\/v2\/media\/1127"}],"wp:attachment":[{"href":"https:\/\/zoeandzoe.com\/col\/wp-json\/wp\/v2\/media?parent=85"}],"wp:term":[{"taxonomy":"product_brand","embeddable":true,"href":"https:\/\/zoeandzoe.com\/col\/wp-json\/wp\/v2\/product_brand?post=85"},{"taxonomy":"product_cat","embeddable":true,"href":"https:\/\/zoeandzoe.com\/col\/wp-json\/wp\/v2\/product_cat?post=85"},{"taxonomy":"product_tag","embeddable":true,"href":"https:\/\/zoeandzoe.com\/col\/wp-json\/wp\/v2\/product_tag?post=85"}],"curies":[{"name":"wp","href":"https:\/\/api.w.org\/{rel}","templated":true}]}}