{"id":84,"date":"2020-09-29T21:26:02","date_gmt":"2020-09-30T02:26:02","guid":{"rendered":"https:\/\/zoeandzoe.com\/col\/?post_type=product&#038;p=84"},"modified":"2023-06-11T00:28:15","modified_gmt":"2023-06-11T05:28:15","slug":"buffet-the-ordinary-1-0-oz","status":"publish","type":"product","link":"https:\/\/zoeandzoe.com\/col\/producto\/buffet-the-ordinary-1-0-oz\/","title":{"rendered":"Buffet The Ordinary 1.0 oz"},"content":{"rendered":"<p><span data-sheets-value=\"{&quot;1&quot;:2,&quot;2&quot;:&quot;En esta f\u00f3rmula encontramos m\u00faltiples tecnolog\u00edas que se dedican a combatir los signos del envejecimiento: Matrixyl 3000, Matrixyl Synthe\u20196, Syn-Ake, Relistase, Argirelox y un complejo probi\u00f3tico, todo ello en una base de 11 amino\u00e1cidos que protegen la piel, y de diferentes tipos de \u00e1cido hialur\u00f3nico. Esta potente formula es ideal para tratar y prevenir lineas de expresion, darle firmeza y salud a la piel. Recomendado para todo tipo de piel.&quot;}\" data-sheets-userformat=\"{&quot;2&quot;:769,&quot;3&quot;:{&quot;1&quot;:0},&quot;11&quot;:4,&quot;12&quot;:0}\">En esta f\u00f3rmula encontramos m\u00faltiples tecnolog\u00edas que se dedican a combatir los signos del envejecimiento: Matrixyl 3000, Matrixyl Synthe\u20196, Syn-Ake, Relistase, Argirelox y un complejo probi\u00f3tico, todo ello en una base de 11 amino\u00e1cidos que protegen la piel, y de diferentes tipos de \u00e1cido hialur\u00f3nico. Esta potente formula es ideal para tratar y prevenir lineas de expresion, darle firmeza y salud a la piel. Recomendado para todo tipo de piel.<\/span><\/p>\n","protected":false},"excerpt":{"rendered":"<p>En esta f\u00f3rmula encontramos m\u00faltiples tecnolog\u00edas que se dedican a combatir los signos del envejecimiento: Matrixyl 3000, Matrixyl Synthe\u20196, Syn-Ake, Relistase, Argirelox y un complejo probi\u00f3tico, todo ello en una base de 11 amino\u00e1cidos que protegen la piel, y de diferentes tipos de \u00e1cido hialur\u00f3nico. Esta potente formula es ideal para tratar y prevenir lineas [&hellip;]<\/p>\n","protected":false},"featured_media":612,"template":"","meta":{"_et_pb_use_builder":"","_et_pb_old_content":"","_et_gb_content_width":""},"product_brand":[],"product_cat":[16,23],"product_tag":[],"class_list":{"0":"post-84","1":"product","2":"type-product","3":"status-publish","4":"has-post-thumbnail","6":"product_cat-cuidado-de-la-piel","7":"product_cat-hidratantes-y-tratamientos-faciales","9":"first","10":"instock","11":"sale","12":"taxable","13":"shipping-taxable","14":"purchasable","15":"product-type-simple"},"_links":{"self":[{"href":"https:\/\/zoeandzoe.com\/col\/wp-json\/wp\/v2\/product\/84","targetHints":{"allow":["GET"]}}],"collection":[{"href":"https:\/\/zoeandzoe.com\/col\/wp-json\/wp\/v2\/product"}],"about":[{"href":"https:\/\/zoeandzoe.com\/col\/wp-json\/wp\/v2\/types\/product"}],"wp:featuredmedia":[{"embeddable":true,"href":"https:\/\/zoeandzoe.com\/col\/wp-json\/wp\/v2\/media\/612"}],"wp:attachment":[{"href":"https:\/\/zoeandzoe.com\/col\/wp-json\/wp\/v2\/media?parent=84"}],"wp:term":[{"taxonomy":"product_brand","embeddable":true,"href":"https:\/\/zoeandzoe.com\/col\/wp-json\/wp\/v2\/product_brand?post=84"},{"taxonomy":"product_cat","embeddable":true,"href":"https:\/\/zoeandzoe.com\/col\/wp-json\/wp\/v2\/product_cat?post=84"},{"taxonomy":"product_tag","embeddable":true,"href":"https:\/\/zoeandzoe.com\/col\/wp-json\/wp\/v2\/product_tag?post=84"}],"curies":[{"name":"wp","href":"https:\/\/api.w.org\/{rel}","templated":true}]}}