{"id":82,"date":"2020-09-29T21:21:13","date_gmt":"2020-09-30T02:21:13","guid":{"rendered":"https:\/\/zoeandzoe.com\/col\/?post_type=product&#038;p=82"},"modified":"2022-08-05T22:24:14","modified_gmt":"2022-08-06T03:24:14","slug":"100-organic-cold-pressed-rose-hid-seed-oil-the-ordinary-1-0-oz","status":"publish","type":"product","link":"https:\/\/zoeandzoe.com\/col\/producto\/100-organic-cold-pressed-rose-hid-seed-oil-the-ordinary-1-0-oz\/","title":{"rendered":"100% Organic Cold Pressed Rose Hid Seed Oil The Ordinary 1.0 oz"},"content":{"rendered":"<p><span data-sheets-value=\"{&quot;1&quot;:2,&quot;2&quot;:&quot;Formulaci\u00f3n que contiene aceite de rosa mosqueta puro, 100% org\u00e1nico y prensado en fr\u00edo. Esta \u00faltima afirmaci\u00f3n es la que hace que aguante mucho m\u00e1s que aquellos que se prensan con calor. Es un aceite rico en \u00e1cido linoleico y provitamina A, ayudando a reducir los signos de envejecimiento y otras afecciones cut\u00e1neas. Viene en un envase con protecci\u00f3n UV para evitar su deterioro. Ideal para pieles con deshidratacion, piel apagada y signos de edad.&quot;}\" data-sheets-userformat=\"{&quot;2&quot;:769,&quot;3&quot;:{&quot;1&quot;:0},&quot;11&quot;:4,&quot;12&quot;:0}\">Formulaci\u00f3n que contiene aceite de rosa mosqueta puro, 100% org\u00e1nico y prensado en fr\u00edo. Esta \u00faltima afirmaci\u00f3n es la que hace que aguante mucho m\u00e1s que aquellos que se prensan con calor. Es un aceite rico en \u00e1cido linoleico y provitamina A, ayudando a reducir los signos de envejecimiento y otras afecciones cut\u00e1neas. Viene en un envase con protecci\u00f3n UV para evitar su deterioro. Ideal para pieles con deshidratacion, piel apagada y signos de edad.<\/span><\/p>\n","protected":false},"excerpt":{"rendered":"<p>Formulaci\u00f3n que contiene aceite de rosa mosqueta puro, 100% org\u00e1nico y prensado en fr\u00edo. Esta \u00faltima afirmaci\u00f3n es la que hace que aguante mucho m\u00e1s que aquellos que se prensan con calor. Es un aceite rico en \u00e1cido linoleico y provitamina A, ayudando a reducir los signos de envejecimiento y otras afecciones cut\u00e1neas. Viene en [&hellip;]<\/p>\n","protected":false},"featured_media":601,"template":"","meta":{"_et_pb_use_builder":"","_et_pb_old_content":"","_et_gb_content_width":""},"product_brand":[],"product_cat":[16,23],"product_tag":[],"class_list":{"0":"post-82","1":"product","2":"type-product","3":"status-publish","4":"has-post-thumbnail","6":"product_cat-cuidado-de-la-piel","7":"product_cat-hidratantes-y-tratamientos-faciales","9":"first","10":"outofstock","11":"taxable","12":"shipping-taxable","13":"purchasable","14":"product-type-simple"},"_links":{"self":[{"href":"https:\/\/zoeandzoe.com\/col\/wp-json\/wp\/v2\/product\/82","targetHints":{"allow":["GET"]}}],"collection":[{"href":"https:\/\/zoeandzoe.com\/col\/wp-json\/wp\/v2\/product"}],"about":[{"href":"https:\/\/zoeandzoe.com\/col\/wp-json\/wp\/v2\/types\/product"}],"wp:featuredmedia":[{"embeddable":true,"href":"https:\/\/zoeandzoe.com\/col\/wp-json\/wp\/v2\/media\/601"}],"wp:attachment":[{"href":"https:\/\/zoeandzoe.com\/col\/wp-json\/wp\/v2\/media?parent=82"}],"wp:term":[{"taxonomy":"product_brand","embeddable":true,"href":"https:\/\/zoeandzoe.com\/col\/wp-json\/wp\/v2\/product_brand?post=82"},{"taxonomy":"product_cat","embeddable":true,"href":"https:\/\/zoeandzoe.com\/col\/wp-json\/wp\/v2\/product_cat?post=82"},{"taxonomy":"product_tag","embeddable":true,"href":"https:\/\/zoeandzoe.com\/col\/wp-json\/wp\/v2\/product_tag?post=82"}],"curies":[{"name":"wp","href":"https:\/\/api.w.org\/{rel}","templated":true}]}}