{"id":81,"date":"2020-09-29T21:19:12","date_gmt":"2020-09-30T02:19:12","guid":{"rendered":"https:\/\/zoeandzoe.com\/col\/?post_type=product&#038;p=81"},"modified":"2023-06-11T00:28:55","modified_gmt":"2023-06-11T05:28:55","slug":"acido-hialuronico-ha-2-vitamina-b5-the-ordinary-1-0-oz","status":"publish","type":"product","link":"https:\/\/zoeandzoe.com\/col\/producto\/acido-hialuronico-ha-2-vitamina-b5-the-ordinary-1-0-oz\/","title":{"rendered":"\u00c1cido Hialur\u00f3nico HA 2% + Vitamina B5  The Ordinary 1.0 oz"},"content":{"rendered":"<p><span data-sheets-value=\"{&quot;1&quot;:2,&quot;2&quot;:&quot;Una f\u00f3rmula de apoyo de \u00e1cido hialur\u00f3nico vegano de pureza extrema. El \u00e1cido hialur\u00f3nico puede atraer hasta 1.000 veces su peso en agua. Este tama\u00f1o molecular de \u00e1cido hialur\u00f3nico determina su grado de profundidad en la piel. Esta f\u00f3rmula combina los tres tipos de peso molecular del \u00e1cido hialur\u00f3nico (bajo, medio y alto), as\u00ed como un nuevo \u00e1cido hialur\u00f3nico reticulado con una concentraci\u00f3n combinada del 2% que consigue una hidrataci\u00f3n m\u00e1s profunda al ser una f\u00f3rmula libre de aceites. Este sistema est\u00e1 combinado con la vitamina B5, que mejora considerablemente la hidrataci\u00f3n de la superficie de la piel. Recomendado para cualquier tipo de piel. &quot;}\" data-sheets-userformat=\"{&quot;2&quot;:769,&quot;3&quot;:{&quot;1&quot;:0},&quot;11&quot;:4,&quot;12&quot;:0}\">Una f\u00f3rmula de apoyo de \u00e1cido hialur\u00f3nico vegano de pureza extrema. El \u00e1cido hialur\u00f3nico puede atraer hasta 1.000 veces su peso en agua. Este tama\u00f1o molecular de \u00e1cido hialur\u00f3nico determina su grado de profundidad en la piel. Esta f\u00f3rmula combina los tres tipos de peso molecular del \u00e1cido hialur\u00f3nico (bajo, medio y alto), as\u00ed como un nuevo \u00e1cido hialur\u00f3nico reticulado con una concentraci\u00f3n combinada del 2% que consigue una hidrataci\u00f3n m\u00e1s profunda al ser una f\u00f3rmula libre de aceites. Este sistema est\u00e1 combinado con la vitamina B5, que mejora considerablemente la hidrataci\u00f3n de la superficie de la piel. Recomendado para cualquier tipo de piel. <\/span><\/p>\n","protected":false},"excerpt":{"rendered":"<p>Una f\u00f3rmula de apoyo de \u00e1cido hialur\u00f3nico vegano de pureza extrema. El \u00e1cido hialur\u00f3nico puede atraer hasta 1.000 veces su peso en agua. Este tama\u00f1o molecular de \u00e1cido hialur\u00f3nico determina su grado de profundidad en la piel. Esta f\u00f3rmula combina los tres tipos de peso molecular del \u00e1cido hialur\u00f3nico (bajo, medio y alto), as\u00ed como [&hellip;]<\/p>\n","protected":false},"featured_media":600,"template":"","meta":{"_et_pb_use_builder":"","_et_pb_old_content":"","_et_gb_content_width":""},"product_brand":[],"product_cat":[16,23],"product_tag":[],"class_list":{"0":"post-81","1":"product","2":"type-product","3":"status-publish","4":"has-post-thumbnail","6":"product_cat-cuidado-de-la-piel","7":"product_cat-hidratantes-y-tratamientos-faciales","9":"first","10":"instock","11":"taxable","12":"shipping-taxable","13":"purchasable","14":"product-type-simple"},"_links":{"self":[{"href":"https:\/\/zoeandzoe.com\/col\/wp-json\/wp\/v2\/product\/81","targetHints":{"allow":["GET"]}}],"collection":[{"href":"https:\/\/zoeandzoe.com\/col\/wp-json\/wp\/v2\/product"}],"about":[{"href":"https:\/\/zoeandzoe.com\/col\/wp-json\/wp\/v2\/types\/product"}],"wp:featuredmedia":[{"embeddable":true,"href":"https:\/\/zoeandzoe.com\/col\/wp-json\/wp\/v2\/media\/600"}],"wp:attachment":[{"href":"https:\/\/zoeandzoe.com\/col\/wp-json\/wp\/v2\/media?parent=81"}],"wp:term":[{"taxonomy":"product_brand","embeddable":true,"href":"https:\/\/zoeandzoe.com\/col\/wp-json\/wp\/v2\/product_brand?post=81"},{"taxonomy":"product_cat","embeddable":true,"href":"https:\/\/zoeandzoe.com\/col\/wp-json\/wp\/v2\/product_cat?post=81"},{"taxonomy":"product_tag","embeddable":true,"href":"https:\/\/zoeandzoe.com\/col\/wp-json\/wp\/v2\/product_tag?post=81"}],"curies":[{"name":"wp","href":"https:\/\/api.w.org\/{rel}","templated":true}]}}