{"id":679,"date":"2020-10-09T17:54:17","date_gmt":"2020-10-09T22:54:17","guid":{"rendered":"https:\/\/zoeandzoe.com\/col\/?post_type=product&#038;p=679"},"modified":"2022-08-05T16:00:33","modified_gmt":"2022-08-05T21:00:33","slug":"aro-de-luz-profesional-neewer-18-pulgadas-sin-maleta","status":"publish","type":"product","link":"https:\/\/zoeandzoe.com\/col\/producto\/aro-de-luz-profesional-neewer-18-pulgadas-sin-maleta\/","title":{"rendered":"Aro de Luz Profesional Neewer 18 Pulgadas- 45 cm (Sin Maleta)"},"content":{"rendered":"<p><span data-sheets-value=\"{&quot;1&quot;:2,&quot;2&quot;:&quot;Aro de luz profesional con luz intensa para tus fotos y videos. Marca profesional Neewer . Contiene Aro de luz 18 pulgadas (48cm)LED SMDLED 55w color -temperatura 5500KD tripode hasta 2 metros, control bluetooth,soporte para celular o camara,filtros luz calida y frios, Bolsa de transporte&quot;}\" data-sheets-userformat=\"{&quot;2&quot;:769,&quot;3&quot;:{&quot;1&quot;:0},&quot;11&quot;:4,&quot;12&quot;:0}\">Aro de luz profesional con luz intensa para tus fotos y videos. Marca profesional Neewer. Contiene Aro de luz de 18 pulgadas (48cm) LED SMDLED 55w color &#8211; temperatura 5500KD tr\u00edpode hasta 2 metros, control bluetooth, soporte para celular o c\u00e1mara, filtros luz c\u00e1lida y fr\u00edos.<\/span><\/p>\n","protected":false},"excerpt":{"rendered":"<p>Aro de luz profesional con luz intensa para tus fotos y videos. Marca profesional Neewer. Contiene Aro de luz de 18 pulgadas (48cm) LED SMDLED 55w color &#8211; temperatura 5500KD tr\u00edpode hasta 2 metros, control bluetooth, soporte para celular o c\u00e1mara, filtros luz c\u00e1lida y fr\u00edos.<\/p>\n","protected":false},"featured_media":1063,"template":"","meta":{"_et_pb_use_builder":"","_et_pb_old_content":"","_et_gb_content_width":""},"product_brand":[],"product_cat":[19,50,54],"product_tag":[],"class_list":{"0":"post-679","1":"product","2":"type-product","3":"status-publish","4":"has-post-thumbnail","6":"product_cat-maquillaje","7":"product_cat-herramientas","8":"product_cat-aros-de-luz","10":"first","11":"instock","12":"taxable","13":"shipping-taxable","14":"purchasable","15":"product-type-simple"},"_links":{"self":[{"href":"https:\/\/zoeandzoe.com\/col\/wp-json\/wp\/v2\/product\/679","targetHints":{"allow":["GET"]}}],"collection":[{"href":"https:\/\/zoeandzoe.com\/col\/wp-json\/wp\/v2\/product"}],"about":[{"href":"https:\/\/zoeandzoe.com\/col\/wp-json\/wp\/v2\/types\/product"}],"wp:featuredmedia":[{"embeddable":true,"href":"https:\/\/zoeandzoe.com\/col\/wp-json\/wp\/v2\/media\/1063"}],"wp:attachment":[{"href":"https:\/\/zoeandzoe.com\/col\/wp-json\/wp\/v2\/media?parent=679"}],"wp:term":[{"taxonomy":"product_brand","embeddable":true,"href":"https:\/\/zoeandzoe.com\/col\/wp-json\/wp\/v2\/product_brand?post=679"},{"taxonomy":"product_cat","embeddable":true,"href":"https:\/\/zoeandzoe.com\/col\/wp-json\/wp\/v2\/product_cat?post=679"},{"taxonomy":"product_tag","embeddable":true,"href":"https:\/\/zoeandzoe.com\/col\/wp-json\/wp\/v2\/product_tag?post=679"}],"curies":[{"name":"wp","href":"https:\/\/api.w.org\/{rel}","templated":true}]}}