{"id":678,"date":"2020-10-09T17:47:50","date_gmt":"2020-10-09T22:47:50","guid":{"rendered":"https:\/\/zoeandzoe.com\/col\/?post_type=product&#038;p=678"},"modified":"2022-08-05T16:01:03","modified_gmt":"2022-08-05T21:01:03","slug":"678","status":"publish","type":"product","link":"https:\/\/zoeandzoe.com\/col\/producto\/678\/","title":{"rendered":"Aro de Luz Profesional Neewer 18 Pulgadas 45 cm con maleta"},"content":{"rendered":"<p><span data-sheets-value=\"{&quot;1&quot;:2,&quot;2&quot;:&quot;Aro de luz profesional con luz intensa para tus fotos y videos. Marca profesional Neewer . Contiene Aro de luz 18 pulgadas (48cm)LED SMDLED 55w color -temperatura 5500KD tripode hasta 2 metros, control bluetooth,soporte para celular o camara,filtros luz calida y frios, Bolsa de transporte&quot;}\" data-sheets-userformat=\"{&quot;2&quot;:769,&quot;3&quot;:{&quot;1&quot;:0},&quot;11&quot;:4,&quot;12&quot;:0}\">Aro de luz profesional con luz intensa para tus fotos y videos. Marca profesional Neewer. Contiene Aro de luz de 18 pulgadas (48cm) LED SMDLED 55w color &#8211; temperatura 5500KD tr\u00edpode hasta 2 metros, control bluetooth, soporte para celular o c\u00e1mara, filtros luz c\u00e1lida y fr\u00edos. Bolsa de transporte.<\/span><\/p>\n","protected":false},"excerpt":{"rendered":"<p>Aro de luz profesional con luz intensa para tus fotos y videos. Marca profesional Neewer. Contiene Aro de luz de 18 pulgadas (48cm) LED SMDLED 55w color &#8211; temperatura 5500KD tr\u00edpode hasta 2 metros, control bluetooth, soporte para celular o c\u00e1mara, filtros luz c\u00e1lida y fr\u00edos. Bolsa de transporte.<\/p>\n","protected":false},"featured_media":1046,"template":"","meta":{"_et_pb_use_builder":"","_et_pb_old_content":"","_et_gb_content_width":""},"product_brand":[],"product_cat":[19,50,54],"product_tag":[],"class_list":{"0":"post-678","1":"product","2":"type-product","3":"status-publish","4":"has-post-thumbnail","6":"product_cat-maquillaje","7":"product_cat-herramientas","8":"product_cat-aros-de-luz","10":"first","11":"instock","12":"taxable","13":"shipping-taxable","14":"purchasable","15":"product-type-simple"},"_links":{"self":[{"href":"https:\/\/zoeandzoe.com\/col\/wp-json\/wp\/v2\/product\/678","targetHints":{"allow":["GET"]}}],"collection":[{"href":"https:\/\/zoeandzoe.com\/col\/wp-json\/wp\/v2\/product"}],"about":[{"href":"https:\/\/zoeandzoe.com\/col\/wp-json\/wp\/v2\/types\/product"}],"wp:featuredmedia":[{"embeddable":true,"href":"https:\/\/zoeandzoe.com\/col\/wp-json\/wp\/v2\/media\/1046"}],"wp:attachment":[{"href":"https:\/\/zoeandzoe.com\/col\/wp-json\/wp\/v2\/media?parent=678"}],"wp:term":[{"taxonomy":"product_brand","embeddable":true,"href":"https:\/\/zoeandzoe.com\/col\/wp-json\/wp\/v2\/product_brand?post=678"},{"taxonomy":"product_cat","embeddable":true,"href":"https:\/\/zoeandzoe.com\/col\/wp-json\/wp\/v2\/product_cat?post=678"},{"taxonomy":"product_tag","embeddable":true,"href":"https:\/\/zoeandzoe.com\/col\/wp-json\/wp\/v2\/product_tag?post=678"}],"curies":[{"name":"wp","href":"https:\/\/api.w.org\/{rel}","templated":true}]}}