{"id":674,"date":"2020-10-09T17:41:35","date_gmt":"2020-10-09T22:41:35","guid":{"rendered":"https:\/\/zoeandzoe.com\/col\/?post_type=product&#038;p=674"},"modified":"2022-08-05T16:23:08","modified_gmt":"2022-08-05T21:23:08","slug":"rizador-de-pestanas","status":"publish","type":"product","link":"https:\/\/zoeandzoe.com\/col\/producto\/rizador-de-pestanas\/","title":{"rendered":"Rizador de Pesta\u00f1as"},"content":{"rendered":"<p><span data-sheets-value=\"{&quot;1&quot;:2,&quot;2&quot;:&quot;Riza tus pestanas antes de usar tu mascara pestanina. Lograras un efecto mucho mas natural y voluminozo&quot;}\" data-sheets-userformat=\"{&quot;2&quot;:769,&quot;3&quot;:{&quot;1&quot;:0},&quot;11&quot;:4,&quot;12&quot;:0}\">Riza tus pesta\u00f1as antes de usar tu m\u00e1scara pesta\u00f1ina. Lograras un efecto mucho m\u00e1s natural y voluminoso.<\/span><\/p>\n","protected":false},"excerpt":{"rendered":"<p>Riza tus pesta\u00f1as antes de usar tu m\u00e1scara pesta\u00f1ina. Lograras un efecto mucho m\u00e1s natural y voluminoso.<\/p>\n","protected":false},"featured_media":1041,"template":"","meta":{"_et_pb_use_builder":"","_et_pb_old_content":"","_et_gb_content_width":""},"product_brand":[],"product_cat":[19,50,53],"product_tag":[],"class_list":{"0":"post-674","1":"product","2":"type-product","3":"status-publish","4":"has-post-thumbnail","6":"product_cat-maquillaje","7":"product_cat-herramientas","8":"product_cat-accesorios","10":"first","11":"instock","12":"sale","13":"taxable","14":"shipping-taxable","15":"purchasable","16":"product-type-simple"},"_links":{"self":[{"href":"https:\/\/zoeandzoe.com\/col\/wp-json\/wp\/v2\/product\/674","targetHints":{"allow":["GET"]}}],"collection":[{"href":"https:\/\/zoeandzoe.com\/col\/wp-json\/wp\/v2\/product"}],"about":[{"href":"https:\/\/zoeandzoe.com\/col\/wp-json\/wp\/v2\/types\/product"}],"wp:featuredmedia":[{"embeddable":true,"href":"https:\/\/zoeandzoe.com\/col\/wp-json\/wp\/v2\/media\/1041"}],"wp:attachment":[{"href":"https:\/\/zoeandzoe.com\/col\/wp-json\/wp\/v2\/media?parent=674"}],"wp:term":[{"taxonomy":"product_brand","embeddable":true,"href":"https:\/\/zoeandzoe.com\/col\/wp-json\/wp\/v2\/product_brand?post=674"},{"taxonomy":"product_cat","embeddable":true,"href":"https:\/\/zoeandzoe.com\/col\/wp-json\/wp\/v2\/product_cat?post=674"},{"taxonomy":"product_tag","embeddable":true,"href":"https:\/\/zoeandzoe.com\/col\/wp-json\/wp\/v2\/product_tag?post=674"}],"curies":[{"name":"wp","href":"https:\/\/api.w.org\/{rel}","templated":true}]}}