{"id":34,"date":"2020-09-28T19:36:55","date_gmt":"2020-09-29T00:36:55","guid":{"rendered":"https:\/\/zoeandzoe.com\/col\/?post_type=product&#038;p=34"},"modified":"2023-06-11T00:29:11","modified_gmt":"2023-06-11T05:29:11","slug":"salicylic-acid-2-mascarilla-the-ordinary-1-0-oz","status":"publish","type":"product","link":"https:\/\/zoeandzoe.com\/col\/producto\/salicylic-acid-2-mascarilla-the-ordinary-1-0-oz\/","title":{"rendered":"Salicylic Acid 2% Mascarilla The Ordinary 1.0 oz"},"content":{"rendered":"<p><span data-sheets-value=\"{&quot;1&quot;:2,&quot;2&quot;:&quot;Mascarilla con un 2% de acido salicilico, carbon vegetal, arcilla de amazonia y esqualano. Esta formulada para combatir machas, ayuda a purificar los poros y puntos negros , regula la grasa, espinillas y acne y a mejorar la textura de la piel sobre todo en pieles propensas a tener acne. Ayuda a eliminar las celulas muertas.Especial para pieles normales, mixta y grasa. Usar una o dos veces por semanas. No recomendable para pieles sensibles. bloqueador solar&quot;}\" data-sheets-userformat=\"{&quot;2&quot;:769,&quot;3&quot;:{&quot;1&quot;:0},&quot;11&quot;:4,&quot;12&quot;:0}\">Mascarilla con un 2% de \u00e1cido salic\u00edlico, carb\u00f3n vegetal, arcilla de amazon\u00eda y esqualano. Est\u00e1 formulada para combatir machas, ayuda a purificar los poros y puntos negros, regula la grasa, espinillas y acn\u00e9 y a mejorar la textura de la piel sobre todo en pieles propensas a tener acn\u00e9. Ayuda a eliminar las c\u00e9lulas muertas. Especial para pieles normales, mixtas y grasas. Usar una o dos veces por semana. No recomendable para pieles sensibles. Bloqueador solar.<\/span><\/p>\n","protected":false},"excerpt":{"rendered":"<p>Mascarilla con un 2% de \u00e1cido salic\u00edlico, carb\u00f3n vegetal, arcilla de amazon\u00eda y esqualano. Est\u00e1 formulada para combatir machas, ayuda a purificar los poros y puntos negros, regula la grasa, espinillas y acn\u00e9 y a mejorar la textura de la piel sobre todo en pieles propensas a tener acn\u00e9. Ayuda a eliminar las c\u00e9lulas muertas. [&hellip;]<\/p>\n","protected":false},"featured_media":598,"template":"","meta":{"_et_pb_use_builder":"","_et_pb_old_content":"","_et_gb_content_width":""},"product_brand":[],"product_cat":[16,22,23],"product_tag":[],"class_list":{"0":"post-34","1":"product","2":"type-product","3":"status-publish","4":"has-post-thumbnail","6":"product_cat-cuidado-de-la-piel","7":"product_cat-exfoliantes-y-mascarillas","8":"product_cat-hidratantes-y-tratamientos-faciales","10":"first","11":"instock","12":"sale","13":"taxable","14":"shipping-taxable","15":"purchasable","16":"product-type-simple"},"_links":{"self":[{"href":"https:\/\/zoeandzoe.com\/col\/wp-json\/wp\/v2\/product\/34","targetHints":{"allow":["GET"]}}],"collection":[{"href":"https:\/\/zoeandzoe.com\/col\/wp-json\/wp\/v2\/product"}],"about":[{"href":"https:\/\/zoeandzoe.com\/col\/wp-json\/wp\/v2\/types\/product"}],"wp:featuredmedia":[{"embeddable":true,"href":"https:\/\/zoeandzoe.com\/col\/wp-json\/wp\/v2\/media\/598"}],"wp:attachment":[{"href":"https:\/\/zoeandzoe.com\/col\/wp-json\/wp\/v2\/media?parent=34"}],"wp:term":[{"taxonomy":"product_brand","embeddable":true,"href":"https:\/\/zoeandzoe.com\/col\/wp-json\/wp\/v2\/product_brand?post=34"},{"taxonomy":"product_cat","embeddable":true,"href":"https:\/\/zoeandzoe.com\/col\/wp-json\/wp\/v2\/product_cat?post=34"},{"taxonomy":"product_tag","embeddable":true,"href":"https:\/\/zoeandzoe.com\/col\/wp-json\/wp\/v2\/product_tag?post=34"}],"curies":[{"name":"wp","href":"https:\/\/api.w.org\/{rel}","templated":true}]}}