{"id":33,"date":"2020-09-28T19:34:37","date_gmt":"2020-09-29T00:34:37","guid":{"rendered":"https:\/\/zoeandzoe.com\/col\/?post_type=product&#038;p=33"},"modified":"2023-06-11T00:29:35","modified_gmt":"2023-06-11T05:29:35","slug":"exfoliante-carbon-activado-y-azucar-freeman-175-ml","status":"publish","type":"product","link":"https:\/\/zoeandzoe.com\/col\/producto\/exfoliante-carbon-activado-y-azucar-freeman-175-ml\/","title":{"rendered":"Exfoliante Carb\u00f3n Activado y Az\u00facar Freeman 175 ml"},"content":{"rendered":"<p><span data-sheets-value=\"{&quot;1&quot;:2,&quot;2&quot;:&quot;Esta mascarilla y exfoliante funciona para desintoxicar la piel. Primero, el carbon activado es un purificador natural que ayuda a absorber el aceite y las impurezas sin resecar la piel. Luego, el azucar negra ayuda a exfoliar las y remorever las celulas de la piel muertas para brindar suavidad y limpieza total. Perfecto para todo tipo de piel. Es una maravilla que la piel pueda respirar!!!&quot;}\" data-sheets-userformat=\"{&quot;2&quot;:769,&quot;3&quot;:{&quot;1&quot;:0},&quot;11&quot;:4,&quot;12&quot;:0}\">Esta mascarilla y exfoliante funciona para desintoxicar la piel. Primero, el carb\u00f3n activado es un purificador natural que ayuda a absorber el aceite y las impurezas sin resecar la piel. Luego, el az\u00facar negra ayuda a exfoliar y remover las c\u00e9lulas muertas de la piel para brindar suavidad y limpieza total. Perfecto para todo tipo de piel. Es una maravilla que la piel pueda respirar!!!<\/span><\/p>\n","protected":false},"excerpt":{"rendered":"<p>Esta mascarilla y exfoliante funciona para desintoxicar la piel. Primero, el carb\u00f3n activado es un purificador natural que ayuda a absorber el aceite y las impurezas sin resecar la piel. Luego, el az\u00facar negra ayuda a exfoliar y remover las c\u00e9lulas muertas de la piel para brindar suavidad y limpieza total. Perfecto para todo tipo [&hellip;]<\/p>\n","protected":false},"featured_media":590,"template":"","meta":{"_et_pb_use_builder":"","_et_pb_old_content":"","_et_gb_content_width":""},"product_brand":[],"product_cat":[16,22],"product_tag":[],"class_list":{"0":"post-33","1":"product","2":"type-product","3":"status-publish","4":"has-post-thumbnail","6":"product_cat-cuidado-de-la-piel","7":"product_cat-exfoliantes-y-mascarillas","9":"first","10":"outofstock","11":"taxable","12":"shipping-taxable","13":"purchasable","14":"product-type-simple"},"_links":{"self":[{"href":"https:\/\/zoeandzoe.com\/col\/wp-json\/wp\/v2\/product\/33","targetHints":{"allow":["GET"]}}],"collection":[{"href":"https:\/\/zoeandzoe.com\/col\/wp-json\/wp\/v2\/product"}],"about":[{"href":"https:\/\/zoeandzoe.com\/col\/wp-json\/wp\/v2\/types\/product"}],"wp:featuredmedia":[{"embeddable":true,"href":"https:\/\/zoeandzoe.com\/col\/wp-json\/wp\/v2\/media\/590"}],"wp:attachment":[{"href":"https:\/\/zoeandzoe.com\/col\/wp-json\/wp\/v2\/media?parent=33"}],"wp:term":[{"taxonomy":"product_brand","embeddable":true,"href":"https:\/\/zoeandzoe.com\/col\/wp-json\/wp\/v2\/product_brand?post=33"},{"taxonomy":"product_cat","embeddable":true,"href":"https:\/\/zoeandzoe.com\/col\/wp-json\/wp\/v2\/product_cat?post=33"},{"taxonomy":"product_tag","embeddable":true,"href":"https:\/\/zoeandzoe.com\/col\/wp-json\/wp\/v2\/product_tag?post=33"}],"curies":[{"name":"wp","href":"https:\/\/api.w.org\/{rel}","templated":true}]}}