{"id":3060,"date":"2023-06-11T03:31:31","date_gmt":"2023-06-11T08:31:31","guid":{"rendered":"https:\/\/zoeandzoe.com\/col\/?post_type=product&#038;p=3060"},"modified":"2023-06-11T03:31:54","modified_gmt":"2023-06-11T08:31:54","slug":"maquina-para-hacer-mascarillas","status":"publish","type":"product","link":"https:\/\/zoeandzoe.com\/col\/producto\/maquina-para-hacer-mascarillas\/","title":{"rendered":"MAQUINA PARA HACER MASCARILLAS"},"content":{"rendered":"<ul class=\"ul1\">\n<li class=\"li1\">Esta m\u00e1quina es adecuada para hacer m\u00e1scaras faciales naturales de frutas y verduras, y es s\u00faper segura y saludable de usar. Cuando hagas tu propia m\u00e1scara facial de frutas o verduras en casa, puedes disfrutarla como quieras y a\u00f1adirla al d\u00eda de spa. Te proporcionar\u00e1 el mejor cuidado de la piel, reafirmante y efecto de recuperaci\u00f3n de elasticidad, para lograr el efecto de hacerte hermosa.<\/li>\n<li class=\"li1\">M\u00e1scara natural variada: puedes hacer una m\u00e1scara de acuerdo a tu piel, infusionada con jugo de frutas y verduras o t\u00e9, leche, leche de soja, miel, cerveza y vino, aceites esenciales, hierbas, flores y huevos. La personalizaci\u00f3n privada es propicia para mejorar la absorci\u00f3n de nutrientes de la piel facial, proporcion\u00e1ndote cuidado de la piel verde, blanqueando la piel y restaurando la flexibilidad y la vitalidad de la piel.<\/li>\n<li class=\"li1\">{F\u00e1cil limpieza}Cuando se utiliza la tecnolog\u00eda de limpieza p\u00farpura, simplemente cambia el bot\u00f3n al modo de limpieza autom\u00e1tica para eliminar los residuos dentro de la m\u00e1quina. Despu\u00e9s de limpiar la m\u00e1scara, no pegue l\u00edquidos de alta viscosidad (como leche, miel) en la parte inferior o dentro del tanque de mezcla. Utiliza el cepillo de limpieza para limpiar el dep\u00f3sito de mezcla. Se recomienda utilizar materiales de alta viscosidad para limpiar dos veces.<\/li>\n<li class=\"li1\">Producci\u00f3n silenciosa, autom\u00e1tica y sencilla: dise\u00f1o silencioso, puedes saber claramente el proceso de hacer la m\u00e1scara autom\u00e1ticamente, y puedes operarla f\u00e1cilmente, ahorra tiempo y ahorra energ\u00eda pulsando un bot\u00f3n. El proceso de producci\u00f3n solo tarda 5 minutos, lo que es una manera muy econ\u00f3mica y conveniente de obtener una belleza facial segura en casa.<\/li>\n<li class=\"li1\">{PRECAUCIONES} Por favor, lee las instrucciones y precauciones cuidadosamente antes de su uso. El col\u00e1geno no est\u00e1 incluido en la lista de productos. Puedes comprar al mismo tiempo bajo el enlace, que es conveniente y r\u00e1pido. Antes de hacer la m\u00e1scara, prepara 0.7\u00a0fl oz de jugo, y luego mezcla el jugo y agua seg\u00fan las instrucciones. Tambi\u00e9n puedes consultar otras proporciones de f\u00f3rmula en el \u00abmanual de belleza\u00bb adjunto para hacer tu propia m\u00e1scara de bricolaje<\/li>\n<\/ul>\n","protected":false},"excerpt":{"rendered":"<p>Esta m\u00e1quina es adecuada para hacer m\u00e1scaras faciales naturales de frutas y verduras, y es s\u00faper segura y saludable de usar. Cuando hagas tu propia m\u00e1scara facial de frutas o verduras en casa, puedes disfrutarla como quieras y a\u00f1adirla al d\u00eda de spa. Te proporcionar\u00e1 el mejor cuidado de la piel, reafirmante y efecto de [&hellip;]<\/p>\n","protected":false},"featured_media":3061,"template":"","meta":{"_et_pb_use_builder":"","_et_pb_old_content":"","_et_gb_content_width":""},"product_brand":[],"product_cat":[16,22,23,50,52,53],"product_tag":[115,109,111,113,112,114,116],"class_list":{"0":"post-3060","1":"product","2":"type-product","3":"status-publish","4":"has-post-thumbnail","6":"product_cat-cuidado-de-la-piel","7":"product_cat-exfoliantes-y-mascarillas","8":"product_cat-hidratantes-y-tratamientos-faciales","9":"product_cat-herramientas","10":"product_cat-limpieza-y-cuidado-de-brochas","11":"product_cat-accesorios","12":"product_tag-face-mask","13":"product_tag-facial","14":"product_tag-maquina-de-hacer-mascarills","15":"product_tag-maquina-facial","16":"product_tag-maquina-para-hacer-mascarillas","17":"product_tag-mascarillas","18":"product_tag-mask","20":"first","21":"instock","22":"sale","23":"taxable","24":"shipping-taxable","25":"purchasable","26":"product-type-simple"},"_links":{"self":[{"href":"https:\/\/zoeandzoe.com\/col\/wp-json\/wp\/v2\/product\/3060","targetHints":{"allow":["GET"]}}],"collection":[{"href":"https:\/\/zoeandzoe.com\/col\/wp-json\/wp\/v2\/product"}],"about":[{"href":"https:\/\/zoeandzoe.com\/col\/wp-json\/wp\/v2\/types\/product"}],"wp:featuredmedia":[{"embeddable":true,"href":"https:\/\/zoeandzoe.com\/col\/wp-json\/wp\/v2\/media\/3061"}],"wp:attachment":[{"href":"https:\/\/zoeandzoe.com\/col\/wp-json\/wp\/v2\/media?parent=3060"}],"wp:term":[{"taxonomy":"product_brand","embeddable":true,"href":"https:\/\/zoeandzoe.com\/col\/wp-json\/wp\/v2\/product_brand?post=3060"},{"taxonomy":"product_cat","embeddable":true,"href":"https:\/\/zoeandzoe.com\/col\/wp-json\/wp\/v2\/product_cat?post=3060"},{"taxonomy":"product_tag","embeddable":true,"href":"https:\/\/zoeandzoe.com\/col\/wp-json\/wp\/v2\/product_tag?post=3060"}],"curies":[{"name":"wp","href":"https:\/\/api.w.org\/{rel}","templated":true}]}}