{"id":3046,"date":"2023-06-11T03:14:04","date_gmt":"2023-06-11T08:14:04","guid":{"rendered":"https:\/\/zoeandzoe.com\/col\/?post_type=product&#038;p=3046"},"modified":"2023-06-11T03:14:04","modified_gmt":"2023-06-11T08:14:04","slug":"limpiador-facial-para-acne-mario-badescu-177-ml","status":"publish","type":"product","link":"https:\/\/zoeandzoe.com\/col\/producto\/limpiador-facial-para-acne-mario-badescu-177-ml\/","title":{"rendered":"LIMPIADOR FACIAL PARA ACN\u00c9 MARIO BADESCU 177 ML"},"content":{"rendered":"<p class=\"p1\">El lavado facial sin aceite y aclarador para pieles grasas y problem\u00e1ticas deja la piel fresca y purificada. Una mezcla de \u00e1cido salic\u00edlico BHA y calmante aloe vera, manzanilla y tomillo descomponen el exceso de aceite e impurezas, ayudando a combatir imperfecciones y congesti\u00f3n, mientras que calma y calma la piel.<\/p>\n<p class=\"p1\">Ingredientes clave:<br \/>\n\u00c1cido salic\u00edlico exfoliante y limpiador de poros<br \/>\nExtracto de tomillo clarificante<br \/>\nExtracto calmante de aloe vera y manzanilla<\/p>\n<p class=\"p1\">Mario Badescu Consejo de la piel:<br \/>\nLos tipos de piel mixta o grasa que no experimentan brotes regulares (o persistentes) tambi\u00e9n pueden utilizar el limpiador facial para el acn\u00e9.<br \/>\nUnas pocas veces a la semana (o en verano, cuando la piel tiende a volverse m\u00e1s grasa), \u00fasalo en lugar de tu lavado facial diario para ayudar a limpiar profundamente y descongestionar la piel.<\/p>\n<p class=\"p1\">C\u00f3mo usar:<br \/>\n1. Masajea suavemente el limpiador en movimientos circulares sobre la piel h\u00fameda.<br \/>\n2. Enjuaga bien con agua tibia.<\/p>\n<p class=\"p1\">Aseg\u00farate de seguir con un t\u00f3ner e hidratante adecuados.<\/p>\n<p class=\"p1\">*Si el producto entra en los ojos, enjuaga bien con agua.<\/p>\n<p class=\"p3\"><b>Funciones y detalles<\/b><\/p>\n<ul class=\"ul1\">\n<li class=\"li1\">Aloe Vera y camomila reparan, suavizar y sanan la piel inflamada<\/li>\n<li class=\"li1\">Tomillo y \u00e1cido salic\u00edlico desinfectan y exfolian<\/li>\n<li class=\"li1\">Previene brotes futuros<\/li>\n<\/ul>\n","protected":false},"excerpt":{"rendered":"<p>El lavado facial sin aceite y aclarador para pieles grasas y problem\u00e1ticas deja la piel fresca y purificada. Una mezcla de \u00e1cido salic\u00edlico BHA y calmante aloe vera, manzanilla y tomillo descomponen el exceso de aceite e impurezas, ayudando a combatir imperfecciones y congesti\u00f3n, mientras que calma y calma la piel. Ingredientes clave: \u00c1cido salic\u00edlico [&hellip;]<\/p>\n","protected":false},"featured_media":3047,"template":"","meta":{"_et_pb_use_builder":"","_et_pb_old_content":"","_et_gb_content_width":""},"product_brand":[],"product_cat":[60,16,20,23],"product_tag":[103,102],"class_list":{"0":"post-3046","1":"product","2":"type-product","3":"status-publish","4":"has-post-thumbnail","6":"product_cat-cuidados","7":"product_cat-cuidado-de-la-piel","8":"product_cat-limpiadores-y-desmaquillantes","9":"product_cat-hidratantes-y-tratamientos-faciales","10":"product_tag-limpiador-facial","11":"product_tag-mario-badescu","13":"first","14":"instock","15":"sale","16":"taxable","17":"shipping-taxable","18":"purchasable","19":"product-type-simple"},"_links":{"self":[{"href":"https:\/\/zoeandzoe.com\/col\/wp-json\/wp\/v2\/product\/3046","targetHints":{"allow":["GET"]}}],"collection":[{"href":"https:\/\/zoeandzoe.com\/col\/wp-json\/wp\/v2\/product"}],"about":[{"href":"https:\/\/zoeandzoe.com\/col\/wp-json\/wp\/v2\/types\/product"}],"wp:featuredmedia":[{"embeddable":true,"href":"https:\/\/zoeandzoe.com\/col\/wp-json\/wp\/v2\/media\/3047"}],"wp:attachment":[{"href":"https:\/\/zoeandzoe.com\/col\/wp-json\/wp\/v2\/media?parent=3046"}],"wp:term":[{"taxonomy":"product_brand","embeddable":true,"href":"https:\/\/zoeandzoe.com\/col\/wp-json\/wp\/v2\/product_brand?post=3046"},{"taxonomy":"product_cat","embeddable":true,"href":"https:\/\/zoeandzoe.com\/col\/wp-json\/wp\/v2\/product_cat?post=3046"},{"taxonomy":"product_tag","embeddable":true,"href":"https:\/\/zoeandzoe.com\/col\/wp-json\/wp\/v2\/product_tag?post=3046"}],"curies":[{"name":"wp","href":"https:\/\/api.w.org\/{rel}","templated":true}]}}