{"id":3043,"date":"2023-06-11T03:04:49","date_gmt":"2023-06-11T08:04:49","guid":{"rendered":"https:\/\/zoeandzoe.com\/col\/?post_type=product&#038;p=3043"},"modified":"2023-06-11T03:07:40","modified_gmt":"2023-06-11T08:07:40","slug":"3043","status":"publish","type":"product","link":"https:\/\/zoeandzoe.com\/col\/producto\/3043\/","title":{"rendered":"SERUM NIACIDAMIDA GOOD MOLECULAS"},"content":{"rendered":"<p class=\"p1\">Promueve una piel suave y uniforme y minimiza la apariencia de los poros con el suero de niacinamida de Good Molecules. Formulado con 10% de niacinamida (vitamina B3), este suero ligeroAyuda a refinar el tono y la textura de la piel para una tez m\u00e1s brillante y saludable.Ve una diferencia en tu piel<\/p>\n<p class=\"p1\">La niacinamida es una vitamina B muy querida, a menudo a\u00f1adida a los sueros por su brillo, equilibrio y poderes de limpieza. Este suero fue dise\u00f1ado para mejorar el aspecto de los poros agrandados, piel desigual Tono y textura, y opacidad, dej\u00e1ndote radiante y seguro. Tambi\u00e9n se cree que es muy beneficioso para aquellos con piel propensa al acn\u00e9, y ayuda con los poros obstruidos sin causar deshidrataci\u00f3n. Este suero fomenta una reducci\u00f3n en los signos de p\u00e9rdida de humedad causada por un d\u00e9bil Funci\u00f3n de barrera de piel. Adem\u00e1s, la f\u00f3rmula ligera a base de agua se coloca perfectamente debajo cuidado de la piel y maquillaje, por lo que es una adici\u00f3n f\u00e1cil a tu rutina de cuidado de la piel. F\u00e1cil adici\u00f3n a tu r\u00e9gimen de belleza Recomendamos usar dos veces al d\u00eda, una vez por la ma\u00f1ana y una vez por la noche aplicando unos pocos cae a tu piel antes de aceites, humectantes y cremas. Si utilizas un producto que contenga \u00e1cido asc\u00f3rbico, recomendamos aplicarlo por la noche y aplicar el suero de niacinamida en el Ma\u00f1ana. Aunque hemos encontrado que esta f\u00f3rmula no es irritante, entendemos que toda la piel.Los tipos son diferentes y animan a nuestros clientes a hacer una prueba de parche para garantizar que no haya irritaci\u00f3n.<\/p>\n<p class=\"p3\"><b>Funciones y detalles<\/b><\/p>\n<ul class=\"ul1\">\n<li class=\"li1\">Tez brillante y saludable: refinar el tono y mejorar la textura mientras nutre tu piel \u00a1Abraza la nueva confianza con el suero de niacinamida Good Molecules<\/li>\n<li class=\"li1\">Calmante y no secado: beneficioso para la piel propensa al acn\u00e9 y los poros obstruidos. Este suero no se seca y est\u00e1 dise\u00f1ado para ayudar a reducir los signos de p\u00e9rdida de humedad causada por una funci\u00f3n de barrera d\u00e9bil de la piel.<\/li>\n<li class=\"li1\">Promueve una piel suave y uniforme: esta f\u00f3rmula de equilibrio es rica en niacinamida (10%), tambi\u00e9n conocida como B3, y puede ser muy \u00fatil para aquellos que sufren de brotes, tono de piel irregular, poros agrandados y textura opaca.<\/li>\n<li class=\"li1\">Complemento perfecto para tu r\u00e9gimen de belleza: aplica unas gotas a tu piel por la ma\u00f1ana y por la noche antes de aceites, hidratantes y cremas. Nuestro suero es lo suficientemente potente como para traer resultados y lo suficientemente suave para el uso diario.<\/li>\n<li class=\"li1\">Lo suficientemente suave para todos los tipos de piel: este suero es adecuado para todo tipo de piel, pero puede ser especialmente beneficioso para aquellos con piel combinada\/grasa. Nuestro suero tiene un pH de 7,1, no contiene fragancia y nunca se ha probado en animales.<\/li>\n<\/ul>\n","protected":false},"excerpt":{"rendered":"<p>Promueve una piel suave y uniforme y minimiza la apariencia de los poros con el suero de niacinamida de Good Molecules. Formulado con 10% de niacinamida (vitamina B3), este suero ligeroAyuda a refinar el tono y la textura de la piel para una tez m\u00e1s brillante y saludable.Ve una diferencia en tu piel La niacinamida [&hellip;]<\/p>\n","protected":false},"featured_media":3044,"template":"","meta":{"_et_pb_use_builder":"","_et_pb_old_content":"","_et_gb_content_width":""},"product_brand":[],"product_cat":[32,60,16,23],"product_tag":[101,100],"class_list":{"0":"post-3043","1":"product","2":"type-product","3":"status-publish","4":"has-post-thumbnail","6":"product_cat-rostro","7":"product_cat-cuidados","8":"product_cat-cuidado-de-la-piel","9":"product_cat-hidratantes-y-tratamientos-faciales","10":"product_tag-good-molecules","11":"product_tag-niacidamide","13":"first","14":"instock","15":"taxable","16":"shipping-taxable","17":"purchasable","18":"product-type-simple"},"_links":{"self":[{"href":"https:\/\/zoeandzoe.com\/col\/wp-json\/wp\/v2\/product\/3043","targetHints":{"allow":["GET"]}}],"collection":[{"href":"https:\/\/zoeandzoe.com\/col\/wp-json\/wp\/v2\/product"}],"about":[{"href":"https:\/\/zoeandzoe.com\/col\/wp-json\/wp\/v2\/types\/product"}],"wp:featuredmedia":[{"embeddable":true,"href":"https:\/\/zoeandzoe.com\/col\/wp-json\/wp\/v2\/media\/3044"}],"wp:attachment":[{"href":"https:\/\/zoeandzoe.com\/col\/wp-json\/wp\/v2\/media?parent=3043"}],"wp:term":[{"taxonomy":"product_brand","embeddable":true,"href":"https:\/\/zoeandzoe.com\/col\/wp-json\/wp\/v2\/product_brand?post=3043"},{"taxonomy":"product_cat","embeddable":true,"href":"https:\/\/zoeandzoe.com\/col\/wp-json\/wp\/v2\/product_cat?post=3043"},{"taxonomy":"product_tag","embeddable":true,"href":"https:\/\/zoeandzoe.com\/col\/wp-json\/wp\/v2\/product_tag?post=3043"}],"curies":[{"name":"wp","href":"https:\/\/api.w.org\/{rel}","templated":true}]}}