{"id":3039,"date":"2023-06-11T02:34:14","date_gmt":"2023-06-11T07:34:14","guid":{"rendered":"https:\/\/zoeandzoe.com\/col\/?post_type=product&#038;p=3039"},"modified":"2023-06-11T03:08:36","modified_gmt":"2023-06-11T08:08:36","slug":"fit-9-sascha-fitness","status":"publish","type":"product","link":"https:\/\/zoeandzoe.com\/col\/producto\/fit-9-sascha-fitness\/","title":{"rendered":"FIT 9 SASCHA FITNESS"},"content":{"rendered":"<ul class=\"ul1\">\n<li class=\"li1\">Fit 9 es un suplemento compuesto por nueve S\u00faper ingredientes que pueden ayudarte a lograr una mejor versi\u00f3n de ti mismo.<\/li>\n<li class=\"li1\">Ayuda con la p\u00e9rdida de grasa de una manera segura y natural: Uno de sus principales beneficios es que mejora tu equilibrio hormonal, ayudar\u00e1 a acelerar el metabolismo y ayudar\u00e1 a tu cuerpo a usar m\u00e1s grasa como combustible.<\/li>\n<li class=\"li1\">Apoya la s\u00edntesis de col\u00e1geno: nuestra f\u00f3rmula contiene hierbas naturales que estimulan la producci\u00f3n de col\u00e1geno en nuestro cuerpo.<\/li>\n<li class=\"li1\">Ayuda con la retenci\u00f3n de l\u00edquidos: La combinaci\u00f3n de Ra\u00edz de Diente de Le\u00f3n, Potasio y Uva Ursi ayudar\u00e1 a tu cuerpo a deshacerse del exceso de agua de una manera segura y efectiva.<\/li>\n<li class=\"li1\">Ayuda a reducir la celulitis: La celulitis es causada por m\u00faltiples factores. Nuestra f\u00f3rmula est\u00e1 dise\u00f1ada para combatir la mayor\u00eda de estos aspectos influyentes: exceso de grasa, col\u00e1geno, retenci\u00f3n de l\u00edquidos y circulaci\u00f3n.<\/li>\n<li class=\"li1\">Puede tener un efecto positivo sobre el estado de \u00e1nimo y el estr\u00e9s.<\/li>\n<\/ul>\n<p>Apoyo para la perdida de grasa, apto para veganos, combate la celulitis, promueve el colageno, energia, con 7 ceto.<\/p>\n","protected":false},"excerpt":{"rendered":"<p>Fit 9 es un suplemento compuesto por nueve S\u00faper ingredientes que pueden ayudarte a lograr una mejor versi\u00f3n de ti mismo. Ayuda con la p\u00e9rdida de grasa de una manera segura y natural: Uno de sus principales beneficios es que mejora tu equilibrio hormonal, ayudar\u00e1 a acelerar el metabolismo y ayudar\u00e1 a tu cuerpo a [&hellip;]<\/p>\n","protected":false},"featured_media":3040,"template":"","meta":{"_et_pb_use_builder":"","_et_pb_old_content":"","_et_gb_content_width":""},"product_brand":[],"product_cat":[18,29],"product_tag":[99,98],"class_list":{"0":"post-3039","1":"product","2":"type-product","3":"status-publish","4":"has-post-thumbnail","6":"product_cat-cuidado-corporal","7":"product_cat-vitaminas-y-suplementos","8":"product_tag-fit-9","9":"product_tag-fit-9-sascha","11":"first","12":"instock","13":"taxable","14":"shipping-taxable","15":"purchasable","16":"product-type-simple"},"_links":{"self":[{"href":"https:\/\/zoeandzoe.com\/col\/wp-json\/wp\/v2\/product\/3039","targetHints":{"allow":["GET"]}}],"collection":[{"href":"https:\/\/zoeandzoe.com\/col\/wp-json\/wp\/v2\/product"}],"about":[{"href":"https:\/\/zoeandzoe.com\/col\/wp-json\/wp\/v2\/types\/product"}],"wp:featuredmedia":[{"embeddable":true,"href":"https:\/\/zoeandzoe.com\/col\/wp-json\/wp\/v2\/media\/3040"}],"wp:attachment":[{"href":"https:\/\/zoeandzoe.com\/col\/wp-json\/wp\/v2\/media?parent=3039"}],"wp:term":[{"taxonomy":"product_brand","embeddable":true,"href":"https:\/\/zoeandzoe.com\/col\/wp-json\/wp\/v2\/product_brand?post=3039"},{"taxonomy":"product_cat","embeddable":true,"href":"https:\/\/zoeandzoe.com\/col\/wp-json\/wp\/v2\/product_cat?post=3039"},{"taxonomy":"product_tag","embeddable":true,"href":"https:\/\/zoeandzoe.com\/col\/wp-json\/wp\/v2\/product_tag?post=3039"}],"curies":[{"name":"wp","href":"https:\/\/api.w.org\/{rel}","templated":true}]}}