{"id":3026,"date":"2023-06-11T02:05:05","date_gmt":"2023-06-11T07:05:05","guid":{"rendered":"https:\/\/zoeandzoe.com\/col\/?post_type=product&#038;p=3026"},"modified":"2023-06-11T03:08:21","modified_gmt":"2023-06-11T08:08:21","slug":"restore-sascha-fitness","status":"publish","type":"product","link":"https:\/\/zoeandzoe.com\/col\/producto\/restore-sascha-fitness\/","title":{"rendered":"RESTORE SASCHA FITNESS"},"content":{"rendered":"<ul class=\"ul1\">\n<li class=\"li1\">Apoyo al metabolismo: Ashwagandha es una hierba adaptog\u00e9nica que ha demostrado resultados incre\u00edbles para equilibrar las hormonas tiroideas. Esto tiene un efecto positivo en su metabolismo.<\/li>\n<li class=\"li1\">Promueve una respuesta equilibrada del cortisol: Ashwagandha es una superestrella cuando se trata de reducir el nivel de cortisol.<\/li>\n<li class=\"li1\">Apoya la funci\u00f3n suprarrenal saludable: la mezcla de adapt\u00f3genos, minerales y amino\u00e1cidos en nuestra f\u00f3rmula ayudar\u00e1 a mejorar tu salud suprarrenal.<\/li>\n<li class=\"li1\">Promueve la relajaci\u00f3n: con restauraci\u00f3n te sentir\u00e1s mejor, dentro y fuera. Cada uno de los componentes de nuestra f\u00f3rmula tiene un impacto positivo en los niveles de estr\u00e9s y estado de \u00e1nimo.<\/li>\n<li class=\"li1\">Nuestra f\u00f3rmula contiene KSM-66 Ashwagandha es un extracto de marca de espectro completo, con la mayor concentraci\u00f3n de todos los principales extractos de ra\u00edz disponibles en el mercado hoy en d\u00eda.<\/li>\n<\/ul>\n","protected":false},"excerpt":{"rendered":"<p>Apoyo al metabolismo: Ashwagandha es una hierba adaptog\u00e9nica que ha demostrado resultados incre\u00edbles para equilibrar las hormonas tiroideas. Esto tiene un efecto positivo en su metabolismo. Promueve una respuesta equilibrada del cortisol: Ashwagandha es una superestrella cuando se trata de reducir el nivel de cortisol. Apoya la funci\u00f3n suprarrenal saludable: la mezcla de adapt\u00f3genos, minerales [&hellip;]<\/p>\n","protected":false},"featured_media":3027,"template":"","meta":{"_et_pb_use_builder":"","_et_pb_old_content":"","_et_gb_content_width":""},"product_brand":[],"product_cat":[18,29],"product_tag":[],"class_list":{"0":"post-3026","1":"product","2":"type-product","3":"status-publish","4":"has-post-thumbnail","6":"product_cat-cuidado-corporal","7":"product_cat-vitaminas-y-suplementos","9":"first","10":"instock","11":"taxable","12":"shipping-taxable","13":"purchasable","14":"product-type-simple"},"_links":{"self":[{"href":"https:\/\/zoeandzoe.com\/col\/wp-json\/wp\/v2\/product\/3026","targetHints":{"allow":["GET"]}}],"collection":[{"href":"https:\/\/zoeandzoe.com\/col\/wp-json\/wp\/v2\/product"}],"about":[{"href":"https:\/\/zoeandzoe.com\/col\/wp-json\/wp\/v2\/types\/product"}],"wp:featuredmedia":[{"embeddable":true,"href":"https:\/\/zoeandzoe.com\/col\/wp-json\/wp\/v2\/media\/3027"}],"wp:attachment":[{"href":"https:\/\/zoeandzoe.com\/col\/wp-json\/wp\/v2\/media?parent=3026"}],"wp:term":[{"taxonomy":"product_brand","embeddable":true,"href":"https:\/\/zoeandzoe.com\/col\/wp-json\/wp\/v2\/product_brand?post=3026"},{"taxonomy":"product_cat","embeddable":true,"href":"https:\/\/zoeandzoe.com\/col\/wp-json\/wp\/v2\/product_cat?post=3026"},{"taxonomy":"product_tag","embeddable":true,"href":"https:\/\/zoeandzoe.com\/col\/wp-json\/wp\/v2\/product_tag?post=3026"}],"curies":[{"name":"wp","href":"https:\/\/api.w.org\/{rel}","templated":true}]}}