{"id":3024,"date":"2023-06-11T01:57:17","date_gmt":"2023-06-11T06:57:17","guid":{"rendered":"https:\/\/zoeandzoe.com\/col\/?post_type=product&#038;p=3024"},"modified":"2023-06-11T01:58:45","modified_gmt":"2023-06-11T06:58:45","slug":"aspirinita","status":"publish","type":"product","link":"https:\/\/zoeandzoe.com\/col\/producto\/aspirinita\/","title":{"rendered":"ASPIRINITA"},"content":{"rendered":"<p class=\"p1\">El ingrediente activo Kirkland Signature Low Dose 81mg Aspirin es Aspirin 81mg, un ingrediente activo de venta libre recomendado para aliviar el dolor en adultos y ni\u00f1os de 12 a\u00f1os en adelante. La aspirina Kirkland Signature de 81 mg es suave para los est\u00f3magos sensibles y segura para su r\u00e9gimen de aspirina prescrito.<\/p>\n<p class=\"p1\">Kirkland Signature Aspirin es un f\u00e1rmaco antiinflamatorio no esteroideo (AINE) que se utiliza para tratar el dolor y reducir la inflamaci\u00f3n por diversas causas, como dolores de cabeza, artritis y dolores musculares.<\/p>\n","protected":false},"excerpt":{"rendered":"<p>El ingrediente activo Kirkland Signature Low Dose 81mg Aspirin es Aspirin 81mg, un ingrediente activo de venta libre recomendado para aliviar el dolor en adultos y ni\u00f1os de 12 a\u00f1os en adelante. La aspirina Kirkland Signature de 81 mg es suave para los est\u00f3magos sensibles y segura para su r\u00e9gimen de aspirina prescrito. Kirkland Signature [&hellip;]<\/p>\n","protected":false},"featured_media":3025,"template":"","meta":{"_et_pb_use_builder":"","_et_pb_old_content":"","_et_gb_content_width":""},"product_brand":[],"product_cat":[60,46,18,29],"product_tag":[93,94],"class_list":{"0":"post-3024","1":"product","2":"type-product","3":"status-publish","4":"has-post-thumbnail","6":"product_cat-cuidados","7":"product_cat-vitaminas","8":"product_cat-cuidado-corporal","9":"product_cat-vitaminas-y-suplementos","10":"product_tag-aspirin","11":"product_tag-aspirinita","13":"first","14":"instock","15":"taxable","16":"shipping-taxable","17":"purchasable","18":"product-type-simple"},"_links":{"self":[{"href":"https:\/\/zoeandzoe.com\/col\/wp-json\/wp\/v2\/product\/3024","targetHints":{"allow":["GET"]}}],"collection":[{"href":"https:\/\/zoeandzoe.com\/col\/wp-json\/wp\/v2\/product"}],"about":[{"href":"https:\/\/zoeandzoe.com\/col\/wp-json\/wp\/v2\/types\/product"}],"wp:featuredmedia":[{"embeddable":true,"href":"https:\/\/zoeandzoe.com\/col\/wp-json\/wp\/v2\/media\/3025"}],"wp:attachment":[{"href":"https:\/\/zoeandzoe.com\/col\/wp-json\/wp\/v2\/media?parent=3024"}],"wp:term":[{"taxonomy":"product_brand","embeddable":true,"href":"https:\/\/zoeandzoe.com\/col\/wp-json\/wp\/v2\/product_brand?post=3024"},{"taxonomy":"product_cat","embeddable":true,"href":"https:\/\/zoeandzoe.com\/col\/wp-json\/wp\/v2\/product_cat?post=3024"},{"taxonomy":"product_tag","embeddable":true,"href":"https:\/\/zoeandzoe.com\/col\/wp-json\/wp\/v2\/product_tag?post=3024"}],"curies":[{"name":"wp","href":"https:\/\/api.w.org\/{rel}","templated":true}]}}