{"id":3019,"date":"2023-06-11T01:51:22","date_gmt":"2023-06-11T06:51:22","guid":{"rendered":"https:\/\/zoeandzoe.com\/col\/?post_type=product&#038;p=3019"},"modified":"2023-06-11T01:51:22","modified_gmt":"2023-06-11T06:51:22","slug":"vital-proteins-collagen-peptides-x-680-gr","status":"publish","type":"product","link":"https:\/\/zoeandzoe.com\/col\/producto\/vital-proteins-collagen-peptides-x-680-gr\/","title":{"rendered":"VITAL PROTEINS COLLAGEN PEPTIDES X 680 GR"},"content":{"rendered":"<p class=\"p1\">Vital Proteins ayuda a las personas a sentirse mejor y vivir vidas m\u00e1s plenas a trav\u00e9s de productos nutricionales de origen sostenible, promoviendo la salud, el fitness y la belleza natural. Lo hacemos proporcionando col\u00e1geno nutritivo y promoviendo la producci\u00f3n de col\u00e1geno de nuestro cuerpo, un ingrediente eliminado de nuestras dietas por el procesamiento moderno de alimentos. Los p\u00e9ptidos de col\u00e1geno Vital Proteins se digieren f\u00e1cilmente y son solubles en l\u00edquidos fr\u00edos o calientes, y una o dos cucharadas al d\u00eda es todo lo que necesitas Agregar una cucharada de p\u00e9ptidos de col\u00e1geno a alimentos o bebidas te da el impulso que necesitas para apoyar el cabello saludable, la piel y las u\u00f1as, la salud de los huesos y las articulaciones, la recuperaci\u00f3n muscular y m\u00e1s.<\/p>\n<ul class=\"ul1\">\n<li class=\"li1\">0.71\u00a0oz de col\u00e1geno por porci\u00f3n, Kosher, vegano, sin gluten<\/li>\n<li class=\"li1\">0.63\u00a0oz de prote\u00edna por porci\u00f3n<\/li>\n<li class=\"li1\">P\u00e9ptidos de col\u00e1geno de piel bovina<\/li>\n<\/ul>\n<p>680 gramos (1.5 lb)<\/p>\n","protected":false},"excerpt":{"rendered":"<p>Vital Proteins ayuda a las personas a sentirse mejor y vivir vidas m\u00e1s plenas a trav\u00e9s de productos nutricionales de origen sostenible, promoviendo la salud, el fitness y la belleza natural. Lo hacemos proporcionando col\u00e1geno nutritivo y promoviendo la producci\u00f3n de col\u00e1geno de nuestro cuerpo, un ingrediente eliminado de nuestras dietas por el procesamiento moderno [&hellip;]<\/p>\n","protected":false},"featured_media":3020,"template":"","meta":{"_et_pb_use_builder":"","_et_pb_old_content":"","_et_gb_content_width":""},"product_brand":[],"product_cat":[60,16,18,29],"product_tag":[91,92],"class_list":{"0":"post-3019","1":"product","2":"type-product","3":"status-publish","4":"has-post-thumbnail","6":"product_cat-cuidados","7":"product_cat-cuidado-de-la-piel","8":"product_cat-cuidado-corporal","9":"product_cat-vitaminas-y-suplementos","10":"product_tag-colageno","11":"product_tag-colageno-en-polvo","13":"first","14":"instock","15":"taxable","16":"shipping-taxable","17":"purchasable","18":"product-type-simple"},"_links":{"self":[{"href":"https:\/\/zoeandzoe.com\/col\/wp-json\/wp\/v2\/product\/3019","targetHints":{"allow":["GET"]}}],"collection":[{"href":"https:\/\/zoeandzoe.com\/col\/wp-json\/wp\/v2\/product"}],"about":[{"href":"https:\/\/zoeandzoe.com\/col\/wp-json\/wp\/v2\/types\/product"}],"wp:featuredmedia":[{"embeddable":true,"href":"https:\/\/zoeandzoe.com\/col\/wp-json\/wp\/v2\/media\/3020"}],"wp:attachment":[{"href":"https:\/\/zoeandzoe.com\/col\/wp-json\/wp\/v2\/media?parent=3019"}],"wp:term":[{"taxonomy":"product_brand","embeddable":true,"href":"https:\/\/zoeandzoe.com\/col\/wp-json\/wp\/v2\/product_brand?post=3019"},{"taxonomy":"product_cat","embeddable":true,"href":"https:\/\/zoeandzoe.com\/col\/wp-json\/wp\/v2\/product_cat?post=3019"},{"taxonomy":"product_tag","embeddable":true,"href":"https:\/\/zoeandzoe.com\/col\/wp-json\/wp\/v2\/product_tag?post=3019"}],"curies":[{"name":"wp","href":"https:\/\/api.w.org\/{rel}","templated":true}]}}