{"id":3010,"date":"2023-06-11T01:03:17","date_gmt":"2023-06-11T06:03:17","guid":{"rendered":"https:\/\/zoeandzoe.com\/col\/?post_type=product&#038;p=3010"},"modified":"2023-06-11T01:03:18","modified_gmt":"2023-06-11T06:03:18","slug":"pestanina-essence-lash-prince-verde","status":"publish","type":"product","link":"https:\/\/zoeandzoe.com\/col\/producto\/pestanina-essence-lash-prince-verde\/","title":{"rendered":"PESTA\u00d1INA ESSENCE LASH PRINCE VERDE"},"content":{"rendered":"<p class=\"p1\">La m\u00e1scara de pesta\u00f1as Lash Princess False Lash define y separa las pesta\u00f1as al mismo tiempo que logra una apariencia audaz.<\/p>\n<p class=\"p1\">VOLUMEN DRAM\u00c1TICO: el cepillo de fibra de forma c\u00f3nica brinda un volumen espectacular y una longitud esculpida SIN grumos ni grumos.<\/p>\n<p class=\"p1\">DURA TODO EL D\u00cdA: \u00a1pasa el d\u00eda libre de descamaci\u00f3n y decoloraci\u00f3n! Este r\u00edmel no se descascara, se desvanece ni se desgasta, lo que lo convierte en un r\u00edmel perfecto para todo el d\u00eda y de larga duraci\u00f3n.<\/p>\n","protected":false},"excerpt":{"rendered":"<p>La m\u00e1scara de pesta\u00f1as Lash Princess False Lash define y separa las pesta\u00f1as al mismo tiempo que logra una apariencia audaz. VOLUMEN DRAM\u00c1TICO: el cepillo de fibra de forma c\u00f3nica brinda un volumen espectacular y una longitud esculpida SIN grumos ni grumos. DURA TODO EL D\u00cdA: \u00a1pasa el d\u00eda libre de descamaci\u00f3n y decoloraci\u00f3n! Este [&hellip;]<\/p>\n","protected":false},"featured_media":3012,"template":"","meta":{"_et_pb_use_builder":"","_et_pb_old_content":"","_et_gb_content_width":""},"product_brand":[],"product_cat":[19,31,72],"product_tag":[90,88,89],"class_list":{"0":"post-3010","1":"product","2":"type-product","3":"status-publish","4":"has-post-thumbnail","6":"product_cat-maquillaje","7":"product_cat-ojos","8":"product_cat-pestaninas","9":"product_tag-essence","10":"product_tag-pestanina","11":"product_tag-pestaninas","13":"first","14":"instock","15":"taxable","16":"shipping-taxable","17":"purchasable","18":"product-type-simple"},"_links":{"self":[{"href":"https:\/\/zoeandzoe.com\/col\/wp-json\/wp\/v2\/product\/3010","targetHints":{"allow":["GET"]}}],"collection":[{"href":"https:\/\/zoeandzoe.com\/col\/wp-json\/wp\/v2\/product"}],"about":[{"href":"https:\/\/zoeandzoe.com\/col\/wp-json\/wp\/v2\/types\/product"}],"wp:featuredmedia":[{"embeddable":true,"href":"https:\/\/zoeandzoe.com\/col\/wp-json\/wp\/v2\/media\/3012"}],"wp:attachment":[{"href":"https:\/\/zoeandzoe.com\/col\/wp-json\/wp\/v2\/media?parent=3010"}],"wp:term":[{"taxonomy":"product_brand","embeddable":true,"href":"https:\/\/zoeandzoe.com\/col\/wp-json\/wp\/v2\/product_brand?post=3010"},{"taxonomy":"product_cat","embeddable":true,"href":"https:\/\/zoeandzoe.com\/col\/wp-json\/wp\/v2\/product_cat?post=3010"},{"taxonomy":"product_tag","embeddable":true,"href":"https:\/\/zoeandzoe.com\/col\/wp-json\/wp\/v2\/product_tag?post=3010"}],"curies":[{"name":"wp","href":"https:\/\/api.w.org\/{rel}","templated":true}]}}