{"id":29,"date":"2020-09-28T19:04:43","date_gmt":"2020-09-29T00:04:43","guid":{"rendered":"https:\/\/zoeandzoe.com\/col\/?post_type=product&#038;p=29"},"modified":"2023-06-11T00:30:00","modified_gmt":"2023-06-11T05:30:00","slug":"niacinamide-10-1-zinc-the-ordinary-1-0-oz","status":"publish","type":"product","link":"https:\/\/zoeandzoe.com\/col\/producto\/niacinamide-10-1-zinc-the-ordinary-1-0-oz\/","title":{"rendered":"Niacinamide 10% + 1\/% Zinc The Ordinary 1.0 oz"},"content":{"rendered":"<p><span data-sheets-value=\"{&quot;1&quot;:2,&quot;2&quot;:&quot;Mejora la funcion de barrera epidermica, reduciendo la perdida de agua transepidermica reteniendo la humedad. Previene la produccion excesiva de sebo. Cuando la piel conserva su humedad natural, la produccion natural de la grasa de la piel se controla y mejora la apariencia de los poros dilatados. Puede usarse de dia y noche. No es recomendable usarlo al tiempo que la vitamina C. Si se usa este serum y quieres aplicar la vitamina C aplica la Niacidamide en la manana y la Vitamina C por las noches. Nunca juntos!!!.&quot;}\" data-sheets-userformat=\"{&quot;2&quot;:769,&quot;3&quot;:{&quot;1&quot;:0},&quot;11&quot;:4,&quot;12&quot;:0}\">Mejora la funci\u00f3n de barrera epid\u00e9rmica, reduciendo la p\u00e9rdida de agua transepid\u00e9rmica reteniendo la humedad. Previene la producci\u00f3n excesiva de sebo. Cuando la piel conserva su humedad natural, la producci\u00f3n natural de la grasa de la piel se controla y mejora la apariencia de los poros dilatados. Puede usarse de d\u00eda y de noche. No es recomendable usarlo al tiempo que la vitamina C. Si se usa este serum y quieres aplicar la vitamina C, aplica la Niacidamide en la ma\u00f1ana y la Vitamina C por las noches. Nunca juntos!!!.<\/span><\/p>\n","protected":false},"excerpt":{"rendered":"<p>Mejora la funci\u00f3n de barrera epid\u00e9rmica, reduciendo la p\u00e9rdida de agua transepid\u00e9rmica reteniendo la humedad. Previene la producci\u00f3n excesiva de sebo. Cuando la piel conserva su humedad natural, la producci\u00f3n natural de la grasa de la piel se controla y mejora la apariencia de los poros dilatados. Puede usarse de d\u00eda y de noche. No [&hellip;]<\/p>\n","protected":false},"featured_media":584,"template":"","meta":{"_et_pb_use_builder":"","_et_pb_old_content":"","_et_gb_content_width":""},"product_brand":[],"product_cat":[16,22,23],"product_tag":[],"class_list":{"0":"post-29","1":"product","2":"type-product","3":"status-publish","4":"has-post-thumbnail","6":"product_cat-cuidado-de-la-piel","7":"product_cat-exfoliantes-y-mascarillas","8":"product_cat-hidratantes-y-tratamientos-faciales","10":"first","11":"instock","12":"taxable","13":"shipping-taxable","14":"purchasable","15":"product-type-simple"},"_links":{"self":[{"href":"https:\/\/zoeandzoe.com\/col\/wp-json\/wp\/v2\/product\/29","targetHints":{"allow":["GET"]}}],"collection":[{"href":"https:\/\/zoeandzoe.com\/col\/wp-json\/wp\/v2\/product"}],"about":[{"href":"https:\/\/zoeandzoe.com\/col\/wp-json\/wp\/v2\/types\/product"}],"wp:featuredmedia":[{"embeddable":true,"href":"https:\/\/zoeandzoe.com\/col\/wp-json\/wp\/v2\/media\/584"}],"wp:attachment":[{"href":"https:\/\/zoeandzoe.com\/col\/wp-json\/wp\/v2\/media?parent=29"}],"wp:term":[{"taxonomy":"product_brand","embeddable":true,"href":"https:\/\/zoeandzoe.com\/col\/wp-json\/wp\/v2\/product_brand?post=29"},{"taxonomy":"product_cat","embeddable":true,"href":"https:\/\/zoeandzoe.com\/col\/wp-json\/wp\/v2\/product_cat?post=29"},{"taxonomy":"product_tag","embeddable":true,"href":"https:\/\/zoeandzoe.com\/col\/wp-json\/wp\/v2\/product_tag?post=29"}],"curies":[{"name":"wp","href":"https:\/\/api.w.org\/{rel}","templated":true}]}}