{"id":28,"date":"2020-09-28T19:02:19","date_gmt":"2020-09-29T00:02:19","guid":{"rendered":"https:\/\/zoeandzoe.com\/col\/?post_type=product&#038;p=28"},"modified":"2023-06-11T00:37:55","modified_gmt":"2023-06-11T05:37:55","slug":"exfoliante-de-labios","status":"publish","type":"product","link":"https:\/\/zoeandzoe.com\/col\/producto\/exfoliante-de-labios\/","title":{"rendered":"Exfoliante de Labios AOA"},"content":{"rendered":"<p><span data-sheets-value=\"{&quot;1&quot;:2,&quot;2&quot;:&quot;Exfolia y nutre los labios resecos y escamosos. Este exfoliante esta compuesto por aceite de coco y manteca de karite para hutrir, hidratar y remover la piel muerta de tus labios. Lo amaras!!!&quot;}\" data-sheets-userformat=\"{&quot;2&quot;:769,&quot;3&quot;:{&quot;1&quot;:0},&quot;11&quot;:4,&quot;12&quot;:0}\">Exfolia y nutre los labios resecos y escamosos. Este exfoliante est\u00e1 compuesto por aceite de coco y manteca de karit\u00e9 para nutrir, hidratar y remover la piel muerta de tus labios. Lo amar\u00e1s!!!<\/span><\/p>\n","protected":false},"excerpt":{"rendered":"<p>Exfolia y nutre los labios resecos y escamosos. Este exfoliante est\u00e1 compuesto por aceite de coco y manteca de karit\u00e9 para nutrir, hidratar y remover la piel muerta de tus labios. Lo amar\u00e1s!!!<\/p>\n","protected":false},"featured_media":329,"template":"","meta":{"_et_pb_use_builder":"","_et_pb_old_content":"","_et_gb_content_width":""},"product_brand":[],"product_cat":[16,22],"product_tag":[],"class_list":{"0":"post-28","1":"product","2":"type-product","3":"status-publish","4":"has-post-thumbnail","6":"product_cat-cuidado-de-la-piel","7":"product_cat-exfoliantes-y-mascarillas","9":"first","10":"instock","11":"taxable","12":"shipping-taxable","13":"purchasable","14":"product-type-simple"},"_links":{"self":[{"href":"https:\/\/zoeandzoe.com\/col\/wp-json\/wp\/v2\/product\/28","targetHints":{"allow":["GET"]}}],"collection":[{"href":"https:\/\/zoeandzoe.com\/col\/wp-json\/wp\/v2\/product"}],"about":[{"href":"https:\/\/zoeandzoe.com\/col\/wp-json\/wp\/v2\/types\/product"}],"wp:featuredmedia":[{"embeddable":true,"href":"https:\/\/zoeandzoe.com\/col\/wp-json\/wp\/v2\/media\/329"}],"wp:attachment":[{"href":"https:\/\/zoeandzoe.com\/col\/wp-json\/wp\/v2\/media?parent=28"}],"wp:term":[{"taxonomy":"product_brand","embeddable":true,"href":"https:\/\/zoeandzoe.com\/col\/wp-json\/wp\/v2\/product_brand?post=28"},{"taxonomy":"product_cat","embeddable":true,"href":"https:\/\/zoeandzoe.com\/col\/wp-json\/wp\/v2\/product_cat?post=28"},{"taxonomy":"product_tag","embeddable":true,"href":"https:\/\/zoeandzoe.com\/col\/wp-json\/wp\/v2\/product_tag?post=28"}],"curies":[{"name":"wp","href":"https:\/\/api.w.org\/{rel}","templated":true}]}}