{"id":27,"date":"2020-09-28T18:58:57","date_gmt":"2020-09-28T23:58:57","guid":{"rendered":"https:\/\/zoeandzoe.com\/col\/?post_type=product&#038;p=27"},"modified":"2022-08-05T22:50:38","modified_gmt":"2022-08-06T03:50:38","slug":"alpha-arbutin-2-ha-the-ordinary-1-0-oz","status":"publish","type":"product","link":"https:\/\/zoeandzoe.com\/col\/producto\/alpha-arbutin-2-ha-the-ordinary-1-0-oz\/","title":{"rendered":"Alpha Arbutin 2% + HA The Ordinary 1.0 oz"},"content":{"rendered":"<p><span data-sheets-value=\"{&quot;1&quot;:2,&quot;2&quot;:&quot;Esta destinada para reducir las manchas oscuras y la hiperpigmentacion en la piel. Ademas es mas rapido que el acido Kojico y tan eficaz como la hidroquinona. De hecho se considera mas segura que la hidroquinona. Otra de las ventajas de la alfa Arbutina es que es muy poco irritante, asi que puede usarse en todo tipo de piel, incluso las sensibles. Recomendamos el uso del bloqueador solar. Evitar la exposicion solar sin bloqueador.&quot;}\" data-sheets-userformat=\"{&quot;2&quot;:769,&quot;3&quot;:{&quot;1&quot;:0},&quot;11&quot;:4,&quot;12&quot;:0}\">Est\u00e1 destinada para reducir las manchas oscuras y la hiperpigmentaci\u00f3n en la piel. Adem\u00e1s es m\u00e1s r\u00e1pido que el \u00e1cido Kojico y tan eficaz como la hidroquinona. De hecho se considera m\u00e1s segura que la hidroquinona. Otra de las ventajas de la Alfa Arbutina es que es muy poco irritante, as\u00ed que puede usarse en todo tipo de piel, incluso las sensibles. Recomendamos el uso del bloqueador solar. Evitar la exposici\u00f3n solar sin bloqueador.<\/span><\/p>\n","protected":false},"excerpt":{"rendered":"<p>Est\u00e1 destinada para reducir las manchas oscuras y la hiperpigmentaci\u00f3n en la piel. Adem\u00e1s es m\u00e1s r\u00e1pido que el \u00e1cido Kojico y tan eficaz como la hidroquinona. De hecho se considera m\u00e1s segura que la hidroquinona. Otra de las ventajas de la Alfa Arbutina es que es muy poco irritante, as\u00ed que puede usarse en [&hellip;]<\/p>\n","protected":false},"featured_media":1125,"template":"","meta":{"_et_pb_use_builder":"","_et_pb_old_content":"","_et_gb_content_width":""},"product_brand":[],"product_cat":[16,22,23],"product_tag":[],"class_list":{"0":"post-27","1":"product","2":"type-product","3":"status-publish","4":"has-post-thumbnail","6":"product_cat-cuidado-de-la-piel","7":"product_cat-exfoliantes-y-mascarillas","8":"product_cat-hidratantes-y-tratamientos-faciales","10":"first","11":"instock","12":"taxable","13":"shipping-taxable","14":"purchasable","15":"product-type-simple"},"_links":{"self":[{"href":"https:\/\/zoeandzoe.com\/col\/wp-json\/wp\/v2\/product\/27","targetHints":{"allow":["GET"]}}],"collection":[{"href":"https:\/\/zoeandzoe.com\/col\/wp-json\/wp\/v2\/product"}],"about":[{"href":"https:\/\/zoeandzoe.com\/col\/wp-json\/wp\/v2\/types\/product"}],"wp:featuredmedia":[{"embeddable":true,"href":"https:\/\/zoeandzoe.com\/col\/wp-json\/wp\/v2\/media\/1125"}],"wp:attachment":[{"href":"https:\/\/zoeandzoe.com\/col\/wp-json\/wp\/v2\/media?parent=27"}],"wp:term":[{"taxonomy":"product_brand","embeddable":true,"href":"https:\/\/zoeandzoe.com\/col\/wp-json\/wp\/v2\/product_brand?post=27"},{"taxonomy":"product_cat","embeddable":true,"href":"https:\/\/zoeandzoe.com\/col\/wp-json\/wp\/v2\/product_cat?post=27"},{"taxonomy":"product_tag","embeddable":true,"href":"https:\/\/zoeandzoe.com\/col\/wp-json\/wp\/v2\/product_tag?post=27"}],"curies":[{"name":"wp","href":"https:\/\/api.w.org\/{rel}","templated":true}]}}