{"id":26,"date":"2020-09-28T18:39:22","date_gmt":"2020-09-28T23:39:22","guid":{"rendered":"https:\/\/zoeandzoe.com\/col\/?post_type=product&#038;p=26"},"modified":"2023-06-11T00:38:46","modified_gmt":"2023-06-11T05:38:46","slug":"vinagre-sidra-de-manzana-bragg-organic-473-ml","status":"publish","type":"product","link":"https:\/\/zoeandzoe.com\/col\/producto\/vinagre-sidra-de-manzana-bragg-organic-473-ml\/","title":{"rendered":"Vinagre Sidra de Manzana Bragg Organic 473 ml"},"content":{"rendered":"<p><span data-sheets-value=\"{&quot;1&quot;:2,&quot;2&quot;:&quot;Vinagre de cidra de manzana organico envejecido en madera. El favorito en EEUU . Tiene increibles cualidades de limpieza de desintoxicacion natural, trata el reflujo gastrico,alivia la diarrea,previene la indigestion,remueve piojos,da brillo a tu cabello,reduce el colesterol, ayuda a bajar de peso,sirve para tratamientos faciales para pieles mixtas a grasa a regular el ph. Tambien anade un delicioso sabor a las ensaladas, verduras y muchos alimentos mas.&quot;}\" data-sheets-userformat=\"{&quot;2&quot;:769,&quot;3&quot;:{&quot;1&quot;:0},&quot;11&quot;:4,&quot;12&quot;:0}\">Vinagre de cidra de manzana org\u00e1nico envejecido en madera. El favorito en EEUU. Tiene incre\u00edbles cualidades de limpieza de desintoxicaci\u00f3n natural, trata el reflujo g\u00e1strico, alivia la diarrea, previene la indigesti\u00f3n, remueve piojos, da brillo a tu cabello, reduce el colesterol, ayuda a bajar de peso, sirve para tratamientos faciales para pieles mixtas a grasa a regular el ph. Tambi\u00e9n a\u00f1ade un delicioso sabor a las ensaladas, verduras y muchos alimentos m\u00e1s.<\/span><\/p>\n","protected":false},"excerpt":{"rendered":"<p>Vinagre de cidra de manzana org\u00e1nico envejecido en madera. El favorito en EEUU. Tiene incre\u00edbles cualidades de limpieza de desintoxicaci\u00f3n natural, trata el reflujo g\u00e1strico, alivia la diarrea, previene la indigesti\u00f3n, remueve piojos, da brillo a tu cabello, reduce el colesterol, ayuda a bajar de peso, sirve para tratamientos faciales para pieles mixtas a grasa [&hellip;]<\/p>\n","protected":false},"featured_media":1298,"template":"","meta":{"_et_pb_use_builder":"","_et_pb_old_content":"","_et_gb_content_width":""},"product_brand":[],"product_cat":[16,22,23],"product_tag":[],"class_list":{"0":"post-26","1":"product","2":"type-product","3":"status-publish","4":"has-post-thumbnail","6":"product_cat-cuidado-de-la-piel","7":"product_cat-exfoliantes-y-mascarillas","8":"product_cat-hidratantes-y-tratamientos-faciales","10":"first","11":"instock","12":"sale","13":"taxable","14":"shipping-taxable","15":"purchasable","16":"product-type-simple"},"_links":{"self":[{"href":"https:\/\/zoeandzoe.com\/col\/wp-json\/wp\/v2\/product\/26","targetHints":{"allow":["GET"]}}],"collection":[{"href":"https:\/\/zoeandzoe.com\/col\/wp-json\/wp\/v2\/product"}],"about":[{"href":"https:\/\/zoeandzoe.com\/col\/wp-json\/wp\/v2\/types\/product"}],"wp:featuredmedia":[{"embeddable":true,"href":"https:\/\/zoeandzoe.com\/col\/wp-json\/wp\/v2\/media\/1298"}],"wp:attachment":[{"href":"https:\/\/zoeandzoe.com\/col\/wp-json\/wp\/v2\/media?parent=26"}],"wp:term":[{"taxonomy":"product_brand","embeddable":true,"href":"https:\/\/zoeandzoe.com\/col\/wp-json\/wp\/v2\/product_brand?post=26"},{"taxonomy":"product_cat","embeddable":true,"href":"https:\/\/zoeandzoe.com\/col\/wp-json\/wp\/v2\/product_cat?post=26"},{"taxonomy":"product_tag","embeddable":true,"href":"https:\/\/zoeandzoe.com\/col\/wp-json\/wp\/v2\/product_tag?post=26"}],"curies":[{"name":"wp","href":"https:\/\/api.w.org\/{rel}","templated":true}]}}