{"id":24,"date":"2020-09-28T18:30:23","date_gmt":"2020-09-28T23:30:23","guid":{"rendered":"https:\/\/zoeandzoe.com\/col\/?post_type=product&#038;p=24"},"modified":"2023-06-11T00:39:13","modified_gmt":"2023-06-11T05:39:13","slug":"solucion-exfoliante-aha-30-bha-2-peeling-solution-the-ordinary-1-0-oz","status":"publish","type":"product","link":"https:\/\/zoeandzoe.com\/col\/producto\/solucion-exfoliante-aha-30-bha-2-peeling-solution-the-ordinary-1-0-oz\/","title":{"rendered":"Soluci\u00f3n Exfoliante AHA 30% + BHA 2% Peeling Solution The Ordinary 1.0 oz"},"content":{"rendered":"<p><span data-sheets-value=\"{&quot;1&quot;:2,&quot;2&quot;:&quot;Esta solucion ofrece una exfoliacion profunda para ayudar a combatir los signos de congestion de los poros,acne, manchas y mejorar la luminosidad de la piel. Esta formula mejora la apariencia de la textura de la piel y reduce las lineas finas. Es libre de crueldad animal y vegano. No recomendado para pieles sensibles. No dejar mas de 10 minutos aplicado. Usar bloqueador&quot;}\" data-sheets-userformat=\"{&quot;2&quot;:769,&quot;3&quot;:{&quot;1&quot;:0},&quot;11&quot;:4,&quot;12&quot;:0}\">Esta soluci\u00f3n ofrece una exfoliaci\u00f3n profunda para ayudar a combatir los signos de congesti\u00f3n de los poros, acn\u00e9, manchas y mejorar la luminosidad de la piel. Esta f\u00f3rmula mejora la apariencia de la textura de la piel y reduce las lineas finas. Es libre de crueldad animal y vegano. No recomendado para pieles sensibles. No dejar mas de 10 minutos aplicado. Usar bloqueador.<\/span><\/p>\n","protected":false},"excerpt":{"rendered":"<p>Esta soluci\u00f3n ofrece una exfoliaci\u00f3n profunda para ayudar a combatir los signos de congesti\u00f3n de los poros, acn\u00e9, manchas y mejorar la luminosidad de la piel. Esta f\u00f3rmula mejora la apariencia de la textura de la piel y reduce las lineas finas. Es libre de crueldad animal y vegano. No recomendado para pieles sensibles. No [&hellip;]<\/p>\n","protected":false},"featured_media":582,"template":"","meta":{"_et_pb_use_builder":"","_et_pb_old_content":"","_et_gb_content_width":""},"product_brand":[],"product_cat":[16,22,23],"product_tag":[],"class_list":{"0":"post-24","1":"product","2":"type-product","3":"status-publish","4":"has-post-thumbnail","6":"product_cat-cuidado-de-la-piel","7":"product_cat-exfoliantes-y-mascarillas","8":"product_cat-hidratantes-y-tratamientos-faciales","10":"first","11":"instock","12":"taxable","13":"shipping-taxable","14":"purchasable","15":"product-type-simple"},"_links":{"self":[{"href":"https:\/\/zoeandzoe.com\/col\/wp-json\/wp\/v2\/product\/24","targetHints":{"allow":["GET"]}}],"collection":[{"href":"https:\/\/zoeandzoe.com\/col\/wp-json\/wp\/v2\/product"}],"about":[{"href":"https:\/\/zoeandzoe.com\/col\/wp-json\/wp\/v2\/types\/product"}],"wp:featuredmedia":[{"embeddable":true,"href":"https:\/\/zoeandzoe.com\/col\/wp-json\/wp\/v2\/media\/582"}],"wp:attachment":[{"href":"https:\/\/zoeandzoe.com\/col\/wp-json\/wp\/v2\/media?parent=24"}],"wp:term":[{"taxonomy":"product_brand","embeddable":true,"href":"https:\/\/zoeandzoe.com\/col\/wp-json\/wp\/v2\/product_brand?post=24"},{"taxonomy":"product_cat","embeddable":true,"href":"https:\/\/zoeandzoe.com\/col\/wp-json\/wp\/v2\/product_cat?post=24"},{"taxonomy":"product_tag","embeddable":true,"href":"https:\/\/zoeandzoe.com\/col\/wp-json\/wp\/v2\/product_tag?post=24"}],"curies":[{"name":"wp","href":"https:\/\/api.w.org\/{rel}","templated":true}]}}