{"id":221,"date":"2020-09-30T13:11:24","date_gmt":"2020-09-30T18:11:24","guid":{"rendered":"https:\/\/zoeandzoe.com\/col\/?post_type=product&#038;p=221"},"modified":"2022-09-17T11:12:02","modified_gmt":"2022-09-17T16:12:02","slug":"corrector-tarte-shape-tate","status":"publish","type":"product","link":"https:\/\/zoeandzoe.com\/col\/producto\/corrector-tarte-shape-tate\/","title":{"rendered":"Corrector Tarte Shape Tate"},"content":{"rendered":"<p><span data-sheets-value=\"{&quot;1&quot;:2,&quot;2&quot;:&quot;Es el corrector mas vendido en el mundo!!! Es cremoso, luminoso, sedoso, con acabado mate.Cobertura total. Esta enriquecido con aceites minerales y semillas de mango. Es el producto mas vendido de Tarte. No tiene parabenos y es vegano.&quot;}\" data-sheets-userformat=\"{&quot;2&quot;:769,&quot;3&quot;:{&quot;1&quot;:0},&quot;11&quot;:4,&quot;12&quot;:0}\">Es el corrector m\u00e1s vendido en el mundo!!! Es cremoso, luminoso, sedoso, con acabado matte. Cobertura total. Est\u00e1 enriquecido con aceites minerales y semillas de mango. Es el producto m\u00e1s vendido de Tarte. No tiene parabenos y es vegano.<\/span><\/p>\n","protected":false},"excerpt":{"rendered":"<p>Es el corrector m\u00e1s vendido en el mundo!!! Es cremoso, luminoso, sedoso, con acabado matte. Cobertura total. Est\u00e1 enriquecido con aceites minerales y semillas de mango. Es el producto m\u00e1s vendido de Tarte. No tiene parabenos y es vegano.<\/p>\n","protected":false},"featured_media":795,"template":"","meta":{"_et_pb_use_builder":"","_et_pb_old_content":"","_et_gb_content_width":""},"product_brand":[],"product_cat":[19,32,42],"product_tag":[86,87,79],"class_list":{"0":"post-221","1":"product","2":"type-product","3":"status-publish","4":"has-post-thumbnail","6":"product_cat-maquillaje","7":"product_cat-rostro","8":"product_cat-correctores","9":"product_tag-corrector","10":"product_tag-corrector-tarte","11":"product_tag-tarte","13":"first","14":"instock","15":"sale","16":"taxable","17":"shipping-taxable","18":"purchasable","19":"product-type-variable"},"_links":{"self":[{"href":"https:\/\/zoeandzoe.com\/col\/wp-json\/wp\/v2\/product\/221","targetHints":{"allow":["GET"]}}],"collection":[{"href":"https:\/\/zoeandzoe.com\/col\/wp-json\/wp\/v2\/product"}],"about":[{"href":"https:\/\/zoeandzoe.com\/col\/wp-json\/wp\/v2\/types\/product"}],"wp:featuredmedia":[{"embeddable":true,"href":"https:\/\/zoeandzoe.com\/col\/wp-json\/wp\/v2\/media\/795"}],"wp:attachment":[{"href":"https:\/\/zoeandzoe.com\/col\/wp-json\/wp\/v2\/media?parent=221"}],"wp:term":[{"taxonomy":"product_brand","embeddable":true,"href":"https:\/\/zoeandzoe.com\/col\/wp-json\/wp\/v2\/product_brand?post=221"},{"taxonomy":"product_cat","embeddable":true,"href":"https:\/\/zoeandzoe.com\/col\/wp-json\/wp\/v2\/product_cat?post=221"},{"taxonomy":"product_tag","embeddable":true,"href":"https:\/\/zoeandzoe.com\/col\/wp-json\/wp\/v2\/product_tag?post=221"}],"curies":[{"name":"wp","href":"https:\/\/api.w.org\/{rel}","templated":true}]}}