{"id":218,"date":"2020-09-30T13:05:15","date_gmt":"2020-09-30T18:05:15","guid":{"rendered":"https:\/\/zoeandzoe.com\/col\/?post_type=product&#038;p=218"},"modified":"2023-06-11T00:20:30","modified_gmt":"2023-06-11T05:20:30","slug":"polvo-air-pun","status":"publish","type":"product","link":"https:\/\/zoeandzoe.com\/col\/producto\/polvo-air-pun\/","title":{"rendered":"Polvo Airspun"},"content":{"rendered":"<p><span data-sheets-value=\"{&quot;1&quot;:2,&quot;2&quot;:&quot;Es un polvo muy fino y sedoso, con el olor tipico a tocador de os de antes. Da un acabado ligero y aterciopelado en tu maquillaje. Ayuda a minimizar las finas lineas de expresion y otras imperfeccione dando a tu piel un aspecto mas suave.Obten un acabado impecable y duradero. &quot;}\" data-sheets-userformat=\"{&quot;2&quot;:769,&quot;3&quot;:{&quot;1&quot;:0},&quot;11&quot;:4,&quot;12&quot;:0}\">Polvo fino y sedoso, con el olor t\u00edpico a tocador de los de antes. Da un acabado ligero y aterciopelado en tu maquillaje. Ayuda a minimizar las finas l\u00edneas de expresi\u00f3n y otras imperfecciones dando a tu piel un aspecto mas suave. Obt\u00e9n un acabado impecable y duradero. <\/span><\/p>\n","protected":false},"excerpt":{"rendered":"<p>Polvo fino y sedoso, con el olor t\u00edpico a tocador de los de antes. Da un acabado ligero y aterciopelado en tu maquillaje. Ayuda a minimizar las finas l\u00edneas de expresi\u00f3n y otras imperfecciones dando a tu piel un aspecto mas suave. Obt\u00e9n un acabado impecable y duradero.<\/p>\n","protected":false},"featured_media":794,"template":"","meta":{"_et_pb_use_builder":"","_et_pb_old_content":"","_et_gb_content_width":""},"product_brand":[],"product_cat":[19,32,41],"product_tag":[],"class_list":{"0":"post-218","1":"product","2":"type-product","3":"status-publish","4":"has-post-thumbnail","6":"product_cat-maquillaje","7":"product_cat-rostro","8":"product_cat-polvos","10":"first","11":"instock","12":"taxable","13":"shipping-taxable","14":"purchasable","15":"product-type-variable"},"_links":{"self":[{"href":"https:\/\/zoeandzoe.com\/col\/wp-json\/wp\/v2\/product\/218","targetHints":{"allow":["GET"]}}],"collection":[{"href":"https:\/\/zoeandzoe.com\/col\/wp-json\/wp\/v2\/product"}],"about":[{"href":"https:\/\/zoeandzoe.com\/col\/wp-json\/wp\/v2\/types\/product"}],"wp:featuredmedia":[{"embeddable":true,"href":"https:\/\/zoeandzoe.com\/col\/wp-json\/wp\/v2\/media\/794"}],"wp:attachment":[{"href":"https:\/\/zoeandzoe.com\/col\/wp-json\/wp\/v2\/media?parent=218"}],"wp:term":[{"taxonomy":"product_brand","embeddable":true,"href":"https:\/\/zoeandzoe.com\/col\/wp-json\/wp\/v2\/product_brand?post=218"},{"taxonomy":"product_cat","embeddable":true,"href":"https:\/\/zoeandzoe.com\/col\/wp-json\/wp\/v2\/product_cat?post=218"},{"taxonomy":"product_tag","embeddable":true,"href":"https:\/\/zoeandzoe.com\/col\/wp-json\/wp\/v2\/product_tag?post=218"}],"curies":[{"name":"wp","href":"https:\/\/api.w.org\/{rel}","templated":true}]}}