{"id":20,"date":"2020-09-28T18:16:27","date_gmt":"2020-09-28T23:16:27","guid":{"rendered":"https:\/\/zoeandzoe.com\/col\/?post_type=product&#038;p=20"},"modified":"2023-06-11T00:39:38","modified_gmt":"2023-06-11T05:39:38","slug":"spray-facial-con-aloe-pepino-y-te-verde-mario-badescu-x-118-ml","status":"publish","type":"product","link":"https:\/\/zoeandzoe.com\/col\/producto\/spray-facial-con-aloe-pepino-y-te-verde-mario-badescu-x-118-ml\/","title":{"rendered":"Spray Facial con Aloe, Pepino y T\u00e9 Verde Mario Badescu x 118 ml"},"content":{"rendered":"<p><span data-sheets-value=\"{&quot;1&quot;:2,&quot;2&quot;:&quot;Revitaliza la piel apagada y cansada con esta infusion de aguas esenciales de pepino y te verde. Esta bruma facial proporciona un impulso refrescante de hidratacion. Puedes usarlo en cualquier mometo del dia incluso antes y despues de maquillarte. No contiene alcohol.&quot;}\" data-sheets-userformat=\"{&quot;2&quot;:769,&quot;3&quot;:{&quot;1&quot;:0},&quot;11&quot;:4,&quot;12&quot;:0}\">Revitaliza la piel apagada y cansada con esta infusi\u00f3n de aguas esenciales de pepino y te verde. Esta bruma facial proporciona un impulso refrescante de hidrataci\u00f3n. Puedes usarlo en cualquier momento del d\u00eda incluso antes y despu\u00e9s de maquillarte. No contiene alcohol.<\/span><\/p>\n","protected":false},"excerpt":{"rendered":"<p>Revitaliza la piel apagada y cansada con esta infusi\u00f3n de aguas esenciales de pepino y te verde. Esta bruma facial proporciona un impulso refrescante de hidrataci\u00f3n. Puedes usarlo en cualquier momento del d\u00eda incluso antes y despu\u00e9s de maquillarte. No contiene alcohol.<\/p>\n","protected":false},"featured_media":577,"template":"","meta":{"_et_pb_use_builder":"","_et_pb_old_content":"","_et_gb_content_width":""},"product_brand":[],"product_cat":[16,21],"product_tag":[],"class_list":{"0":"post-20","1":"product","2":"type-product","3":"status-publish","4":"has-post-thumbnail","6":"product_cat-cuidado-de-la-piel","7":"product_cat-tonicos","9":"first","10":"instock","11":"sale","12":"taxable","13":"shipping-taxable","14":"purchasable","15":"product-type-simple"},"_links":{"self":[{"href":"https:\/\/zoeandzoe.com\/col\/wp-json\/wp\/v2\/product\/20","targetHints":{"allow":["GET"]}}],"collection":[{"href":"https:\/\/zoeandzoe.com\/col\/wp-json\/wp\/v2\/product"}],"about":[{"href":"https:\/\/zoeandzoe.com\/col\/wp-json\/wp\/v2\/types\/product"}],"wp:featuredmedia":[{"embeddable":true,"href":"https:\/\/zoeandzoe.com\/col\/wp-json\/wp\/v2\/media\/577"}],"wp:attachment":[{"href":"https:\/\/zoeandzoe.com\/col\/wp-json\/wp\/v2\/media?parent=20"}],"wp:term":[{"taxonomy":"product_brand","embeddable":true,"href":"https:\/\/zoeandzoe.com\/col\/wp-json\/wp\/v2\/product_brand?post=20"},{"taxonomy":"product_cat","embeddable":true,"href":"https:\/\/zoeandzoe.com\/col\/wp-json\/wp\/v2\/product_cat?post=20"},{"taxonomy":"product_tag","embeddable":true,"href":"https:\/\/zoeandzoe.com\/col\/wp-json\/wp\/v2\/product_tag?post=20"}],"curies":[{"name":"wp","href":"https:\/\/api.w.org\/{rel}","templated":true}]}}