{"id":196,"date":"2020-09-30T12:44:35","date_gmt":"2020-09-30T17:44:35","guid":{"rendered":"https:\/\/zoeandzoe.com\/col\/?post_type=product&#038;p=196"},"modified":"2022-08-05T21:25:35","modified_gmt":"2022-08-06T02:25:35","slug":"base-la-girl-pro-coverage","status":"publish","type":"product","link":"https:\/\/zoeandzoe.com\/col\/producto\/base-la-girl-pro-coverage\/","title":{"rendered":"Base LA Girl Pro Coverage"},"content":{"rendered":"<p><span data-sheets-value=\"{&quot;1&quot;:2,&quot;2&quot;:&quot;La base liquida de alta definicion Pro Coverage es ideal para un aspecto impecable y acabado de cobertura completa. La formula es ligera, comoda para uso diario, se mantiene por largas horas. Es libre de parabenos con antioxidantes anadidos los cuales ayudan a hidratar y mejorar la apariencia de la piel. &quot;}\" data-sheets-userformat=\"{&quot;2&quot;:769,&quot;3&quot;:{&quot;1&quot;:0},&quot;11&quot;:4,&quot;12&quot;:0}\">La base l\u00edquida de alta definici\u00f3n Pro Coverage es ideal para un aspecto impecable y acabado de cobertura completa. La f\u00f3rmula es ligera, c\u00f3moda para uso diario, se mantiene por largas horas. Es libre de parabenos con antioxidantes a\u00f1adidos los cuales ayudan a hidratar y mejorar la apariencia de la piel. <\/span><\/p>\n","protected":false},"excerpt":{"rendered":"<p>La base l\u00edquida de alta definici\u00f3n Pro Coverage es ideal para un aspecto impecable y acabado de cobertura completa. La f\u00f3rmula es ligera, c\u00f3moda para uso diario, se mantiene por largas horas. Es libre de parabenos con antioxidantes a\u00f1adidos los cuales ayudan a hidratar y mejorar la apariencia de la piel.<\/p>\n","protected":false},"featured_media":786,"template":"","meta":{"_et_pb_use_builder":"","_et_pb_old_content":"","_et_gb_content_width":""},"product_brand":[],"product_cat":[19,32,40],"product_tag":[],"class_list":{"0":"post-196","1":"product","2":"type-product","3":"status-publish","4":"has-post-thumbnail","6":"product_cat-maquillaje","7":"product_cat-rostro","8":"product_cat-bases","10":"first","11":"instock","12":"taxable","13":"shipping-taxable","14":"purchasable","15":"product-type-variable"},"_links":{"self":[{"href":"https:\/\/zoeandzoe.com\/col\/wp-json\/wp\/v2\/product\/196","targetHints":{"allow":["GET"]}}],"collection":[{"href":"https:\/\/zoeandzoe.com\/col\/wp-json\/wp\/v2\/product"}],"about":[{"href":"https:\/\/zoeandzoe.com\/col\/wp-json\/wp\/v2\/types\/product"}],"wp:featuredmedia":[{"embeddable":true,"href":"https:\/\/zoeandzoe.com\/col\/wp-json\/wp\/v2\/media\/786"}],"wp:attachment":[{"href":"https:\/\/zoeandzoe.com\/col\/wp-json\/wp\/v2\/media?parent=196"}],"wp:term":[{"taxonomy":"product_brand","embeddable":true,"href":"https:\/\/zoeandzoe.com\/col\/wp-json\/wp\/v2\/product_brand?post=196"},{"taxonomy":"product_cat","embeddable":true,"href":"https:\/\/zoeandzoe.com\/col\/wp-json\/wp\/v2\/product_cat?post=196"},{"taxonomy":"product_tag","embeddable":true,"href":"https:\/\/zoeandzoe.com\/col\/wp-json\/wp\/v2\/product_tag?post=196"}],"curies":[{"name":"wp","href":"https:\/\/api.w.org\/{rel}","templated":true}]}}