{"id":185,"date":"2020-09-30T12:14:39","date_gmt":"2020-09-30T17:14:39","guid":{"rendered":"https:\/\/zoeandzoe.com\/col\/?post_type=product&#038;p=185"},"modified":"2020-10-24T09:58:08","modified_gmt":"2020-10-24T14:58:08","slug":"primer-nyx-pore-filler","status":"publish","type":"product","link":"https:\/\/zoeandzoe.com\/col\/producto\/primer-nyx-pore-filler\/","title":{"rendered":"Primer Nyx Pore Filler"},"content":{"rendered":"<p><span data-sheets-value=\"{&quot;1&quot;:2,&quot;2&quot;:&quot;Reduce la apariencia de tus poros. Prebase con textura para afinarla textura de tu piel, lineas de expresion y poros. Su formula libre de aceites, contiene vitamina E que contribuye a alizar y realzar tu piel, asi como, a reforzar el efecto de durabilidad del maquillaje.&quot;}\" data-sheets-userformat=\"{&quot;2&quot;:769,&quot;3&quot;:{&quot;1&quot;:0},&quot;11&quot;:4,&quot;12&quot;:0}\">Reduce la apariencia de tus poros. Prebase con textura para afinar la textura de tu piel, l\u00edneas de expresi\u00f3n y poros. Su f\u00f3rmula libre de aceites, contiene vitamina E que contribuye a alisar y realzar tu piel, as\u00ed como, a reforzar el efecto de durabilidad del maquillaje.<\/span><\/p>\n","protected":false},"excerpt":{"rendered":"<p>Reduce la apariencia de tus poros. Prebase con textura para afinar la textura de tu piel, l\u00edneas de expresi\u00f3n y poros. Su f\u00f3rmula libre de aceites, contiene vitamina E que contribuye a alisar y realzar tu piel, as\u00ed como, a reforzar el efecto de durabilidad del maquillaje.<\/p>\n","protected":false},"featured_media":1124,"template":"","meta":{"_et_pb_use_builder":"","_et_pb_old_content":"","_et_gb_content_width":""},"product_brand":[],"product_cat":[19,32,39],"product_tag":[],"class_list":{"0":"post-185","1":"product","2":"type-product","3":"status-publish","4":"has-post-thumbnail","6":"product_cat-maquillaje","7":"product_cat-rostro","8":"product_cat-primers","10":"first","11":"instock","12":"taxable","13":"shipping-taxable","14":"purchasable","15":"product-type-simple"},"_links":{"self":[{"href":"https:\/\/zoeandzoe.com\/col\/wp-json\/wp\/v2\/product\/185","targetHints":{"allow":["GET"]}}],"collection":[{"href":"https:\/\/zoeandzoe.com\/col\/wp-json\/wp\/v2\/product"}],"about":[{"href":"https:\/\/zoeandzoe.com\/col\/wp-json\/wp\/v2\/types\/product"}],"wp:featuredmedia":[{"embeddable":true,"href":"https:\/\/zoeandzoe.com\/col\/wp-json\/wp\/v2\/media\/1124"}],"wp:attachment":[{"href":"https:\/\/zoeandzoe.com\/col\/wp-json\/wp\/v2\/media?parent=185"}],"wp:term":[{"taxonomy":"product_brand","embeddable":true,"href":"https:\/\/zoeandzoe.com\/col\/wp-json\/wp\/v2\/product_brand?post=185"},{"taxonomy":"product_cat","embeddable":true,"href":"https:\/\/zoeandzoe.com\/col\/wp-json\/wp\/v2\/product_cat?post=185"},{"taxonomy":"product_tag","embeddable":true,"href":"https:\/\/zoeandzoe.com\/col\/wp-json\/wp\/v2\/product_tag?post=185"}],"curies":[{"name":"wp","href":"https:\/\/api.w.org\/{rel}","templated":true}]}}