{"id":180,"date":"2020-09-30T12:06:44","date_gmt":"2020-09-30T17:06:44","guid":{"rendered":"https:\/\/zoeandzoe.com\/col\/?post_type=product&#038;p=180"},"modified":"2022-08-05T21:38:07","modified_gmt":"2022-08-06T02:38:07","slug":"pegante-duo-sin-latex-transparente","status":"publish","type":"product","link":"https:\/\/zoeandzoe.com\/col\/producto\/pegante-duo-sin-latex-transparente\/","title":{"rendered":"Pegante DUO Verde"},"content":{"rendered":"<p>Esta f\u00f3rmula de aplicaci\u00f3n con brocha de alta calidad viene con una brocha ultra fina para una aplicaci\u00f3n r\u00e1pida y precisa de las pesta\u00f1as individuales y en tiras para usarlas todo el d\u00eda. Enriquecida con vitaminas A, C, E y sin latex, se seca de manera invisible y es segura para los ojos sensibles.<\/p>\n","protected":false},"excerpt":{"rendered":"<p>Esta f\u00f3rmula de aplicaci\u00f3n con brocha de alta calidad viene con una brocha ultra fina para una aplicaci\u00f3n r\u00e1pida y precisa de las pesta\u00f1as individuales y en tiras para usarlas todo el d\u00eda. Enriquecida con vitaminas A, C, E y sin latex, se seca de manera invisible y es segura para los ojos sensibles.<\/p>\n","protected":false},"featured_media":396,"template":"","meta":{"_et_pb_use_builder":"","_et_pb_old_content":"","_et_gb_content_width":""},"product_brand":[],"product_cat":[19,31,38],"product_tag":[],"class_list":{"0":"post-180","1":"product","2":"type-product","3":"status-publish","4":"has-post-thumbnail","6":"product_cat-maquillaje","7":"product_cat-ojos","8":"product_cat-pegantes","10":"first","11":"instock","12":"taxable","13":"shipping-taxable","14":"purchasable","15":"product-type-simple"},"_links":{"self":[{"href":"https:\/\/zoeandzoe.com\/col\/wp-json\/wp\/v2\/product\/180","targetHints":{"allow":["GET"]}}],"collection":[{"href":"https:\/\/zoeandzoe.com\/col\/wp-json\/wp\/v2\/product"}],"about":[{"href":"https:\/\/zoeandzoe.com\/col\/wp-json\/wp\/v2\/types\/product"}],"wp:featuredmedia":[{"embeddable":true,"href":"https:\/\/zoeandzoe.com\/col\/wp-json\/wp\/v2\/media\/396"}],"wp:attachment":[{"href":"https:\/\/zoeandzoe.com\/col\/wp-json\/wp\/v2\/media?parent=180"}],"wp:term":[{"taxonomy":"product_brand","embeddable":true,"href":"https:\/\/zoeandzoe.com\/col\/wp-json\/wp\/v2\/product_brand?post=180"},{"taxonomy":"product_cat","embeddable":true,"href":"https:\/\/zoeandzoe.com\/col\/wp-json\/wp\/v2\/product_cat?post=180"},{"taxonomy":"product_tag","embeddable":true,"href":"https:\/\/zoeandzoe.com\/col\/wp-json\/wp\/v2\/product_tag?post=180"}],"curies":[{"name":"wp","href":"https:\/\/api.w.org\/{rel}","templated":true}]}}