{"id":175,"date":"2020-09-30T12:01:34","date_gmt":"2020-09-30T17:01:34","guid":{"rendered":"https:\/\/zoeandzoe.com\/col\/?post_type=product&#038;p=175"},"modified":"2022-08-05T21:42:07","modified_gmt":"2022-08-06T02:42:07","slug":"paleta-morphe-ref-39a","status":"publish","type":"product","link":"https:\/\/zoeandzoe.com\/col\/producto\/paleta-morphe-ref-39a\/","title":{"rendered":"Paleta Morphe 39A"},"content":{"rendered":"<p><span data-sheets-value=\"{&quot;1&quot;:2,&quot;2&quot;:&quot;La paleta 39A Dare to Create Artistry Palette. Con cuatro filas de combos de colores perfectos y una fila de tonos de transici\u00f3n de gran tama\u00f1o, este aturdidor est\u00e1 listo para colorear. Como su nombre lo indica son 39 tonos que tendras para crear maravillosos looks.&quot;}\" data-sheets-userformat=\"{&quot;2&quot;:15107,&quot;3&quot;:{&quot;1&quot;:0},&quot;4&quot;:{&quot;1&quot;:2,&quot;2&quot;:16777215},&quot;11&quot;:4,&quot;12&quot;:0,&quot;14&quot;:{&quot;1&quot;:2,&quot;2&quot;:0},&quot;15&quot;:&quot;Roboto&quot;,&quot;16&quot;:9}\">La paleta 39A Dare to Create Artistry Palette. Con cuatro filas de combos de colores perfectos y una fila de tonos de transici\u00f3n de gran tama\u00f1o, este aturdidor est\u00e1 listo para colorear. Como su nombre lo indica son 39 tonos que tendras para crear maravillosos looks.<\/span><\/p>\n","protected":false},"excerpt":{"rendered":"<p>La paleta 39A Dare to Create Artistry Palette. Con cuatro filas de combos de colores perfectos y una fila de tonos de transici\u00f3n de gran tama\u00f1o, este aturdidor est\u00e1 listo para colorear. Como su nombre lo indica son 39 tonos que tendras para crear maravillosos looks.<\/p>\n","protected":false},"featured_media":736,"template":"","meta":{"_et_pb_use_builder":"","_et_pb_old_content":"","_et_gb_content_width":""},"product_brand":[],"product_cat":[19,31,37],"product_tag":[],"class_list":{"0":"post-175","1":"product","2":"type-product","3":"status-publish","4":"has-post-thumbnail","6":"product_cat-maquillaje","7":"product_cat-ojos","8":"product_cat-sombras","10":"first","11":"instock","12":"taxable","13":"shipping-taxable","14":"purchasable","15":"product-type-simple"},"_links":{"self":[{"href":"https:\/\/zoeandzoe.com\/col\/wp-json\/wp\/v2\/product\/175","targetHints":{"allow":["GET"]}}],"collection":[{"href":"https:\/\/zoeandzoe.com\/col\/wp-json\/wp\/v2\/product"}],"about":[{"href":"https:\/\/zoeandzoe.com\/col\/wp-json\/wp\/v2\/types\/product"}],"wp:featuredmedia":[{"embeddable":true,"href":"https:\/\/zoeandzoe.com\/col\/wp-json\/wp\/v2\/media\/736"}],"wp:attachment":[{"href":"https:\/\/zoeandzoe.com\/col\/wp-json\/wp\/v2\/media?parent=175"}],"wp:term":[{"taxonomy":"product_brand","embeddable":true,"href":"https:\/\/zoeandzoe.com\/col\/wp-json\/wp\/v2\/product_brand?post=175"},{"taxonomy":"product_cat","embeddable":true,"href":"https:\/\/zoeandzoe.com\/col\/wp-json\/wp\/v2\/product_cat?post=175"},{"taxonomy":"product_tag","embeddable":true,"href":"https:\/\/zoeandzoe.com\/col\/wp-json\/wp\/v2\/product_tag?post=175"}],"curies":[{"name":"wp","href":"https:\/\/api.w.org\/{rel}","templated":true}]}}