{"id":174,"date":"2020-09-30T12:00:41","date_gmt":"2020-09-30T17:00:41","guid":{"rendered":"https:\/\/zoeandzoe.com\/col\/?post_type=product&#038;p=174"},"modified":"2022-08-05T21:43:08","modified_gmt":"2022-08-06T02:43:08","slug":"paleta-morphe-ref-9c","status":"publish","type":"product","link":"https:\/\/zoeandzoe.com\/col\/producto\/paleta-morphe-ref-9c\/","title":{"rendered":"Paleta Morphe Ref. 9C"},"content":{"rendered":"<p><span data-sheets-value=\"{&quot;1&quot;:2,&quot;2&quot;:&quot;9 tonos para jugar!!! mezcla y combina estos tonos de piedras preciosas increiblemente cremosas, poderosamente pgementadasy mas alla de la mezcla en cualquier lugar brillas. Tiene todo lo que necesitas en esta paleta&quot;}\" data-sheets-userformat=\"{&quot;2&quot;:769,&quot;3&quot;:{&quot;1&quot;:0},&quot;11&quot;:4,&quot;12&quot;:0}\">9 tonos para jugar!!! mezcla y combina estos tonos de piedras preciosas incre\u00edblemente cremosas, poderosamente pigmentadas y m\u00e1s all\u00e1 de la mezcla en cualquier lugar brillas. Tienes todo lo que necesitas en esta paleta.<\/span><\/p>\n","protected":false},"excerpt":{"rendered":"<p>9 tonos para jugar!!! mezcla y combina estos tonos de piedras preciosas incre\u00edblemente cremosas, poderosamente pigmentadas y m\u00e1s all\u00e1 de la mezcla en cualquier lugar brillas. Tienes todo lo que necesitas en esta paleta.<\/p>\n","protected":false},"featured_media":734,"template":"","meta":{"_et_pb_use_builder":"","_et_pb_old_content":"","_et_gb_content_width":""},"product_brand":[],"product_cat":[19,31,37],"product_tag":[],"class_list":{"0":"post-174","1":"product","2":"type-product","3":"status-publish","4":"has-post-thumbnail","6":"product_cat-maquillaje","7":"product_cat-ojos","8":"product_cat-sombras","10":"first","11":"instock","12":"taxable","13":"shipping-taxable","14":"purchasable","15":"product-type-simple"},"_links":{"self":[{"href":"https:\/\/zoeandzoe.com\/col\/wp-json\/wp\/v2\/product\/174","targetHints":{"allow":["GET"]}}],"collection":[{"href":"https:\/\/zoeandzoe.com\/col\/wp-json\/wp\/v2\/product"}],"about":[{"href":"https:\/\/zoeandzoe.com\/col\/wp-json\/wp\/v2\/types\/product"}],"wp:featuredmedia":[{"embeddable":true,"href":"https:\/\/zoeandzoe.com\/col\/wp-json\/wp\/v2\/media\/734"}],"wp:attachment":[{"href":"https:\/\/zoeandzoe.com\/col\/wp-json\/wp\/v2\/media?parent=174"}],"wp:term":[{"taxonomy":"product_brand","embeddable":true,"href":"https:\/\/zoeandzoe.com\/col\/wp-json\/wp\/v2\/product_brand?post=174"},{"taxonomy":"product_cat","embeddable":true,"href":"https:\/\/zoeandzoe.com\/col\/wp-json\/wp\/v2\/product_cat?post=174"},{"taxonomy":"product_tag","embeddable":true,"href":"https:\/\/zoeandzoe.com\/col\/wp-json\/wp\/v2\/product_tag?post=174"}],"curies":[{"name":"wp","href":"https:\/\/api.w.org\/{rel}","templated":true}]}}