{"id":172,"date":"2020-09-30T11:57:46","date_gmt":"2020-09-30T16:57:46","guid":{"rendered":"https:\/\/zoeandzoe.com\/col\/?post_type=product&#038;p=172"},"modified":"2023-06-11T00:21:24","modified_gmt":"2023-06-11T05:21:24","slug":"paleta-morphe-ref-3502","status":"publish","type":"product","link":"https:\/\/zoeandzoe.com\/col\/producto\/paleta-morphe-ref-3502\/","title":{"rendered":"Paleta Morphe Ref. 3502"},"content":{"rendered":"<p><span data-sheets-value=\"{&quot;1&quot;:2,&quot;2&quot;:&quot;El color fuera de lo comun se combina con una mezcla cremosa en estos 35 tonos que brindan un sinfin de estilos llamativos. Desde naranjas ardientes y marrones calidos hasta acabados superbrillantes y mega mate, tienes todo lo que necesitas para resaltar, mezclar, y hacer la transicion en una sola paleta.&quot;}\" data-sheets-userformat=\"{&quot;2&quot;:769,&quot;3&quot;:{&quot;1&quot;:0},&quot;11&quot;:4,&quot;12&quot;:0}\">El color fuera de lo com\u00fan se combina con una mezcla cremosa en estos 35 tonos que brindan un sinf\u00edn de estilos llamativos. Desde naranjas ardientes y marrones c\u00e1lidos hasta acabados super brillantes y mega matte, tienes todo lo que necesitas para resaltar, mezclar, y hacer la transici\u00f3n en una sola paleta.<\/span><\/p>\n","protected":false},"excerpt":{"rendered":"<p>El color fuera de lo com\u00fan se combina con una mezcla cremosa en estos 35 tonos que brindan un sinf\u00edn de estilos llamativos. Desde naranjas ardientes y marrones c\u00e1lidos hasta acabados super brillantes y mega matte, tienes todo lo que necesitas para resaltar, mezclar, y hacer la transici\u00f3n en una sola paleta.<\/p>\n","protected":false},"featured_media":731,"template":"","meta":{"_et_pb_use_builder":"","_et_pb_old_content":"","_et_gb_content_width":""},"product_brand":[],"product_cat":[19,31,37],"product_tag":[],"class_list":{"0":"post-172","1":"product","2":"type-product","3":"status-publish","4":"has-post-thumbnail","6":"product_cat-maquillaje","7":"product_cat-ojos","8":"product_cat-sombras","10":"first","11":"instock","12":"taxable","13":"shipping-taxable","14":"purchasable","15":"product-type-simple"},"_links":{"self":[{"href":"https:\/\/zoeandzoe.com\/col\/wp-json\/wp\/v2\/product\/172","targetHints":{"allow":["GET"]}}],"collection":[{"href":"https:\/\/zoeandzoe.com\/col\/wp-json\/wp\/v2\/product"}],"about":[{"href":"https:\/\/zoeandzoe.com\/col\/wp-json\/wp\/v2\/types\/product"}],"wp:featuredmedia":[{"embeddable":true,"href":"https:\/\/zoeandzoe.com\/col\/wp-json\/wp\/v2\/media\/731"}],"wp:attachment":[{"href":"https:\/\/zoeandzoe.com\/col\/wp-json\/wp\/v2\/media?parent=172"}],"wp:term":[{"taxonomy":"product_brand","embeddable":true,"href":"https:\/\/zoeandzoe.com\/col\/wp-json\/wp\/v2\/product_brand?post=172"},{"taxonomy":"product_cat","embeddable":true,"href":"https:\/\/zoeandzoe.com\/col\/wp-json\/wp\/v2\/product_cat?post=172"},{"taxonomy":"product_tag","embeddable":true,"href":"https:\/\/zoeandzoe.com\/col\/wp-json\/wp\/v2\/product_tag?post=172"}],"curies":[{"name":"wp","href":"https:\/\/api.w.org\/{rel}","templated":true}]}}