{"id":168,"date":"2020-09-30T11:51:52","date_gmt":"2020-09-30T16:51:52","guid":{"rendered":"https:\/\/zoeandzoe.com\/col\/?post_type=product&#038;p=168"},"modified":"2022-08-05T21:45:13","modified_gmt":"2022-08-06T02:45:13","slug":"jaclyn-hill-vol-ii-morphe","status":"publish","type":"product","link":"https:\/\/zoeandzoe.com\/col\/producto\/jaclyn-hill-vol-ii-morphe\/","title":{"rendered":"Jaclyn Hill Vol. II Morphe"},"content":{"rendered":"<p><span data-sheets-value=\"{&quot;1&quot;:2,&quot;2&quot;:&quot;Jaclyn Hill la volvio a sacar del estadio con esta paleta de 35 tonos vibrantes super pigmentados y muy en tendencia. realmente no sabemos cual es mas bonito.&quot;}\" data-sheets-userformat=\"{&quot;2&quot;:769,&quot;3&quot;:{&quot;1&quot;:0},&quot;11&quot;:4,&quot;12&quot;:0}\">Jaclyn Hill la volvi\u00f3 a sacar del estadio con esta paleta de 35 tonos vibrantes super pigmentados y muy en tendencia. Realmente no sabemos cu\u00e1l es m\u00e1s bonito.<\/span><\/p>\n","protected":false},"excerpt":{"rendered":"<p>Jaclyn Hill la volvi\u00f3 a sacar del estadio con esta paleta de 35 tonos vibrantes super pigmentados y muy en tendencia. Realmente no sabemos cu\u00e1l es m\u00e1s bonito.<\/p>\n","protected":false},"featured_media":725,"template":"","meta":{"_et_pb_use_builder":"","_et_pb_old_content":"","_et_gb_content_width":""},"product_brand":[],"product_cat":[19,31,37],"product_tag":[],"class_list":{"0":"post-168","1":"product","2":"type-product","3":"status-publish","4":"has-post-thumbnail","6":"product_cat-maquillaje","7":"product_cat-ojos","8":"product_cat-sombras","10":"first","11":"instock","12":"taxable","13":"shipping-taxable","14":"purchasable","15":"product-type-simple"},"_links":{"self":[{"href":"https:\/\/zoeandzoe.com\/col\/wp-json\/wp\/v2\/product\/168","targetHints":{"allow":["GET"]}}],"collection":[{"href":"https:\/\/zoeandzoe.com\/col\/wp-json\/wp\/v2\/product"}],"about":[{"href":"https:\/\/zoeandzoe.com\/col\/wp-json\/wp\/v2\/types\/product"}],"wp:featuredmedia":[{"embeddable":true,"href":"https:\/\/zoeandzoe.com\/col\/wp-json\/wp\/v2\/media\/725"}],"wp:attachment":[{"href":"https:\/\/zoeandzoe.com\/col\/wp-json\/wp\/v2\/media?parent=168"}],"wp:term":[{"taxonomy":"product_brand","embeddable":true,"href":"https:\/\/zoeandzoe.com\/col\/wp-json\/wp\/v2\/product_brand?post=168"},{"taxonomy":"product_cat","embeddable":true,"href":"https:\/\/zoeandzoe.com\/col\/wp-json\/wp\/v2\/product_cat?post=168"},{"taxonomy":"product_tag","embeddable":true,"href":"https:\/\/zoeandzoe.com\/col\/wp-json\/wp\/v2\/product_tag?post=168"}],"curies":[{"name":"wp","href":"https:\/\/api.w.org\/{rel}","templated":true}]}}