{"id":166,"date":"2020-09-30T11:49:08","date_gmt":"2020-09-30T16:49:08","guid":{"rendered":"https:\/\/zoeandzoe.com\/col\/?post_type=product&#038;p=166"},"modified":"2023-06-11T00:21:51","modified_gmt":"2023-06-11T05:21:51","slug":"james-charles-palette-morphe","status":"publish","type":"product","link":"https:\/\/zoeandzoe.com\/col\/producto\/james-charles-palette-morphe\/","title":{"rendered":"James Charles Palette Morphe"},"content":{"rendered":"<p><span data-sheets-value=\"{&quot;1&quot;:2,&quot;2&quot;:&quot;39 tonos marcados y profundamente pigmentados. Con cuatro hileras de impresionantes combinaciones de colores y una hilera de sombras de gran tama\u00f1o, estar\u00e1s listo para adoptar cualquier aspecto que puedas so\u00f1ar&quot;}\" data-sheets-userformat=\"{&quot;2&quot;:15107,&quot;3&quot;:{&quot;1&quot;:0},&quot;4&quot;:{&quot;1&quot;:2,&quot;2&quot;:16777215},&quot;11&quot;:4,&quot;12&quot;:0,&quot;14&quot;:{&quot;1&quot;:2,&quot;2&quot;:0},&quot;15&quot;:&quot;Roboto&quot;,&quot;16&quot;:9}\">39 tonos marcados y profundamente pigmentados. Con cuatro hileras de impresionantes combinaciones de colores y una hilera de sombras de gran tama\u00f1o, estar\u00e1s listo para adoptar cualquier aspecto que puedas so\u00f1ar.<\/span><\/p>\n","protected":false},"excerpt":{"rendered":"<p>39 tonos marcados y profundamente pigmentados. Con cuatro hileras de impresionantes combinaciones de colores y una hilera de sombras de gran tama\u00f1o, estar\u00e1s listo para adoptar cualquier aspecto que puedas so\u00f1ar.<\/p>\n","protected":false},"featured_media":721,"template":"","meta":{"_et_pb_use_builder":"","_et_pb_old_content":"","_et_gb_content_width":""},"product_brand":[],"product_cat":[19,31,37],"product_tag":[],"class_list":{"0":"post-166","1":"product","2":"type-product","3":"status-publish","4":"has-post-thumbnail","6":"product_cat-maquillaje","7":"product_cat-ojos","8":"product_cat-sombras","10":"first","11":"outofstock","12":"taxable","13":"shipping-taxable","14":"purchasable","15":"product-type-simple"},"_links":{"self":[{"href":"https:\/\/zoeandzoe.com\/col\/wp-json\/wp\/v2\/product\/166","targetHints":{"allow":["GET"]}}],"collection":[{"href":"https:\/\/zoeandzoe.com\/col\/wp-json\/wp\/v2\/product"}],"about":[{"href":"https:\/\/zoeandzoe.com\/col\/wp-json\/wp\/v2\/types\/product"}],"wp:featuredmedia":[{"embeddable":true,"href":"https:\/\/zoeandzoe.com\/col\/wp-json\/wp\/v2\/media\/721"}],"wp:attachment":[{"href":"https:\/\/zoeandzoe.com\/col\/wp-json\/wp\/v2\/media?parent=166"}],"wp:term":[{"taxonomy":"product_brand","embeddable":true,"href":"https:\/\/zoeandzoe.com\/col\/wp-json\/wp\/v2\/product_brand?post=166"},{"taxonomy":"product_cat","embeddable":true,"href":"https:\/\/zoeandzoe.com\/col\/wp-json\/wp\/v2\/product_cat?post=166"},{"taxonomy":"product_tag","embeddable":true,"href":"https:\/\/zoeandzoe.com\/col\/wp-json\/wp\/v2\/product_tag?post=166"}],"curies":[{"name":"wp","href":"https:\/\/api.w.org\/{rel}","templated":true}]}}