{"id":16,"date":"2020-09-28T18:06:33","date_gmt":"2020-09-28T23:06:33","guid":{"rendered":"https:\/\/zoeandzoe.com\/col\/?post_type=product&#038;p=16"},"modified":"2023-06-11T00:40:44","modified_gmt":"2023-06-11T05:40:44","slug":"jabon-limpiador-cetaphil-x-591-ml","status":"publish","type":"product","link":"https:\/\/zoeandzoe.com\/col\/producto\/jabon-limpiador-cetaphil-x-591-ml\/","title":{"rendered":"Jab\u00f3n Limpiador Cetaphil x 591 ml Rostro y Cuerpo"},"content":{"rendered":"<p><span data-sheets-value=\"{&quot;1&quot;:2,&quot;2&quot;:&quot;Limpia e hidrata tu piel sin dejar residuos que puedan obstruir tus poros, limpia sin irritacion. Ayuda a mantener el equilibrio natural de pH de la piel. Recomendado dermatologicamente para pieles secas,sensibles - normal. Sin fragancia, hipoalergenico y libre de jabon.&quot;}\" data-sheets-userformat=\"{&quot;2&quot;:15171,&quot;3&quot;:{&quot;1&quot;:0},&quot;4&quot;:{&quot;1&quot;:2,&quot;2&quot;:16777215},&quot;9&quot;:0,&quot;11&quot;:4,&quot;12&quot;:0,&quot;14&quot;:{&quot;1&quot;:2,&quot;2&quot;:6645869},&quot;15&quot;:&quot;Arial&quot;,&quot;16&quot;:11}\">Limpia e hidrata tu piel sin dejar residuos que puedan obstruir tus poros, limpia sin irritaci\u00f3n. Ayuda a mantener el equilibrio natural de pH de la piel. Recomendado dermatol\u00f3gicamente para pieles secas, sensibles &#8211; normal. Sin fragancia, hipoalerg\u00e9nico y libre de jab\u00f3n.<\/span><\/p>\n","protected":false},"excerpt":{"rendered":"<p>Limpia e hidrata tu piel sin dejar residuos que puedan obstruir tus poros, limpia sin irritaci\u00f3n. Ayuda a mantener el equilibrio natural de pH de la piel. Recomendado dermatol\u00f3gicamente para pieles secas, sensibles &#8211; normal. Sin fragancia, hipoalerg\u00e9nico y libre de jab\u00f3n.<\/p>\n","protected":false},"featured_media":439,"template":"","meta":{"_et_pb_use_builder":"","_et_pb_old_content":"","_et_gb_content_width":""},"product_brand":[],"product_cat":[16,20],"product_tag":[],"class_list":{"0":"post-16","1":"product","2":"type-product","3":"status-publish","4":"has-post-thumbnail","6":"product_cat-cuidado-de-la-piel","7":"product_cat-limpiadores-y-desmaquillantes","9":"first","10":"instock","11":"sale","12":"taxable","13":"shipping-taxable","14":"purchasable","15":"product-type-simple"},"_links":{"self":[{"href":"https:\/\/zoeandzoe.com\/col\/wp-json\/wp\/v2\/product\/16","targetHints":{"allow":["GET"]}}],"collection":[{"href":"https:\/\/zoeandzoe.com\/col\/wp-json\/wp\/v2\/product"}],"about":[{"href":"https:\/\/zoeandzoe.com\/col\/wp-json\/wp\/v2\/types\/product"}],"wp:featuredmedia":[{"embeddable":true,"href":"https:\/\/zoeandzoe.com\/col\/wp-json\/wp\/v2\/media\/439"}],"wp:attachment":[{"href":"https:\/\/zoeandzoe.com\/col\/wp-json\/wp\/v2\/media?parent=16"}],"wp:term":[{"taxonomy":"product_brand","embeddable":true,"href":"https:\/\/zoeandzoe.com\/col\/wp-json\/wp\/v2\/product_brand?post=16"},{"taxonomy":"product_cat","embeddable":true,"href":"https:\/\/zoeandzoe.com\/col\/wp-json\/wp\/v2\/product_cat?post=16"},{"taxonomy":"product_tag","embeddable":true,"href":"https:\/\/zoeandzoe.com\/col\/wp-json\/wp\/v2\/product_tag?post=16"}],"curies":[{"name":"wp","href":"https:\/\/api.w.org\/{rel}","templated":true}]}}