{"id":157,"date":"2020-09-30T11:43:39","date_gmt":"2020-09-30T16:43:39","guid":{"rendered":"https:\/\/zoeandzoe.com\/col\/?post_type=product&#038;p=157"},"modified":"2022-08-05T22:00:31","modified_gmt":"2022-08-06T03:00:31","slug":"pomada-anastasia-beverly-hills-dipbrow-pomade-waterproof","status":"publish","type":"product","link":"https:\/\/zoeandzoe.com\/col\/producto\/pomada-anastasia-beverly-hills-dipbrow-pomade-waterproof\/","title":{"rendered":"Pomada Anastasia Beverly Hills Dipbrow"},"content":{"rendered":"<p><span data-sheets-value=\"{&quot;1&quot;:2,&quot;2&quot;:&quot;Una pomada best-seller a prueba de agua para las rellenar y detallar las cejas. Su f\u00f3rmula es de larga duraci\u00f3n y se aplica suavemente en la piel y en los pelos. Tiene un terminado matte que no se corre y es altamente pigmentado. Se seca y fija r\u00e1pidamente para cejas perfectas y definidas que duran todo el d\u00eda. Permite lograr desde un look perfectamente natural hasta uno de cejas dram\u00e1ticas.&quot;}\" data-sheets-userformat=\"{&quot;2&quot;:15105,&quot;3&quot;:{&quot;1&quot;:0},&quot;11&quot;:4,&quot;12&quot;:0,&quot;14&quot;:{&quot;1&quot;:2,&quot;2&quot;:2301728},&quot;15&quot;:&quot;Arial&quot;,&quot;16&quot;:11}\">Pomada best-seller a prueba de agua para rellenar y detallar las cejas. Su f\u00f3rmula es de larga duraci\u00f3n y se aplica suavemente en la piel y en los pelos. Tiene un terminado matte que no se corre y es altamente pigmentado. Se seca y fija r\u00e1pidamente para cejas perfectas y definidas que duran todo el d\u00eda. Permite lograr desde un look perfectamente natural hasta uno de cejas dram\u00e1ticas.<\/span><\/p>\n","protected":false},"excerpt":{"rendered":"<p>Pomada best-seller a prueba de agua para rellenar y detallar las cejas. Su f\u00f3rmula es de larga duraci\u00f3n y se aplica suavemente en la piel y en los pelos. Tiene un terminado matte que no se corre y es altamente pigmentado. Se seca y fija r\u00e1pidamente para cejas perfectas y definidas que duran todo el [&hellip;]<\/p>\n","protected":false},"featured_media":710,"template":"","meta":{"_et_pb_use_builder":"","_et_pb_old_content":"","_et_gb_content_width":""},"product_brand":[],"product_cat":[19,30],"product_tag":[],"class_list":{"0":"post-157","1":"product","2":"type-product","3":"status-publish","4":"has-post-thumbnail","6":"product_cat-maquillaje","7":"product_cat-cejas","9":"first","10":"instock","11":"taxable","12":"shipping-taxable","13":"purchasable","14":"product-type-variable"},"_links":{"self":[{"href":"https:\/\/zoeandzoe.com\/col\/wp-json\/wp\/v2\/product\/157","targetHints":{"allow":["GET"]}}],"collection":[{"href":"https:\/\/zoeandzoe.com\/col\/wp-json\/wp\/v2\/product"}],"about":[{"href":"https:\/\/zoeandzoe.com\/col\/wp-json\/wp\/v2\/types\/product"}],"wp:featuredmedia":[{"embeddable":true,"href":"https:\/\/zoeandzoe.com\/col\/wp-json\/wp\/v2\/media\/710"}],"wp:attachment":[{"href":"https:\/\/zoeandzoe.com\/col\/wp-json\/wp\/v2\/media?parent=157"}],"wp:term":[{"taxonomy":"product_brand","embeddable":true,"href":"https:\/\/zoeandzoe.com\/col\/wp-json\/wp\/v2\/product_brand?post=157"},{"taxonomy":"product_cat","embeddable":true,"href":"https:\/\/zoeandzoe.com\/col\/wp-json\/wp\/v2\/product_cat?post=157"},{"taxonomy":"product_tag","embeddable":true,"href":"https:\/\/zoeandzoe.com\/col\/wp-json\/wp\/v2\/product_tag?post=157"}],"curies":[{"name":"wp","href":"https:\/\/api.w.org\/{rel}","templated":true}]}}