{"id":155,"date":"2020-09-30T11:29:18","date_gmt":"2020-09-30T16:29:18","guid":{"rendered":"https:\/\/zoeandzoe.com\/col\/?post_type=product&#038;p=155"},"modified":"2023-06-11T00:22:35","modified_gmt":"2023-06-11T05:22:35","slug":"calcium-citrate-magnesium-and-zinc-with-vitamin-d3-x-500-tabletas","status":"publish","type":"product","link":"https:\/\/zoeandzoe.com\/col\/producto\/calcium-citrate-magnesium-and-zinc-with-vitamin-d3-x-500-tabletas\/","title":{"rendered":"Calcium Citrate Magnesium and Zinc with Vitamin D3 x 500 Tabletas"},"content":{"rendered":"<p><span data-sheets-value=\"{&quot;1&quot;:2,&quot;2&quot;:&quot;Es un poderoso complemento alimenticio para adultos compuesto de carbonato de magnesio y acido citrico que se comercializa como suplemento para poder reforzar asi como proteger los huesos asi como la funcion muscular del organismo.&quot;}\" data-sheets-userformat=\"{&quot;2&quot;:769,&quot;3&quot;:{&quot;1&quot;:0},&quot;11&quot;:4,&quot;12&quot;:0}\">Es un poderoso complemento alimenticio para adultos compuesto de carbonato de magnesio y \u00e1cido c\u00edtrico que se comercializa como suplemento para poder reforzar as\u00ed como proteger los huesos y la funci\u00f3n muscular del organismo.<\/span><\/p>\n","protected":false},"excerpt":{"rendered":"<p>Es un poderoso complemento alimenticio para adultos compuesto de carbonato de magnesio y \u00e1cido c\u00edtrico que se comercializa como suplemento para poder reforzar as\u00ed como proteger los huesos y la funci\u00f3n muscular del organismo.<\/p>\n","protected":false},"featured_media":707,"template":"","meta":{"_et_pb_use_builder":"","_et_pb_old_content":"","_et_gb_content_width":""},"product_brand":[],"product_cat":[60,18,29],"product_tag":[],"class_list":{"0":"post-155","1":"product","2":"type-product","3":"status-publish","4":"has-post-thumbnail","6":"product_cat-cuidados","7":"product_cat-cuidado-corporal","8":"product_cat-vitaminas-y-suplementos","10":"first","11":"instock","12":"taxable","13":"shipping-taxable","14":"purchasable","15":"product-type-simple"},"_links":{"self":[{"href":"https:\/\/zoeandzoe.com\/col\/wp-json\/wp\/v2\/product\/155","targetHints":{"allow":["GET"]}}],"collection":[{"href":"https:\/\/zoeandzoe.com\/col\/wp-json\/wp\/v2\/product"}],"about":[{"href":"https:\/\/zoeandzoe.com\/col\/wp-json\/wp\/v2\/types\/product"}],"wp:featuredmedia":[{"embeddable":true,"href":"https:\/\/zoeandzoe.com\/col\/wp-json\/wp\/v2\/media\/707"}],"wp:attachment":[{"href":"https:\/\/zoeandzoe.com\/col\/wp-json\/wp\/v2\/media?parent=155"}],"wp:term":[{"taxonomy":"product_brand","embeddable":true,"href":"https:\/\/zoeandzoe.com\/col\/wp-json\/wp\/v2\/product_brand?post=155"},{"taxonomy":"product_cat","embeddable":true,"href":"https:\/\/zoeandzoe.com\/col\/wp-json\/wp\/v2\/product_cat?post=155"},{"taxonomy":"product_tag","embeddable":true,"href":"https:\/\/zoeandzoe.com\/col\/wp-json\/wp\/v2\/product_tag?post=155"}],"curies":[{"name":"wp","href":"https:\/\/api.w.org\/{rel}","templated":true}]}}