{"id":15,"date":"2020-09-28T18:02:42","date_gmt":"2020-09-28T23:02:42","guid":{"rendered":"https:\/\/zoeandzoe.com\/col\/?post_type=product&#038;p=15"},"modified":"2022-08-05T22:44:02","modified_gmt":"2022-08-06T03:44:02","slug":"agua-micelar-bioderma-sebium-h2o-x-500-ml","status":"publish","type":"product","link":"https:\/\/zoeandzoe.com\/col\/producto\/agua-micelar-bioderma-sebium-h2o-x-500-ml\/","title":{"rendered":"Agua Micelar Bioderma Sebium H2O x 500 ml"},"content":{"rendered":"<p><span data-sheets-value=\"{&quot;1&quot;:2,&quot;2&quot;:&quot;Limpia,desmaquilla y purifica en profundidad en un solo paso. Este producto est\u00e1 compuesto por micelas, que atraen la suciedad, el maquillaje o las impurezas para aportar una limpieza profunda sin da\u00f1ar la funci\u00f3n barrera de la piel. Recomendado dermatologicamente para piel mixta grasa y acneica.&quot;}\" data-sheets-userformat=\"{&quot;2&quot;:15105,&quot;3&quot;:{&quot;1&quot;:0},&quot;11&quot;:4,&quot;12&quot;:0,&quot;14&quot;:{&quot;1&quot;:2,&quot;2&quot;:6645869},&quot;15&quot;:&quot;Arial&quot;,&quot;16&quot;:11}\">Limpia, desmaquilla y purifica en profundidad en un solo paso. Este producto est\u00e1 compuesto por micelas, que atraen la suciedad, el maquillaje o las impurezas para aportar una limpieza profunda sin da\u00f1ar la funci\u00f3n barrera de la piel. Recomendado dermatologicamente para piel mixta, grasa y acneica.<\/span><\/p>\n","protected":false},"excerpt":{"rendered":"<p>Limpia, desmaquilla y purifica en profundidad en un solo paso. Este producto est\u00e1 compuesto por micelas, que atraen la suciedad, el maquillaje o las impurezas para aportar una limpieza profunda sin da\u00f1ar la funci\u00f3n barrera de la piel. Recomendado dermatologicamente para piel mixta, grasa y acneica.<\/p>\n","protected":false},"featured_media":438,"template":"","meta":{"_et_pb_use_builder":"","_et_pb_old_content":"","_et_gb_content_width":""},"product_brand":[],"product_cat":[16,20],"product_tag":[],"class_list":{"0":"post-15","1":"product","2":"type-product","3":"status-publish","4":"has-post-thumbnail","6":"product_cat-cuidado-de-la-piel","7":"product_cat-limpiadores-y-desmaquillantes","9":"first","10":"outofstock","11":"taxable","12":"shipping-taxable","13":"purchasable","14":"product-type-simple"},"_links":{"self":[{"href":"https:\/\/zoeandzoe.com\/col\/wp-json\/wp\/v2\/product\/15","targetHints":{"allow":["GET"]}}],"collection":[{"href":"https:\/\/zoeandzoe.com\/col\/wp-json\/wp\/v2\/product"}],"about":[{"href":"https:\/\/zoeandzoe.com\/col\/wp-json\/wp\/v2\/types\/product"}],"wp:featuredmedia":[{"embeddable":true,"href":"https:\/\/zoeandzoe.com\/col\/wp-json\/wp\/v2\/media\/438"}],"wp:attachment":[{"href":"https:\/\/zoeandzoe.com\/col\/wp-json\/wp\/v2\/media?parent=15"}],"wp:term":[{"taxonomy":"product_brand","embeddable":true,"href":"https:\/\/zoeandzoe.com\/col\/wp-json\/wp\/v2\/product_brand?post=15"},{"taxonomy":"product_cat","embeddable":true,"href":"https:\/\/zoeandzoe.com\/col\/wp-json\/wp\/v2\/product_cat?post=15"},{"taxonomy":"product_tag","embeddable":true,"href":"https:\/\/zoeandzoe.com\/col\/wp-json\/wp\/v2\/product_tag?post=15"}],"curies":[{"name":"wp","href":"https:\/\/api.w.org\/{rel}","templated":true}]}}