{"id":141,"date":"2020-09-30T11:02:07","date_gmt":"2020-09-30T16:02:07","guid":{"rendered":"https:\/\/zoeandzoe.com\/col\/?post_type=product&#038;p=141"},"modified":"2023-06-11T00:23:33","modified_gmt":"2023-06-11T05:23:33","slug":"vitamina-e-x-500-capsulas-kirkland","status":"publish","type":"product","link":"https:\/\/zoeandzoe.com\/col\/producto\/vitamina-e-x-500-capsulas-kirkland\/","title":{"rendered":"Vitamina E x 500 Capsulas Kirkland"},"content":{"rendered":"<p><span data-sheets-value=\"{&quot;1&quot;:2,&quot;2&quot;:&quot;Funciona principalmente como antioxidante, lo que significa que ayuda a proteger las c\u00e9lulas del da\u00f1o causado por los radicales libres.Ayuda a proteger la vista. Vital para el funcionamiento del sistema inmunol\u00f3gico. Como un poderoso antioxidante, ayuda a las c\u00e9lulas a combatir las infecciones. Por otra parte, juega un papel importante en la producci\u00f3n de sustancias similares a las hormonas llamadas prostaglandinas, que son responsables de regular una variedad de procesos corporales.Recomendado en casos de quistes en los ovarios, contractura muscular, presi\u00f3n arterial y otras! .&quot;}\" data-sheets-userformat=\"{&quot;2&quot;:769,&quot;3&quot;:{&quot;1&quot;:0},&quot;11&quot;:4,&quot;12&quot;:0}\">Funciona principalmente como antioxidante, lo que significa que ayuda a proteger las c\u00e9lulas del da\u00f1o causado por los radicales libres. Ayuda a proteger la vista. Vital para el funcionamiento del sistema inmunol\u00f3gico. Como un poderoso antioxidante, ayuda a las c\u00e9lulas a combatir las infecciones. Por otra parte, juega un papel importante en la producci\u00f3n de sustancias similares a las hormonas llamadas prostaglandinas, que son responsables de regular una variedad de procesos corporales. Recomendado en casos de quistes en los ovarios, contractura muscular, presi\u00f3n arterial y otras!<\/span><\/p>\n","protected":false},"excerpt":{"rendered":"<p>Funciona principalmente como antioxidante, lo que significa que ayuda a proteger las c\u00e9lulas del da\u00f1o causado por los radicales libres. Ayuda a proteger la vista. Vital para el funcionamiento del sistema inmunol\u00f3gico. Como un poderoso antioxidante, ayuda a las c\u00e9lulas a combatir las infecciones. Por otra parte, juega un papel importante en la producci\u00f3n de [&hellip;]<\/p>\n","protected":false},"featured_media":629,"template":"","meta":{"_et_pb_use_builder":"","_et_pb_old_content":"","_et_gb_content_width":""},"product_brand":[],"product_cat":[60,18,29],"product_tag":[],"class_list":{"0":"post-141","1":"product","2":"type-product","3":"status-publish","4":"has-post-thumbnail","6":"product_cat-cuidados","7":"product_cat-cuidado-corporal","8":"product_cat-vitaminas-y-suplementos","10":"first","11":"outofstock","12":"taxable","13":"shipping-taxable","14":"purchasable","15":"product-type-simple"},"_links":{"self":[{"href":"https:\/\/zoeandzoe.com\/col\/wp-json\/wp\/v2\/product\/141","targetHints":{"allow":["GET"]}}],"collection":[{"href":"https:\/\/zoeandzoe.com\/col\/wp-json\/wp\/v2\/product"}],"about":[{"href":"https:\/\/zoeandzoe.com\/col\/wp-json\/wp\/v2\/types\/product"}],"wp:featuredmedia":[{"embeddable":true,"href":"https:\/\/zoeandzoe.com\/col\/wp-json\/wp\/v2\/media\/629"}],"wp:attachment":[{"href":"https:\/\/zoeandzoe.com\/col\/wp-json\/wp\/v2\/media?parent=141"}],"wp:term":[{"taxonomy":"product_brand","embeddable":true,"href":"https:\/\/zoeandzoe.com\/col\/wp-json\/wp\/v2\/product_brand?post=141"},{"taxonomy":"product_cat","embeddable":true,"href":"https:\/\/zoeandzoe.com\/col\/wp-json\/wp\/v2\/product_cat?post=141"},{"taxonomy":"product_tag","embeddable":true,"href":"https:\/\/zoeandzoe.com\/col\/wp-json\/wp\/v2\/product_tag?post=141"}],"curies":[{"name":"wp","href":"https:\/\/api.w.org\/{rel}","templated":true}]}}