{"id":1115,"date":"2020-10-23T14:49:29","date_gmt":"2020-10-23T19:49:29","guid":{"rendered":"https:\/\/zoeandzoe.com\/col\/?post_type=product&#038;p=1115"},"modified":"2022-07-19T18:40:48","modified_gmt":"2022-07-19T23:40:48","slug":"pegante-duo-azul","status":"publish","type":"product","link":"https:\/\/zoeandzoe.com\/col\/producto\/pegante-duo-azul\/","title":{"rendered":"Pegante DUO Azul"},"content":{"rendered":"<p>Este pegamento para pesta\u00f1as es perfecto para consumidores que desean extender la longevidad de sus extensiones de pesta\u00f1as. Se adherir\u00e1 a la propiedad de pegajosidad e impermeabilidad de DUO, ya que mantiene las pesta\u00f1as de forma segura en su lugar, lo que lo convierte en uno de los adhesivos para pesta\u00f1as m\u00e1s vendidos. Los expertos y amantes de las pesta\u00f1as han hecho de DUO Strip Clear Lash Adhesive un art\u00edculo muy conocido. Su pegamento para pesta\u00f1as de alto rendimiento crea una fortaleza invisible y se desliza sin esfuerzo. Secado rapido e invisible.<\/p>\n","protected":false},"excerpt":{"rendered":"<p>Este pegamento para pesta\u00f1as es perfecto para consumidores que desean extender la longevidad de sus extensiones de pesta\u00f1as. Se adherir\u00e1 a la propiedad de pegajosidad e impermeabilidad de DUO, ya que mantiene las pesta\u00f1as de forma segura en su lugar, lo que lo convierte en uno de los adhesivos para pesta\u00f1as m\u00e1s vendidos. Los expertos [&hellip;]<\/p>\n","protected":false},"featured_media":780,"template":"","meta":{"_et_pb_use_builder":"on","_et_pb_old_content":"Este pegamento para pesta\u00f1as es perfecto para consumidores que desean extender la longevidad de sus extensiones de pesta\u00f1as. Se adherir\u00e1 a la propiedad de pegajosidad e impermeabilidad de DUO, ya que mantiene las pesta\u00f1as de forma segura en su lugar, lo que lo convierte en uno de los adhesivos para pesta\u00f1as m\u00e1s vendidos. Los expertos y amantes de las pesta\u00f1as han hecho de DUO Strip Clear Lash Adhesive un art\u00edculo muy conocido. Su pegamento para pesta\u00f1as de alto rendimiento crea una fortaleza invisible y se desliza sin esfuerzo. Secado rapido e invisible.","_et_gb_content_width":""},"product_brand":[],"product_cat":[19,31,55,38],"product_tag":[],"class_list":{"0":"post-1115","1":"product","2":"type-product","3":"status-publish","4":"has-post-thumbnail","6":"product_cat-maquillaje","7":"product_cat-ojos","8":"product_cat-pestanas","9":"product_cat-pegantes","11":"first","12":"instock","13":"taxable","14":"shipping-taxable","15":"purchasable","16":"product-type-simple"},"_links":{"self":[{"href":"https:\/\/zoeandzoe.com\/col\/wp-json\/wp\/v2\/product\/1115","targetHints":{"allow":["GET"]}}],"collection":[{"href":"https:\/\/zoeandzoe.com\/col\/wp-json\/wp\/v2\/product"}],"about":[{"href":"https:\/\/zoeandzoe.com\/col\/wp-json\/wp\/v2\/types\/product"}],"wp:featuredmedia":[{"embeddable":true,"href":"https:\/\/zoeandzoe.com\/col\/wp-json\/wp\/v2\/media\/780"}],"wp:attachment":[{"href":"https:\/\/zoeandzoe.com\/col\/wp-json\/wp\/v2\/media?parent=1115"}],"wp:term":[{"taxonomy":"product_brand","embeddable":true,"href":"https:\/\/zoeandzoe.com\/col\/wp-json\/wp\/v2\/product_brand?post=1115"},{"taxonomy":"product_cat","embeddable":true,"href":"https:\/\/zoeandzoe.com\/col\/wp-json\/wp\/v2\/product_cat?post=1115"},{"taxonomy":"product_tag","embeddable":true,"href":"https:\/\/zoeandzoe.com\/col\/wp-json\/wp\/v2\/product_tag?post=1115"}],"curies":[{"name":"wp","href":"https:\/\/api.w.org\/{rel}","templated":true}]}}