{"id":109,"date":"2020-09-29T23:24:59","date_gmt":"2020-09-30T04:24:59","guid":{"rendered":"https:\/\/zoeandzoe.com\/col\/?post_type=product&#038;p=109"},"modified":"2023-06-11T00:24:00","modified_gmt":"2023-06-11T05:24:00","slug":"eucerin-baby-eczema-relief-57-gr","status":"publish","type":"product","link":"https:\/\/zoeandzoe.com\/col\/producto\/eucerin-baby-eczema-relief-57-gr\/","title":{"rendered":"Eucerin Baby Eczema Relief Tratamiento"},"content":{"rendered":"<p><span data-sheets-value=\"{&quot;1&quot;:2,&quot;2&quot;:&quot;El tratamiento Eucerin Baby Eczema Relief Flare-Up Treatment proporciona un alivio inmediato de la picaz\u00f3n de la irritaci\u00f3n leve y la sequedad debida a los brotes de eccema. Esta f\u00f3rmula rica y relajante est\u00e1 enriquecida con avena coloidal (un protector de la piel), ceramida-3 y extracto de ra\u00edz de regaliz para calmar irritaciones menores y ayudar a fortalecer la barrera protectora de humedad de la piel. El tratamiento calma y alivia instant\u00e1neamente la piel con un efecto refrescante \u00fanico. Eczema Relief Flare-Up es apropiado para su uso en beb\u00e9s y no contiene esteroides, fragancias ni colorantes.Recomendado Para el mantenimiento diario de los s\u00edntomas del eccema dermatitis seborreica.&quot;}\" data-sheets-userformat=\"{&quot;2&quot;:769,&quot;3&quot;:{&quot;1&quot;:0},&quot;11&quot;:4,&quot;12&quot;:0}\">El tratamiento Eucerin Baby Eczema Relief Flare-Up Treatment proporciona un alivio inmediato de la picaz\u00f3n de la irritaci\u00f3n leve y la sequedad debida a los brotes de eccema. Esta f\u00f3rmula rica y relajante est\u00e1 enriquecida con avena coloidal (un protector de la piel), ceramida-3 y extracto de ra\u00edz de regaliz para calmar irritaciones menores y ayudar a fortalecer la barrera protectora de humedad de la piel. El tratamiento calma y alivia instant\u00e1neamente la piel con un efecto refrescante \u00fanico. Eczema Relief Flare-Up es apropiado para su uso en beb\u00e9s y no contiene esteroides, fragancias ni colorantes. Recomendado para el mantenimiento diario de los s\u00edntomas del eccema dermatitis seborreica.<\/span><\/p>\n","protected":false},"excerpt":{"rendered":"<p>El tratamiento Eucerin Baby Eczema Relief Flare-Up Treatment proporciona un alivio inmediato de la picaz\u00f3n de la irritaci\u00f3n leve y la sequedad debida a los brotes de eccema. Esta f\u00f3rmula rica y relajante est\u00e1 enriquecida con avena coloidal (un protector de la piel), ceramida-3 y extracto de ra\u00edz de regaliz para calmar irritaciones menores y [&hellip;]<\/p>\n","protected":false},"featured_media":624,"template":"","meta":{"_et_pb_use_builder":"","_et_pb_old_content":"","_et_gb_content_width":""},"product_brand":[],"product_cat":[61,28,63],"product_tag":[],"class_list":{"0":"post-109","1":"product","2":"type-product","3":"status-publish","4":"has-post-thumbnail","6":"product_cat-mamitas","7":"product_cat-bebe","8":"product_cat-cuidados-bebe","10":"first","11":"instock","12":"taxable","13":"shipping-taxable","14":"purchasable","15":"product-type-simple"},"_links":{"self":[{"href":"https:\/\/zoeandzoe.com\/col\/wp-json\/wp\/v2\/product\/109","targetHints":{"allow":["GET"]}}],"collection":[{"href":"https:\/\/zoeandzoe.com\/col\/wp-json\/wp\/v2\/product"}],"about":[{"href":"https:\/\/zoeandzoe.com\/col\/wp-json\/wp\/v2\/types\/product"}],"wp:featuredmedia":[{"embeddable":true,"href":"https:\/\/zoeandzoe.com\/col\/wp-json\/wp\/v2\/media\/624"}],"wp:attachment":[{"href":"https:\/\/zoeandzoe.com\/col\/wp-json\/wp\/v2\/media?parent=109"}],"wp:term":[{"taxonomy":"product_brand","embeddable":true,"href":"https:\/\/zoeandzoe.com\/col\/wp-json\/wp\/v2\/product_brand?post=109"},{"taxonomy":"product_cat","embeddable":true,"href":"https:\/\/zoeandzoe.com\/col\/wp-json\/wp\/v2\/product_cat?post=109"},{"taxonomy":"product_tag","embeddable":true,"href":"https:\/\/zoeandzoe.com\/col\/wp-json\/wp\/v2\/product_tag?post=109"}],"curies":[{"name":"wp","href":"https:\/\/api.w.org\/{rel}","templated":true}]}}