{"id":107,"date":"2020-09-29T23:16:21","date_gmt":"2020-09-30T04:16:21","guid":{"rendered":"https:\/\/zoeandzoe.com\/col\/?post_type=product&#038;p=107"},"modified":"2022-08-05T21:52:19","modified_gmt":"2022-08-06T02:52:19","slug":"aceite-calmante-de-mantequilla-de-cacao-para-piel-seca-y-con-picor-x-150-ml","status":"publish","type":"product","link":"https:\/\/zoeandzoe.com\/col\/producto\/aceite-calmante-de-mantequilla-de-cacao-para-piel-seca-y-con-picor-x-150-ml\/","title":{"rendered":"Aceite Calmante de Mantequilla de Cacao para Piel Seca y con Picor Palmer&#8217;s x 150 ml"},"content":{"rendered":"<p><span data-sheets-value=\"{&quot;1&quot;:2,&quot;2&quot;:&quot;Tratamiento para piel seca y picante: este aceite calmante est\u00e1 formulado de forma \u00fanica para calmar, hidratar y suavizar la piel seca y picante asociada con el embarazo. Viene en una pr\u00e1ctica botella de pulverizaci\u00f3n de bomba para un uso f\u00e1cil.F\u00f3rmula especial: este aceite dermatol\u00f3gicamente probado est\u00e1 hecho con una combinaci\u00f3n de manteca de cacao, vitamina E, col\u00e1geno, lecitina y elastina para calmar y suavizar la piel mientras mantiene la elasticidad y firmeza de la piel.&quot;}\" data-sheets-userformat=\"{&quot;2&quot;:769,&quot;3&quot;:{&quot;1&quot;:0},&quot;11&quot;:4,&quot;12&quot;:0}\">Tratamiento para piel seca y picante: este aceite calmante est\u00e1 formulado de forma \u00fanica para calmar, hidratar y suavizar la piel seca y picante asociada con el embarazo. Viene en una pr\u00e1ctica botella de pulverizaci\u00f3n de bomba para un uso f\u00e1cil. F\u00f3rmula especial: este aceite dermatol\u00f3gicamente probado est\u00e1 hecho con una combinaci\u00f3n de manteca de cacao, vitamina E, col\u00e1geno, lecitina y elastina para calmar y suavizar la piel mientras mantiene la elasticidad y firmeza de la piel.<\/span><\/p>\n","protected":false},"excerpt":{"rendered":"<p>Tratamiento para piel seca y picante: este aceite calmante est\u00e1 formulado de forma \u00fanica para calmar, hidratar y suavizar la piel seca y picante asociada con el embarazo. Viene en una pr\u00e1ctica botella de pulverizaci\u00f3n de bomba para un uso f\u00e1cil. F\u00f3rmula especial: este aceite dermatol\u00f3gicamente probado est\u00e1 hecho con una combinaci\u00f3n de manteca de [&hellip;]<\/p>\n","protected":false},"featured_media":621,"template":"","meta":{"_et_pb_use_builder":"","_et_pb_old_content":"","_et_gb_content_width":""},"product_brand":[],"product_cat":[61,62,27],"product_tag":[],"class_list":{"0":"post-107","1":"product","2":"type-product","3":"status-publish","4":"has-post-thumbnail","6":"product_cat-mamitas","7":"product_cat-mama","8":"product_cat-embarazo","10":"first","11":"outofstock","12":"taxable","13":"shipping-taxable","14":"purchasable","15":"product-type-simple"},"_links":{"self":[{"href":"https:\/\/zoeandzoe.com\/col\/wp-json\/wp\/v2\/product\/107","targetHints":{"allow":["GET"]}}],"collection":[{"href":"https:\/\/zoeandzoe.com\/col\/wp-json\/wp\/v2\/product"}],"about":[{"href":"https:\/\/zoeandzoe.com\/col\/wp-json\/wp\/v2\/types\/product"}],"wp:featuredmedia":[{"embeddable":true,"href":"https:\/\/zoeandzoe.com\/col\/wp-json\/wp\/v2\/media\/621"}],"wp:attachment":[{"href":"https:\/\/zoeandzoe.com\/col\/wp-json\/wp\/v2\/media?parent=107"}],"wp:term":[{"taxonomy":"product_brand","embeddable":true,"href":"https:\/\/zoeandzoe.com\/col\/wp-json\/wp\/v2\/product_brand?post=107"},{"taxonomy":"product_cat","embeddable":true,"href":"https:\/\/zoeandzoe.com\/col\/wp-json\/wp\/v2\/product_cat?post=107"},{"taxonomy":"product_tag","embeddable":true,"href":"https:\/\/zoeandzoe.com\/col\/wp-json\/wp\/v2\/product_tag?post=107"}],"curies":[{"name":"wp","href":"https:\/\/api.w.org\/{rel}","templated":true}]}}