{"id":106,"date":"2020-09-29T23:12:20","date_gmt":"2020-09-30T04:12:20","guid":{"rendered":"https:\/\/zoeandzoe.com\/col\/?post_type=product&#038;p=106"},"modified":"2022-08-05T21:53:06","modified_gmt":"2022-08-06T02:53:06","slug":"balsamo-de-mantequilla-de-cacao-palmers-para-estrias-y-cuidado-de-la-piel-durante-el-embarazo-x-125-gr","status":"publish","type":"product","link":"https:\/\/zoeandzoe.com\/col\/producto\/balsamo-de-mantequilla-de-cacao-palmers-para-estrias-y-cuidado-de-la-piel-durante-el-embarazo-x-125-gr\/","title":{"rendered":"B\u00e1lsamo de Mantequilla de Cacao Palmers para Estr\u00edas y Cuidado de la Piel Durante el Embarazo Palmer&#8217;s x 125 gr"},"content":{"rendered":"<p><span data-sheets-value=\"{&quot;1&quot;:2,&quot;2&quot;:&quot;Balsamo de mantequilla de cacao para estrias y cuidado de la piel durante el embarazo. Es un trtamiento intensivo para las estrias que ayuda a mejorar visiblemente la elastisidad de la piel y reducir la apariencia de las estrias. Manteca de cacao pura y manteca de karite, aceites naturales, colageno, elastina y luteina mantienen la piel hidratada y flexible permitiendo que la piel se estire mas facilmente. Rico concentrado en crema para zonas propensas a estr\u00edas como barriga, caderas, muslos y nalgas. recomendado para antes, durante y despues del embarazo. Dermatologicamente recomendado, es hipoalergenico, sin parabenos, sin alergenos aromaticos y colorantes.&quot;}\" data-sheets-userformat=\"{&quot;2&quot;:769,&quot;3&quot;:{&quot;1&quot;:0},&quot;11&quot;:4,&quot;12&quot;:0}\">B\u00e1lsamo de mantequilla de cacao para est\u00edias y cuidado de la piel durante el embarazo. Es un tratamiento intensivo para las estr\u00edas que ayuda a mejorar visiblemente la elastisidad de la piel y reducir la apariencia de las estr\u00edas. Manteca de cacao pura y manteca de karit\u00e9, aceites naturales, col\u00e1geno, elastina y luteina mantienen la piel hidratada y flexible permitiendo que la piel se estire m\u00e1s f\u00e1cilmente. Rico concentrado en crema para zonas propensas a estr\u00edas como barriga, caderas, muslos y nalgas. Recomendado para antes, durante y despu\u00e9s del embarazo. Dermatologicamente recomendado, es hipoalerg\u00e9nico, sin parabenos, sin alergenos arom\u00e1ticos y colorantes.<\/span><\/p>\n","protected":false},"excerpt":{"rendered":"<p>B\u00e1lsamo de mantequilla de cacao para est\u00edias y cuidado de la piel durante el embarazo. Es un tratamiento intensivo para las estr\u00edas que ayuda a mejorar visiblemente la elastisidad de la piel y reducir la apariencia de las estr\u00edas. Manteca de cacao pura y manteca de karit\u00e9, aceites naturales, col\u00e1geno, elastina y luteina mantienen la [&hellip;]<\/p>\n","protected":false},"featured_media":622,"template":"","meta":{"_et_pb_use_builder":"","_et_pb_old_content":"","_et_gb_content_width":""},"product_brand":[],"product_cat":[61,62,27],"product_tag":[],"class_list":{"0":"post-106","1":"product","2":"type-product","3":"status-publish","4":"has-post-thumbnail","6":"product_cat-mamitas","7":"product_cat-mama","8":"product_cat-embarazo","10":"first","11":"outofstock","12":"taxable","13":"shipping-taxable","14":"purchasable","15":"product-type-simple"},"_links":{"self":[{"href":"https:\/\/zoeandzoe.com\/col\/wp-json\/wp\/v2\/product\/106","targetHints":{"allow":["GET"]}}],"collection":[{"href":"https:\/\/zoeandzoe.com\/col\/wp-json\/wp\/v2\/product"}],"about":[{"href":"https:\/\/zoeandzoe.com\/col\/wp-json\/wp\/v2\/types\/product"}],"wp:featuredmedia":[{"embeddable":true,"href":"https:\/\/zoeandzoe.com\/col\/wp-json\/wp\/v2\/media\/622"}],"wp:attachment":[{"href":"https:\/\/zoeandzoe.com\/col\/wp-json\/wp\/v2\/media?parent=106"}],"wp:term":[{"taxonomy":"product_brand","embeddable":true,"href":"https:\/\/zoeandzoe.com\/col\/wp-json\/wp\/v2\/product_brand?post=106"},{"taxonomy":"product_cat","embeddable":true,"href":"https:\/\/zoeandzoe.com\/col\/wp-json\/wp\/v2\/product_cat?post=106"},{"taxonomy":"product_tag","embeddable":true,"href":"https:\/\/zoeandzoe.com\/col\/wp-json\/wp\/v2\/product_tag?post=106"}],"curies":[{"name":"wp","href":"https:\/\/api.w.org\/{rel}","templated":true}]}}