{"id":105,"date":"2020-09-29T23:09:18","date_gmt":"2020-09-30T04:09:18","guid":{"rendered":"https:\/\/zoeandzoe.com\/col\/?post_type=product&#038;p=105"},"modified":"2022-08-05T22:08:22","modified_gmt":"2022-08-06T03:08:22","slug":"kit-palmers-anti-estrias","status":"publish","type":"product","link":"https:\/\/zoeandzoe.com\/col\/producto\/kit-palmers-anti-estrias\/","title":{"rendered":"Kit Palmer&#8217;s Anti Estr\u00edas"},"content":{"rendered":"<p><span data-sheets-value=\"{&quot;1&quot;:2,&quot;2&quot;:&quot;Kit rico concentrado en crema para zonas propensas a estr\u00edas como barriga, caderas, muslos y nalgas. Alivia la sequedad del estiramiento de la piel. Ayuda a reducir la apariencia de las estr\u00edas. Libre de aceite mineral, parabenos, ftalatos, al\u00e9rgenos y colorantes arom\u00e1ticos. Hipoalerg\u00e9nico, adecuado para pieles sensibles y dermat\u00f3logos.El kit incluye locion x250ml , crema de masajes x 125gr, aceite x60ml , balsamo mantequilla x 125 gr&quot;}\" data-sheets-userformat=\"{&quot;2&quot;:6979,&quot;3&quot;:{&quot;1&quot;:0},&quot;4&quot;:{&quot;1&quot;:2,&quot;2&quot;:16777215},&quot;9&quot;:0,&quot;11&quot;:4,&quot;12&quot;:0,&quot;14&quot;:{&quot;1&quot;:2,&quot;2&quot;:0},&quot;15&quot;:&quot;Arial&quot;}\">Kit rico concentrado en crema para zonas propensas a estr\u00edas como barriga, caderas, muslos y nalgas. Alivia la sequedad del estiramiento de la piel. Ayuda a reducir la apariencia de las estr\u00edas. Libre de aceite mineral, parabenos, ftalatos, al\u00e9rgenos y colorantes arom\u00e1ticos. Hipoalerg\u00e9nico, adecuado para pieles sensibles y dermat\u00f3logos. El kit incluye loci\u00f3n x 250 ml, crema de masajes x 125 gr, aceite x 60 ml y b\u00e1lsamo mantequilla x 125 gr.<\/span><\/p>\n","protected":false},"excerpt":{"rendered":"<p>Kit rico concentrado en crema para zonas propensas a estr\u00edas como barriga, caderas, muslos y nalgas. Alivia la sequedad del estiramiento de la piel. Ayuda a reducir la apariencia de las estr\u00edas. Libre de aceite mineral, parabenos, ftalatos, al\u00e9rgenos y colorantes arom\u00e1ticos. Hipoalerg\u00e9nico, adecuado para pieles sensibles y dermat\u00f3logos. El kit incluye loci\u00f3n x 250 [&hellip;]<\/p>\n","protected":false},"featured_media":618,"template":"","meta":{"_et_pb_use_builder":"","_et_pb_old_content":"","_et_gb_content_width":""},"product_brand":[],"product_cat":[61,62,27],"product_tag":[],"class_list":{"0":"post-105","1":"product","2":"type-product","3":"status-publish","4":"has-post-thumbnail","6":"product_cat-mamitas","7":"product_cat-mama","8":"product_cat-embarazo","10":"first","11":"instock","12":"taxable","13":"shipping-taxable","14":"purchasable","15":"product-type-simple"},"_links":{"self":[{"href":"https:\/\/zoeandzoe.com\/col\/wp-json\/wp\/v2\/product\/105","targetHints":{"allow":["GET"]}}],"collection":[{"href":"https:\/\/zoeandzoe.com\/col\/wp-json\/wp\/v2\/product"}],"about":[{"href":"https:\/\/zoeandzoe.com\/col\/wp-json\/wp\/v2\/types\/product"}],"wp:featuredmedia":[{"embeddable":true,"href":"https:\/\/zoeandzoe.com\/col\/wp-json\/wp\/v2\/media\/618"}],"wp:attachment":[{"href":"https:\/\/zoeandzoe.com\/col\/wp-json\/wp\/v2\/media?parent=105"}],"wp:term":[{"taxonomy":"product_brand","embeddable":true,"href":"https:\/\/zoeandzoe.com\/col\/wp-json\/wp\/v2\/product_brand?post=105"},{"taxonomy":"product_cat","embeddable":true,"href":"https:\/\/zoeandzoe.com\/col\/wp-json\/wp\/v2\/product_cat?post=105"},{"taxonomy":"product_tag","embeddable":true,"href":"https:\/\/zoeandzoe.com\/col\/wp-json\/wp\/v2\/product_tag?post=105"}],"curies":[{"name":"wp","href":"https:\/\/api.w.org\/{rel}","templated":true}]}}