{"id":103,"date":"2020-09-29T23:05:42","date_gmt":"2020-09-30T04:05:42","guid":{"rendered":"https:\/\/zoeandzoe.com\/col\/?post_type=product&#038;p=103"},"modified":"2023-06-11T00:25:15","modified_gmt":"2023-06-11T05:25:15","slug":"locion-palmers-para-estrias-x-190-ml","status":"publish","type":"product","link":"https:\/\/zoeandzoe.com\/col\/producto\/locion-palmers-para-estrias-x-190-ml\/","title":{"rendered":"Loci\u00f3n Palmer&#8217;s para Estr\u00edas x 190 ml"},"content":{"rendered":"<p><span data-sheets-value=\"{&quot;1&quot;:2,&quot;2&quot;:&quot;Rico concentrado en crema para zonas propensas a estr\u00edas como barriga, caderas, muslos y nalgas. Alivia la sequedad del estiramiento de la piel. Ayuda a reducir la apariencia de las estr\u00edas. Libre de aceite mineral, parabenos, ftalatos, al\u00e9rgenos y colorantes arom\u00e1ticos. Hipoalerg\u00e9nico, adecuado para pieles sensibles y dermat\u00f3logos.&quot;}\" data-sheets-userformat=\"{&quot;2&quot;:6979,&quot;3&quot;:{&quot;1&quot;:0},&quot;4&quot;:{&quot;1&quot;:2,&quot;2&quot;:16777215},&quot;9&quot;:0,&quot;11&quot;:4,&quot;12&quot;:0,&quot;14&quot;:{&quot;1&quot;:2,&quot;2&quot;:0},&quot;15&quot;:&quot;Arial&quot;}\">Rico concentrado en crema para zonas propensas a estr\u00edas como barriga, caderas, muslos y nalgas. Alivia la sequedad del estiramiento de la piel. Ayuda a reducir la apariencia de las estr\u00edas. Libre de aceite mineral, parabenos, ftalatos, al\u00e9rgenos y colorantes arom\u00e1ticos. Hipoalerg\u00e9nico, adecuado para pieles sensibles y dermat\u00f3logos.<\/span><\/p>\n","protected":false},"excerpt":{"rendered":"<p>Rico concentrado en crema para zonas propensas a estr\u00edas como barriga, caderas, muslos y nalgas. Alivia la sequedad del estiramiento de la piel. Ayuda a reducir la apariencia de las estr\u00edas. Libre de aceite mineral, parabenos, ftalatos, al\u00e9rgenos y colorantes arom\u00e1ticos. Hipoalerg\u00e9nico, adecuado para pieles sensibles y dermat\u00f3logos.<\/p>\n","protected":false},"featured_media":620,"template":"","meta":{"_et_pb_use_builder":"on","_et_pb_old_content":"<span data-sheets-value=\"{&quot;1&quot;:2,&quot;2&quot;:&quot;Rico concentrado en crema para zonas propensas a estr\u00edas como barriga, caderas, muslos y nalgas. Alivia la sequedad del estiramiento de la piel. Ayuda a reducir la apariencia de las estr\u00edas. Libre de aceite mineral, parabenos, ftalatos, al\u00e9rgenos y colorantes arom\u00e1ticos. Hipoalerg\u00e9nico, adecuado para pieles sensibles y dermat\u00f3logos.&quot;}\" data-sheets-userformat=\"{&quot;2&quot;:6979,&quot;3&quot;:{&quot;1&quot;:0},&quot;4&quot;:{&quot;1&quot;:2,&quot;2&quot;:16777215},&quot;9&quot;:0,&quot;11&quot;:4,&quot;12&quot;:0,&quot;14&quot;:{&quot;1&quot;:2,&quot;2&quot;:0},&quot;15&quot;:&quot;Arial&quot;}\">Rico concentrado en crema para zonas propensas a estr\u00edas como barriga, caderas, muslos y nalgas. Alivia la sequedad del estiramiento de la piel. Ayuda a reducir la apariencia de las estr\u00edas. Libre de aceite mineral, parabenos, ftalatos, al\u00e9rgenos y colorantes arom\u00e1ticos. Hipoalerg\u00e9nico, adecuado para pieles sensibles y dermat\u00f3logos.<\/span>","_et_gb_content_width":""},"product_brand":[],"product_cat":[61,62,27],"product_tag":[],"class_list":{"0":"post-103","1":"product","2":"type-product","3":"status-publish","4":"has-post-thumbnail","6":"product_cat-mamitas","7":"product_cat-mama","8":"product_cat-embarazo","10":"first","11":"instock","12":"sale","13":"taxable","14":"shipping-taxable","15":"purchasable","16":"product-type-simple"},"_links":{"self":[{"href":"https:\/\/zoeandzoe.com\/col\/wp-json\/wp\/v2\/product\/103","targetHints":{"allow":["GET"]}}],"collection":[{"href":"https:\/\/zoeandzoe.com\/col\/wp-json\/wp\/v2\/product"}],"about":[{"href":"https:\/\/zoeandzoe.com\/col\/wp-json\/wp\/v2\/types\/product"}],"wp:featuredmedia":[{"embeddable":true,"href":"https:\/\/zoeandzoe.com\/col\/wp-json\/wp\/v2\/media\/620"}],"wp:attachment":[{"href":"https:\/\/zoeandzoe.com\/col\/wp-json\/wp\/v2\/media?parent=103"}],"wp:term":[{"taxonomy":"product_brand","embeddable":true,"href":"https:\/\/zoeandzoe.com\/col\/wp-json\/wp\/v2\/product_brand?post=103"},{"taxonomy":"product_cat","embeddable":true,"href":"https:\/\/zoeandzoe.com\/col\/wp-json\/wp\/v2\/product_cat?post=103"},{"taxonomy":"product_tag","embeddable":true,"href":"https:\/\/zoeandzoe.com\/col\/wp-json\/wp\/v2\/product_tag?post=103"}],"curies":[{"name":"wp","href":"https:\/\/api.w.org\/{rel}","templated":true}]}}